{"id":111,"date":"2015-04-02T10:25:01","date_gmt":"2015-04-02T10:25:01","guid":{"rendered":"http:\/\/www.chph.hu\/?page_id=111"},"modified":"2017-10-17T15:03:18","modified_gmt":"2017-10-17T13:03:18","slug":"autoklav-csalad","status":"publish","type":"page","link":"http:\/\/www.chph.hu\/?page_id=111","title":{"rendered":"Autokl\u00e1v csal\u00e1d \/CTK-AS63-250\/"},"content":{"rendered":"<p style=\"text-align: center;\"><a href=\"http:\/\/www.chph.hu\/wp-content\/uploads\/2015\/04\/044.jpg\"><img loading=\"lazy\" decoding=\"async\" class=\"aligncenter wp-image-112\" src=\"http:\/\/www.chph.hu\/wp-content\/uploads\/2015\/04\/044.jpg\" alt=\"\" width=\"353\" height=\"470\" \/><\/a>CTK-AS250 Autokl\u00e1v sek\u00e9lydombor\u00fa ed\u00e9nyfen\u00e9kkel<br \/>\n<a href=\"http:\/\/www.chph.hu\/wp-content\/uploads\/2015\/04\/1as63x250.pdf\" target=\"_blank\" rel=\"noopener\"><strong>M\u0171szaki le\u00edr\u00e1s, adatok, m\u00e9retek PDF form\u00e1tumban<\/strong><\/a><\/p>\n<p style=\"text-align: left;\"><em><span style=\"text-decoration: underline;\">Fel\u00e9p\u00edt\u00e9s<\/span><\/em><br \/>\nK\u00e9sz\u00fcl\u00e9keink \u00e1ll\u00f3hengeres, osztott kivitel\u0171, a hengeres k\u00f6penyr\u00e9szen \u00e9s a fen\u00e9ken duplikat\u00far\u00e1val ell\u00e1tott k\u00e9t nyom\u00e1ster\u0171 nyom\u00e1start\u00f3 ed\u00e9nyek (l\u00e1sd M\u0171szaki param\u00e9terek). A f\u0171t\u0151k\u00f6peny lehet duplikat\u00fara, ill. f\u00e9lcs\u00f6ves kialak\u00edt\u00e1s\u00fa. A k\u00e9sz\u00fcl\u00e9kfed\u00e9len ben\u00e9z\u0151\u00fcveggel ell\u00e1tott munkany\u00edl\u00e1s, bevil\u00e1g\u00edt\u00f3 l\u00e1mpa \u00e9s h\u0151m\u00e9r\u0151tokkal ell\u00e1tott hull\u00e1mt\u00f6r\u0151 ker\u00fcl be\u00e9p\u00edt\u00e9sre. A t\u00f6bbi fed\u00e9lcsonk technol\u00f3giai, az ig\u00e9nyeknek megfelel\u0151en haszn\u00e1lhat\u00f3 csatlakoz\u00e1sra. K\u00edv\u00e1ns\u00e1gra a fen\u00e9ken elhelyezett als\u00f3 h\u0151m\u00e9r\u0151vel ill. mintavev\u0151vel sz\u00e1ll\u00edtjuk. A k\u00e9sz\u00fcl\u00e9kek 160-250 lit. m\u00e9rettartom\u00e1nyban sek\u00e9lydombor\u00fa vagy k\u00fapos ed\u00e9nyfen\u00e9kkel (ASK sorozat), ill. oldals\u00f3 munkany\u00edl\u00e1ssal (ASM sorozat) is rendelhet\u0151k. Az al\u00e1t\u00e1maszt\u00e1s m\u00f3dja szerint k\u00e9sz\u00fcl\u00e9kpat\u00e1kkal, vagy l\u00e1bakkal ell\u00e1tott kivitel\u0171 lehet.<\/p>\n<p style=\"text-align: left;\"><span style=\"text-decoration: underline;\"><em>Alkalmaz\u00e1s<\/em><br \/>\n<\/span>A szerkezeti anyagk\u00e9nt felhaszn\u00e1lt korr\u00f3zi\u00f3\u00e1ll\u00f3 ac\u00e9lok a k\u00e9sz\u00fcl\u00e9keket \u00e1ltal\u00e1nos vegyipari, gy\u00f3gyszeripari, fest\u00e9k- \u00e9s m\u0171nyagipari, kozmetikai \u00e9s h\u00e1ztart\u00e1svegyipari felhaszn\u00e1l\u00e1sra teszik alkalmass\u00e1. Az autokl\u00e1v els\u0151dleges feladata term\u00e9szetesen a hidromechanikus kever\u00e9s, de az ezzel \u00f6sszef\u00fcgg\u0151 pl.old\u00e1si, diszperg\u00e1l\u00e1si (folyad\u00e9k-folyad\u00e9k, szil\u00e1rd-folyad\u00e9k, folyad\u00e9k-g\u00e1z), bep\u00e1rl\u00e1si, krist\u00e1lyos\u00edt\u00e1si, extrah\u00e1l\u00e1si stb. m\u0171velet elv\u00e9gz\u00e9s\u00e9re is alkalmas.<\/p>\n<p style=\"text-align: left;\"><em><span style=\"text-decoration: underline;\">M\u0171k\u00f6d\u00e9s<\/span><\/em><br \/>\nA k\u00e9sz\u00fcl\u00e9k alapkivitele a m\u0171szaki param\u00e9terekben megadott, &#8211; kever\u0151 kialak\u00edt\u00e1st\u00f3l f\u00fcgg\u0151 &#8211; fordulatsz\u00e1m tartom\u00e1nyban ker\u00fcl sz\u00e1ll\u00edt\u00e1sra. K\u00edv\u00e1ns\u00e1gra a hajt\u00f3m\u0171vet frekvenciav\u00e1lt\u00f3val l\u00e1tjuk el. Alapkivitelben a k\u00e9sz\u00fcl\u00e9ket h\u00e1rom\u00e1g\u00fa impeller kever\u0151vel sz\u00e1ll\u00edtjuk. Ig\u00e9ny szerint turbina, \u00e9s f\u00e9mforg\u00e1cs szuszpend\u00e1l\u00e1s\u00e1ra is alkalmas m\u00e9lyj\u00e1r\u00e1s\u00fa reaktor kever\u0151vel is rendelhet\u0151. Az autokl\u00e1vban v\u00e9gezhet\u0151 m\u0171veletek h\u0151m\u00e9rs\u00e9klet ig\u00e9nye a k\u00f6penyt\u00e9rre k\u00f6thet\u0151 h\u0171t\u0151-f\u0171t\u0151 k\u00f6zegek megfelel\u0151 megv\u00e1laszt\u00e1s\u00e1val kiel\u00e9g\u00edthet\u0151. A k\u00e9sz\u00fcl\u00e9k k\u00f6penyt\u00e9r kialak\u00edt\u00e1sa (k\u00fcl\u00f6n\u00f6sen a f\u00e9lcs\u00f6ves k\u00f6penyt\u00e9r eset\u00e9n) intenz\u00edv h\u0151\u00e1tad\u00e1st biztos\u00edt. Egyedi ig\u00e9ny eset\u00e9n &#8211; a k\u00f6penyre k\u00f6t\u00f6tt k\u00fcl\u00f6nb\u00f6z\u0151 k\u00f6zegek kevered\u00e9s\u00e9nek elker\u00fcl\u00e9se \u00e9rdek\u00e9ben &#8211; reteszelt csaptelepet is sz\u00e1ll\u00edtunk a k\u00e9sz\u00fcl\u00e9khez.<\/p>\n<p style=\"text-align: left;\"><em><span style=\"text-decoration: underline;\">Megrendel\u00e9si p\u00e9lda<\/span><\/em><br \/>\nCTK-AS250, duplik\u00e1lt, impeller kever\u0151vel, als\u00f3 h\u0151m\u00e9r\u0151vel, frekvencia v\u00e1lt\u00f3s hajt\u00e1ssal, pat\u00e1s al\u00e1t\u00e1maszt\u00e1ssal.<\/p>\n","protected":false},"excerpt":{"rendered":"<p>CTK-AS250 Autokl\u00e1v sek\u00e9lydombor\u00fa ed\u00e9nyfen\u00e9kkel M\u0171szaki le\u00edr\u00e1s, adatok, m\u00e9retek PDF form\u00e1tumban Fel\u00e9p\u00edt\u00e9s K\u00e9sz\u00fcl\u00e9keink \u00e1ll\u00f3hengeres, osztott kivitel\u0171, a hengeres k\u00f6penyr\u00e9szen \u00e9s a fen\u00e9ken duplikat\u00far\u00e1val ell\u00e1tott k\u00e9t nyom\u00e1ster\u0171 nyom\u00e1start\u00f3 ed\u00e9nyek (l\u00e1sd M\u0171szaki param\u00e9terek). A f\u0171t\u0151k\u00f6peny lehet duplikat\u00fara, ill. f\u00e9lcs\u00f6ves kialak\u00edt\u00e1s\u00fa. A k\u00e9sz\u00fcl\u00e9kfed\u00e9len ben\u00e9z\u0151\u00fcveggel ell\u00e1tott munkany\u00edl\u00e1s, bevil\u00e1g\u00edt\u00f3 l\u00e1mpa \u00e9s h\u0151m\u00e9r\u0151tokkal ell\u00e1tott hull\u00e1mt\u00f6r\u0151 ker\u00fcl be\u00e9p\u00edt\u00e9sre. A t\u00f6bbi fed\u00e9lcsonk technol\u00f3giai, az &hellip; <\/p>\n<p class=\"link-more\"><a href=\"http:\/\/www.chph.hu\/?page_id=111\" class=\"more-link\"><span class=\"screen-reader-text\">&#8222;Autokl\u00e1v csal\u00e1d \/CTK-AS63-250\/&#8221;<\/span> b\u0151vebben<\/a><\/p>\n","protected":false},"author":1,"featured_media":0,"parent":0,"menu_order":0,"comment_status":"open","ping_status":"open","template":"","meta":{"footnotes":""},"class_list":["post-111","page","type-page","status-publish","hentry"],"_links":{"self":[{"href":"http:\/\/www.chph.hu\/index.php?rest_route=\/wp\/v2\/pages\/111","targetHints":{"allow":["GET"]}}],"collection":[{"href":"http:\/\/www.chph.hu\/index.php?rest_route=\/wp\/v2\/pages"}],"about":[{"href":"http:\/\/www.chph.hu\/index.php?rest_route=\/wp\/v2\/types\/page"}],"author":[{"embeddable":true,"href":"http:\/\/www.chph.hu\/index.php?rest_route=\/wp\/v2\/users\/1"}],"replies":[{"embeddable":true,"href":"http:\/\/www.chph.hu\/index.php?rest_route=%2Fwp%2Fv2%2Fcomments&post=111"}],"version-history":[{"count":9,"href":"http:\/\/www.chph.hu\/index.php?rest_route=\/wp\/v2\/pages\/111\/revisions"}],"predecessor-version":[{"id":989,"href":"http:\/\/www.chph.hu\/index.php?rest_route=\/wp\/v2\/pages\/111\/revisions\/989"}],"wp:attachment":[{"href":"http:\/\/www.chph.hu\/index.php?rest_route=%2Fwp%2Fv2%2Fmedia&parent=111"}],"curies":[{"name":"wp","href":"https:\/\/api.w.org\/{rel}","templated":true}]}}