{"id":1841,"date":"2023-03-08T13:19:00","date_gmt":"2023-03-08T11:19:00","guid":{"rendered":"http:\/\/www.chph.hu\/?page_id=1841"},"modified":"2023-03-08T13:19:02","modified_gmt":"2023-03-08T11:19:02","slug":"szolgaltatasok","status":"publish","type":"page","link":"http:\/\/www.chph.hu\/?page_id=1841","title":{"rendered":"Szolg\u00e1ltat\u00e1sok"},"content":{"rendered":"<table border=\"0\" width=\"100%\">\n<tbody>\n<tr>\n<td>\n<p><figure id=\"attachment_654\" aria-describedby=\"caption-attachment-654\" style=\"width: 134px\" class=\"wp-caption aligncenter\"><a title=\"Irod\u00e1k\" href=\"http:\/\/www.chph.hu\/?page_id=663\" rel=\"noopener\" data-wplink-url-error=\"true\"><img loading=\"lazy\" decoding=\"async\" class=\"wp-image-654 size-full\" src=\"http:\/\/www.chph.hu\/wp-content\/uploads\/2015\/04\/foto12.jpg\" alt=\"foto12\" width=\"134\" height=\"200\" \/><\/a><figcaption id=\"caption-attachment-654\" class=\"wp-caption-text\">Irod\u00e1k<\/figcaption><\/figure><\/td>\n<td>\n<p><figure id=\"attachment_655\" aria-describedby=\"caption-attachment-655\" style=\"width: 135px\" class=\"wp-caption aligncenter\"><a title=\"Laborok\" href=\"http:\/\/www.chph.hu\/?page_id=666\" rel=\"noopener\" data-wplink-url-error=\"true\"><img loading=\"lazy\" decoding=\"async\" class=\"wp-image-655 size-full\" src=\"http:\/\/www.chph.hu\/wp-content\/uploads\/2015\/04\/csanyik-13.jpg\" alt=\"csanyik-13\" width=\"135\" height=\"200\" \/><\/a><figcaption id=\"caption-attachment-655\" class=\"wp-caption-text\">Laborok<\/figcaption><\/figure><\/td>\n<td>\n<p><figure id=\"attachment_656\" aria-describedby=\"caption-attachment-656\" style=\"width: 160px\" class=\"wp-caption aligncenter\"><a title=\"Gy\u00f3gyszerform\u00e1z\u00f3\" href=\"http:\/\/www.chph.hu\/?page_id=668\" rel=\"noopener\" data-wplink-url-error=\"true\"><img loading=\"lazy\" decoding=\"async\" class=\"wp-image-656 size-full\" src=\"http:\/\/www.chph.hu\/wp-content\/uploads\/2015\/04\/im000801.jpg\" alt=\"im000801\" width=\"160\" height=\"200\" \/><\/a><figcaption id=\"caption-attachment-656\" class=\"wp-caption-text\">Gy\u00f3gyszerform\u00e1z\u00f3<\/figcaption><\/figure><\/td>\n<td>\n<p><figure id=\"attachment_657\" aria-describedby=\"caption-attachment-657\" style=\"width: 150px\" class=\"wp-caption aligncenter\"><a title=\"Gy\u00e1rt\u00f3csarnok\" href=\"http:\/\/www.chph.hu\/?page_id=670\" rel=\"noopener\" data-wplink-url-error=\"true\"><img loading=\"lazy\" decoding=\"async\" class=\"wp-image-657 size-full\" src=\"http:\/\/www.chph.hu\/wp-content\/uploads\/2015\/04\/ch-ph_terv5.jpg\" alt=\"ch-ph_terv5\" width=\"150\" height=\"200\" \/><\/a><figcaption id=\"caption-attachment-657\" class=\"wp-caption-text\">Gy\u00e1rt\u00f3csarnok<\/figcaption><\/figure><\/td>\n<\/tr>\n<tr>\n<td>\n<p><figure id=\"attachment_658\" aria-describedby=\"caption-attachment-658\" style=\"width: 145px\" class=\"wp-caption aligncenter\"><a title=\"V\u00e9gterm\u00e9k-feldolgoz\u00f3\" href=\"http:\/\/www.chph.hu\/?page_id=673\" rel=\"noopener\" data-wplink-url-error=\"true\"><img loading=\"lazy\" decoding=\"async\" class=\"wp-image-658 size-full\" src=\"http:\/\/www.chph.hu\/wp-content\/uploads\/2015\/04\/album11.jpg\" alt=\"album11\" width=\"145\" height=\"200\" \/><\/a><figcaption id=\"caption-attachment-658\" class=\"wp-caption-text\">V\u00e9gterm\u00e9k-feldolgoz\u00f3<\/figcaption><\/figure><\/td>\n<td>\n<p><figure id=\"attachment_659\" aria-describedby=\"caption-attachment-659\" style=\"width: 150px\" class=\"wp-caption aligncenter\"><a title=\"K\u00f6rnyezetv\u00e9delem\" href=\"http:\/\/www.chph.hu\/?page_id=675\" rel=\"noopener\" data-wplink-url-error=\"true\"><img loading=\"lazy\" decoding=\"async\" class=\"wp-image-659 size-full\" src=\"http:\/\/www.chph.hu\/wp-content\/uploads\/2015\/04\/dsc00069.jpg\" alt=\"dsc00069\" width=\"150\" height=\"200\" \/><\/a><figcaption id=\"caption-attachment-659\" class=\"wp-caption-text\">K\u00f6rnyezetv\u00e9delem<\/figcaption><\/figure><\/td>\n<td>\n<p><figure id=\"attachment_660\" aria-describedby=\"caption-attachment-660\" style=\"width: 150px\" class=\"wp-caption aligncenter\"><a title=\"Rakt\u00e1rak\" href=\"http:\/\/www.chph.hu\/?page_id=677\" rel=\"noopener\" data-wplink-url-error=\"true\"><img loading=\"lazy\" decoding=\"async\" class=\"wp-image-660 size-full\" src=\"http:\/\/www.chph.hu\/wp-content\/uploads\/2015\/04\/04_29_15.jpg\" alt=\"04_29_15\" width=\"150\" height=\"200\" \/><\/a><figcaption id=\"caption-attachment-660\" class=\"wp-caption-text\">Rakt\u00e1rak<\/figcaption><\/figure><\/td>\n<td>\n<p><figure id=\"attachment_661\" aria-describedby=\"caption-attachment-661\" style=\"width: 146px\" class=\"wp-caption aligncenter\"><a title=\"K\u00f6zm\u0171 \u00e9s ell\u00e1t\u00f3 rendszerek\" href=\"http:\/\/www.chph.hu\/?page_id=679\" rel=\"noopener\" data-wplink-url-error=\"true\"><img loading=\"lazy\" decoding=\"async\" class=\"wp-image-661 size-full\" src=\"http:\/\/www.chph.hu\/wp-content\/uploads\/2015\/04\/album03.jpg\" alt=\"album03\" width=\"146\" height=\"200\" \/><\/a><figcaption id=\"caption-attachment-661\" class=\"wp-caption-text\">K\u00f6zm\u0171 \u00e9s ell\u00e1t\u00f3 rendszerek<\/figcaption><\/figure><\/td>\n<\/tr>\n<\/tbody>\n<\/table>\n","protected":false},"excerpt":{"rendered":"","protected":false},"author":1,"featured_media":0,"parent":0,"menu_order":0,"comment_status":"closed","ping_status":"closed","template":"","meta":{"footnotes":""},"class_list":["post-1841","page","type-page","status-publish","hentry"],"_links":{"self":[{"href":"http:\/\/www.chph.hu\/index.php?rest_route=\/wp\/v2\/pages\/1841","targetHints":{"allow":["GET"]}}],"collection":[{"href":"http:\/\/www.chph.hu\/index.php?rest_route=\/wp\/v2\/pages"}],"about":[{"href":"http:\/\/www.chph.hu\/index.php?rest_route=\/wp\/v2\/types\/page"}],"author":[{"embeddable":true,"href":"http:\/\/www.chph.hu\/index.php?rest_route=\/wp\/v2\/users\/1"}],"replies":[{"embeddable":true,"href":"http:\/\/www.chph.hu\/index.php?rest_route=%2Fwp%2Fv2%2Fcomments&post=1841"}],"version-history":[{"count":1,"href":"http:\/\/www.chph.hu\/index.php?rest_route=\/wp\/v2\/pages\/1841\/revisions"}],"predecessor-version":[{"id":1842,"href":"http:\/\/www.chph.hu\/index.php?rest_route=\/wp\/v2\/pages\/1841\/revisions\/1842"}],"wp:attachment":[{"href":"http:\/\/www.chph.hu\/index.php?rest_route=%2Fwp%2Fv2%2Fmedia&parent=1841"}],"curies":[{"name":"wp","href":"https:\/\/api.w.org\/{rel}","templated":true}]}}