{"id":191,"date":"2015-04-07T07:09:54","date_gmt":"2015-04-07T07:09:54","guid":{"rendered":"http:\/\/www.chph.hu\/?page_id=191"},"modified":"2015-04-07T07:15:48","modified_gmt":"2015-04-07T07:15:48","slug":"szedoedeny-csalad","status":"publish","type":"page","link":"http:\/\/www.chph.hu\/?page_id=191","title":{"rendered":"Szed\u0151ed\u00e9ny csal\u00e1d"},"content":{"rendered":"<p style=\"text-align: center;\"><img loading=\"lazy\" decoding=\"async\" class=\" size-full wp-image-192 aligncenter\" src=\"http:\/\/www.chph.hu\/wp-content\/uploads\/2015\/04\/2RTS63X1600.jpg\" alt=\"2RTS63X1600\" width=\"354\" height=\"470\" \/>CTK-RTS100 K\u00f6penyezett szed\u0151ed\u00e9ny,<br \/>\nal\u00e1t\u00e1maszt\u00e1s: l\u00e1b<br \/>\n<a href=\"http:\/\/www.chph.hu\/wp-content\/uploads\/2015\/04\/2rts63x1600.pdf\" target=\"_blank\">M\u0171szaki le\u00edr\u00e1s, adatok, m\u00e9retek PDF form\u00e1tumban<\/a><\/p>\n<p style=\"text-align: left;\"><span style=\"text-decoration: underline;\"><em>Fel\u00e9p\u00edt\u00e9s<\/em><\/span><br \/>\nA szed\u00f5ed\u00e9nyek \u00e1ll\u00f3hengeres, monoblokk kivitel\u0171, sek\u00e9lydombor\u00fa ed\u00e9nyfenekekkel lez\u00e1rt, k\u00f6peny n\u00e9lk\u00fcli, vagy hegesztett f\u0171t\u0151 ill. h\u0171t\u0151k\u00f6pennyel ell\u00e1tott, teljes fel\u00fclet\u00fck\u00f6n duplik\u00e1lt tart\u00e1lyok (l\u00e1sd M\u0171szaki param\u00e9terek). A fel\u00e1ll\u00edt\u00e1s hely\u00e9t\u0151l f\u00fcgg\u0151en l\u00e1bbal vagy pat\u00e1val rendelhet\u0151k. A fed\u00e9len \u00e9s fen\u00e9ken elhelyezett csonkok valamennyi szok\u00e1sos funkci\u00f3 ell\u00e1t\u00e1s\u00e1ra alkalmass\u00e1 teszik, \u00e9s a m\u0171szerek csatlakoz\u00e1s\u00e1t is biztos\u00edtj\u00e1k. Az ed\u00e9ny k\u00e9t nyom\u00e1stere v\u00e1kuumra ill. max. 6bar t\u00falnyom\u00e1sra van m\u00e9retezve, a m\u0171szaki param\u00e9terekben le\u00edrtaknak megfelel\u0151en. A NYEBSZ hat\u00e1lya es\u0151 k\u00e9sz\u00fcl\u00e9kek kiz\u00e1r\u00f3lag az N\u00c1150-es vizsg\u00e1l\u00f3 ny\u00edl\u00e1sokkal ell\u00e1tott kivitelben rendelhet\u0151k.<\/p>\n<p style=\"text-align: left;\"><span style=\"text-decoration: underline;\"><em>Alkalmaz\u00e1s<\/em><\/span><br \/>\nA szerkezeti anyagk\u00e9nt felhaszn\u00e1lt korr\u00f3zi\u00f3\u00e1ll\u00f3 ac\u00e9lok a k\u00e9sz\u00fcl\u00e9keket \u00e1ltal\u00e1nos vegyipari, gy\u00f3gyszeripari, fest\u00e9k- \u00e9s m\u0171anyagipari, kozmetikai \u00e9s h\u00e1ztart\u00e1svegyipari felhaszn\u00e1l\u00e1sra teszik alkalmass\u00e1. Ig\u00e9ny szerint tisztat\u00e9ri felhaszn\u00e1l\u00e1sra alkalmas, pol\u00edrozott sav\u00e1ll\u00f3 lemezzel burkolt szigetel\u00e9ssel ell\u00e1tott kivitelben is rendelhet\u0151.<\/p>\n<p style=\"text-align: left;\"><span style=\"text-decoration: underline;\"><em>Megrendel\u00e9si p\u00e9lda<\/em><\/span><br \/>\nCTK-RTS1000 , 1000 literes k\u00f6penyezett szed\u0151ed\u00e9ny, l\u00e1bakkal al\u00e1t\u00e1masztva.<\/p>\n","protected":false},"excerpt":{"rendered":"<p>CTK-RTS100 K\u00f6penyezett szed\u0151ed\u00e9ny, al\u00e1t\u00e1maszt\u00e1s: l\u00e1b M\u0171szaki le\u00edr\u00e1s, adatok, m\u00e9retek PDF form\u00e1tumban Fel\u00e9p\u00edt\u00e9s A szed\u00f5ed\u00e9nyek \u00e1ll\u00f3hengeres, monoblokk kivitel\u0171, sek\u00e9lydombor\u00fa ed\u00e9nyfenekekkel lez\u00e1rt, k\u00f6peny n\u00e9lk\u00fcli, vagy hegesztett f\u0171t\u0151 ill. h\u0171t\u0151k\u00f6pennyel ell\u00e1tott, teljes fel\u00fclet\u00fck\u00f6n duplik\u00e1lt tart\u00e1lyok (l\u00e1sd M\u0171szaki param\u00e9terek). A fel\u00e1ll\u00edt\u00e1s hely\u00e9t\u0151l f\u00fcgg\u0151en l\u00e1bbal vagy pat\u00e1val rendelhet\u0151k. A fed\u00e9len \u00e9s fen\u00e9ken elhelyezett csonkok valamennyi szok\u00e1sos funkci\u00f3 ell\u00e1t\u00e1s\u00e1ra alkalmass\u00e1 teszik, &hellip; <\/p>\n<p class=\"link-more\"><a href=\"http:\/\/www.chph.hu\/?page_id=191\" class=\"more-link\"><span class=\"screen-reader-text\">&#8222;Szed\u0151ed\u00e9ny csal\u00e1d&#8221;<\/span> b\u0151vebben<\/a><\/p>\n","protected":false},"author":1,"featured_media":0,"parent":0,"menu_order":0,"comment_status":"open","ping_status":"open","template":"","meta":{"footnotes":""},"class_list":["post-191","page","type-page","status-publish","hentry"],"_links":{"self":[{"href":"http:\/\/www.chph.hu\/index.php?rest_route=\/wp\/v2\/pages\/191","targetHints":{"allow":["GET"]}}],"collection":[{"href":"http:\/\/www.chph.hu\/index.php?rest_route=\/wp\/v2\/pages"}],"about":[{"href":"http:\/\/www.chph.hu\/index.php?rest_route=\/wp\/v2\/types\/page"}],"author":[{"embeddable":true,"href":"http:\/\/www.chph.hu\/index.php?rest_route=\/wp\/v2\/users\/1"}],"replies":[{"embeddable":true,"href":"http:\/\/www.chph.hu\/index.php?rest_route=%2Fwp%2Fv2%2Fcomments&post=191"}],"version-history":[{"count":1,"href":"http:\/\/www.chph.hu\/index.php?rest_route=\/wp\/v2\/pages\/191\/revisions"}],"predecessor-version":[{"id":194,"href":"http:\/\/www.chph.hu\/index.php?rest_route=\/wp\/v2\/pages\/191\/revisions\/194"}],"wp:attachment":[{"href":"http:\/\/www.chph.hu\/index.php?rest_route=%2Fwp%2Fv2%2Fmedia&parent=191"}],"curies":[{"name":"wp","href":"https:\/\/api.w.org\/{rel}","templated":true}]}}