{"id":227,"date":"2015-04-07T08:01:11","date_gmt":"2015-04-07T08:01:11","guid":{"rendered":"http:\/\/www.chph.hu\/?page_id=227"},"modified":"2015-04-07T08:01:11","modified_gmt":"2015-04-07T08:01:11","slug":"csovezeteki-szurok-ctk-s-ctk-sfsfm","status":"publish","type":"page","link":"http:\/\/www.chph.hu\/?page_id=227","title":{"rendered":"Cs\u0151vezet\u00e9ki sz\u0171r\u0151k \/CTK-S, CTK-SF\/SFM\/"},"content":{"rendered":"<p style=\"text-align: center;\"><img loading=\"lazy\" decoding=\"async\" class=\" size-full wp-image-228 aligncenter\" src=\"http:\/\/www.chph.hu\/wp-content\/uploads\/2015\/04\/3SSFSFM6.jpg\" alt=\"3SSFSFM6\" width=\"470\" height=\"470\" \/>CTK-SF K10025 Cs\u0151vezet\u00e9ki sz\u0171r\u0151<br \/>\n<a href=\"http:\/\/www.chph.hu\/wp-content\/uploads\/2015\/04\/3ssfsfm6.pdf\" target=\"_blank\">M\u0171szaki le\u00edr\u00e1s, adatok, m\u00e9retek PDF form\u00e1tumban<\/a><\/p>\n<p><span style=\"text-decoration: underline;\"><em>Fel\u00e9p\u00edt\u00e9s<\/em><\/span><br \/>\nA sz\u0171r\u0151h\u00e1zak Tri-Clamp csatlakoz\u00f3val bonthat\u00f3k, \u00edgy a sz\u0171r\u0151gyertya cser\u00e9je gyorsan \u00e9s egyszer\u0171en elv\u00e9gezhet\u0151. A h\u00e1zak C1\/4&#8243;-os, alapkivitelben peremes z\u00e1r\u00f3csavarral z\u00e1rt \u00fcr\u00edt\u0151 \u00e9s manom\u00e9ter csonkkal rendelkeznek. A sz\u0171r\u0151h\u00e1zak anyaga korr\u00f3zi\u00f3\u00e1ll\u00f3 ac\u00e9l, KO36Ti, 1.4571. 1.4404 ig\u00e9ny szerint. A sz\u0171r\u0151gyerty\u00e1k kereskedelmi forgalomban kaphat\u00f3 standard term\u00e9kek, a megk\u00edv\u00e1nt sz\u0171r\u00e9si finoms\u00e1gt\u00f3l f\u00fcgg\u0151en 0,2 um \u00e9s 250 um k\u00f6z\u00f6tti tartom\u00e1nyban, 10&#8243; \u00e9s 30&#8243; k\u00f6z\u00f6tti m\u00e9retben. 10&#8243;-os gyertya alkalmaz\u00e1sa eset\u00e9n 2m3\/h, 20&#8243;-os sz\u0171r\u0151gyerty\u00e1n\u00e1l 4m3\/h, m\u00edg 30&#8243;-os gyerty\u00e1n\u00e1l 6m3\/h maxim\u00e1lis \u00e1t\u00e1raml\u00f3 mennyis\u00e9g aj\u00e1nlott a sz\u0171rend\u00f5 k\u00f6zeg, \u00e9s a gyertya t\u00edpus\u00e1nak f\u00fcggv\u00e9ny\u00e9ben. A gyerty\u00e1k lehetnek mindk\u00e9t v\u00e9g\u00fck\u00f6n nyitottak (S), egyik v\u00e9g\u00fck\u00f6n nyitott, bajonettz\u00e1ras csatlakoz\u00e1s\u00faak (SF), \u00e9s menetes csatlakoz\u00e1s\u00faak (SFM).<\/p>\n<p><span style=\"text-decoration: underline;\"><em>Alkalmaz\u00e1s<\/em><\/span><br \/>\nA sz\u0171rend\u0151 k\u00f6zegt\u0151l f\u00fcgg\u0151en a pamut, polipropil\u00e9n, PTFE, illetve korr\u00f3zi\u00f3\u00e1ll\u00f3 ac\u00e9l gyerty\u00e1kkal szerelt cs\u0151vezet\u00e9ki sz\u0171r\u0151k alkalmasak az al\u00e1bbiakban felsorolt m\u0171veletekre:<br \/>\nTechnol\u00f3giai vizek finomsz\u0171r\u00e9se, f\u00e9lk\u00e9sz \u00e9s k\u00e9szterm\u00e9k oldatok sz\u0171r\u00e9se. Old\u00f3szerek sz\u0171r\u00e9se. V\u00edzsz\u0171r\u00e9s ioncser\u00e9l\u00e9s, membr\u00e1nsz\u0171r\u00e9s el\u0151tt \u00e9s ut\u00e1n. Fest\u00e9koldatok sz\u0171r\u00e9se. Kaz\u00e1nt\u00e1pv\u00edz sz\u0171r\u00e9se. G\u0151z sz\u0171r\u00e9se.<br \/>\nMegrendel\u00e9skor az al\u00e1bbi inform\u00e1ci\u00f3k ismerete sz\u00fcks\u00e9ges:<br \/>\nSz\u0171rend\u00f5 k\u00f6zeg. T\u00e9rfogat\u00e1ram, h\u0151m\u00e9rs\u00e9klet, nyom\u00e1s. Csatlakoz\u00f3 m\u00e9ret. Megk\u00edv\u00e1nt sz\u0171r\u00e9si finoms\u00e1g.<br \/>\nAz alkalmazhat\u00f3 sz\u0171r\u0151gyerty\u00e1k tulajdons\u00e1gainak \u00f6sszefoglal\u00e1sa:<br \/>\nS:\u00a0\u00a0\u00a0\u00a0\u00a0 Mindk\u00e9t v\u00e9g\u00e9n nyitott gyertya,<br \/>\nAnyag: polipropil\u00e9n, pamut.<br \/>\nSz\u0171r\u00e9si finoms\u00e1g: 1um-100um<br \/>\nSF:\u00a0\u00a0\u00a0 Egyik v\u00e9g\u00e9n nyitott gyertya,<br \/>\n&#8222;O&#8221; gy\u0171r\u0171, bajonettz\u00e1r (M6)<br \/>\nK\u00f6zpontos\u00edt\u00f3 cs\u00faccsal (M7)<br \/>\nvagy 222-es &#8222;O&#8221; gy\u0171r\u0171, bajonettz\u00e1r n\u00e9lk\u00fcl (M3)<br \/>\nAnyag: polipropil\u00e9n, PTFE, korr\u00f3zi\u00f3\u00e1ll\u00f3 ac\u00e9l<br \/>\n(AISI304,316)<br \/>\nSz\u0171r\u00e9si finoms\u00e1g: 0,2um-50um<br \/>\nSFM: Egyik v\u00e9g\u00e9n nyitott gyertya,<br \/>\n1&#8243;-os NPT menetes csatlakoz\u00e1s,<br \/>\nAnyag: Korr\u00f3zi\u00f3\u00e1ll\u00f3 ac\u00e9l (AISI 304,316)<br \/>\nSz\u0171r\u00e9si finoms\u00e1g: 1um-250um<br \/>\nA sz\u0171r\u0151h\u00e1zak nyom\u00e1s\u00e1ll\u00f3s\u00e1ga standard kivitelben 6bar\/150C<\/p>\n<p><span style=\"text-decoration: underline;\"><em>Megrendel\u00e9si p\u00e9lda<\/em><\/span><br \/>\nCTK-SF K1025-0,2um-polipropil\u00e9n<\/p>\n<p>Sz\u0171r\u0151gyertya t\u00edpusa: SF<br \/>\nCsatlakoz\u00e1s t\u00edpusa: K (karim\u00e1s)<br \/>\nHossz: 10 (10&#8243;)<br \/>\nN\u00e9vleges m\u00e9ret: 25 (N\u00c125)<br \/>\nSz\u0171r\u00e9si finoms\u00e1g: 0,2 um<br \/>\nSz\u0171r\u00f5gyertya anyaga: polipropil\u00e9n<\/p>\n","protected":false},"excerpt":{"rendered":"<p>CTK-SF K10025 Cs\u0151vezet\u00e9ki sz\u0171r\u0151 M\u0171szaki le\u00edr\u00e1s, adatok, m\u00e9retek PDF form\u00e1tumban Fel\u00e9p\u00edt\u00e9s A sz\u0171r\u0151h\u00e1zak Tri-Clamp csatlakoz\u00f3val bonthat\u00f3k, \u00edgy a sz\u0171r\u0151gyertya cser\u00e9je gyorsan \u00e9s egyszer\u0171en elv\u00e9gezhet\u0151. A h\u00e1zak C1\/4&#8243;-os, alapkivitelben peremes z\u00e1r\u00f3csavarral z\u00e1rt \u00fcr\u00edt\u0151 \u00e9s manom\u00e9ter csonkkal rendelkeznek. A sz\u0171r\u0151h\u00e1zak anyaga korr\u00f3zi\u00f3\u00e1ll\u00f3 ac\u00e9l, KO36Ti, 1.4571. 1.4404 ig\u00e9ny szerint. A sz\u0171r\u0151gyerty\u00e1k kereskedelmi forgalomban kaphat\u00f3 standard term\u00e9kek, a megk\u00edv\u00e1nt &hellip; <\/p>\n<p class=\"link-more\"><a href=\"http:\/\/www.chph.hu\/?page_id=227\" class=\"more-link\"><span class=\"screen-reader-text\">&#8222;Cs\u0151vezet\u00e9ki sz\u0171r\u0151k \/CTK-S, CTK-SF\/SFM\/&#8221;<\/span> b\u0151vebben<\/a><\/p>\n","protected":false},"author":1,"featured_media":0,"parent":0,"menu_order":0,"comment_status":"open","ping_status":"open","template":"","meta":{"footnotes":""},"class_list":["post-227","page","type-page","status-publish","hentry"],"_links":{"self":[{"href":"http:\/\/www.chph.hu\/index.php?rest_route=\/wp\/v2\/pages\/227","targetHints":{"allow":["GET"]}}],"collection":[{"href":"http:\/\/www.chph.hu\/index.php?rest_route=\/wp\/v2\/pages"}],"about":[{"href":"http:\/\/www.chph.hu\/index.php?rest_route=\/wp\/v2\/types\/page"}],"author":[{"embeddable":true,"href":"http:\/\/www.chph.hu\/index.php?rest_route=\/wp\/v2\/users\/1"}],"replies":[{"embeddable":true,"href":"http:\/\/www.chph.hu\/index.php?rest_route=%2Fwp%2Fv2%2Fcomments&post=227"}],"version-history":[{"count":1,"href":"http:\/\/www.chph.hu\/index.php?rest_route=\/wp\/v2\/pages\/227\/revisions"}],"predecessor-version":[{"id":230,"href":"http:\/\/www.chph.hu\/index.php?rest_route=\/wp\/v2\/pages\/227\/revisions\/230"}],"wp:attachment":[{"href":"http:\/\/www.chph.hu\/index.php?rest_route=%2Fwp%2Fv2%2Fmedia&parent=227"}],"curies":[{"name":"wp","href":"https:\/\/api.w.org\/{rel}","templated":true}]}}