{"id":256,"date":"2015-04-07T08:42:00","date_gmt":"2015-04-07T08:42:00","guid":{"rendered":"http:\/\/www.chph.hu\/?page_id=256"},"modified":"2015-04-07T08:42:00","modified_gmt":"2015-04-07T08:42:00","slug":"kosaras-szurok","status":"publish","type":"page","link":"http:\/\/www.chph.hu\/?page_id=256","title":{"rendered":"Kosaras sz\u0171r\u0151k"},"content":{"rendered":"<p style=\"text-align: center;\"><img loading=\"lazy\" decoding=\"async\" class=\" size-full wp-image-257 aligncenter\" src=\"http:\/\/www.chph.hu\/wp-content\/uploads\/2015\/04\/3CTK103106.jpg\" alt=\"3CTK103106\" width=\"355\" height=\"470\" \/>CTK-103 Kosaras sz\u0171r\u0151<br \/>\n<a href=\"http:\/\/www.chph.hu\/wp-content\/uploads\/2015\/04\/3ctk103106.pdf\" target=\"_blank\">M\u0171szaki le\u00edr\u00e1s, adatok, m\u00e9retek PDF form\u00e1tumban<\/a><\/p>\n<p><span style=\"text-decoration: underline;\"><em>Fel\u00e9p\u00edt\u00e9s<\/em><\/span><br \/>\nA berendez\u00e9s \u00e1ll\u00f3, hengeres elrendez\u00e9s\u0171, sek\u00e9lydombor\u00edt\u00e1s\u00fa fed\u00e9llel \u00e9s fen\u00e9kkel lez\u00e1rt konstrukci\u00f3. A fed\u00e9l karim\u00e1s csatlakoz\u00e1ssal, RATHMANN jelleg\u0171 csavark\u00f6t\u00e9ssel kapcsol\u00f3dik az \u00fcsth\u00f6z. A berendez\u00e9s gumi fut\u00f3fel\u00fclet\u0171 g\u00f6rg\u0151kkel felszerelt alv\u00e1zra t\u00e1maszkodik, k\u00f6nnyen a felhaszn\u00e1l\u00e1si helyre g\u00f6rd\u00edthet\u0151 \u00e9s flexibilisen csatlakoztathat\u00f3 a technol\u00f3giai sorba. A k\u00e9sz\u00fcl\u00e9ktestbe k\u00fcl\u00f6nb\u00f6z\u0151 befogad\u00f3k\u00e9pess\u00e9g\u0171 sz\u0171r\u0151kosarak szerelhet\u0151k be, max 60 liter iszapt\u00e9rfogatig. A sz\u0171r\u0151kos\u00e1r perfor\u00e1lt fen\u00e9klapja leszerelhet\u0151, a sz\u0171r\u0151kos\u00e1r pereme \u00e9s a fen\u00e9klap k\u00f6z\u00e9 kell behelyezni a sz\u0171r\u0151v\u00e1sznat vagy a sz\u0171r\u0151pap\u00edrt. A csatlakoztat\u00e1sok CTK-QC gyorscsatlakoz\u00f3kkal t\u00f6rt\u00e9nnek. A CTK-106 tip. duplik\u00e1lt sz\u0171r\u0151 h\u00e1rmasfal\u00fa kivitelben k\u00e9sz\u00fcl, a h\u0151szigetel\u00e9st z\u00e1rt, sav\u00e1ll\u00f3 ac\u00e9llemezb\u0151l k\u00e9sz\u00fclt burkolat takarja.<\/p>\n<p><span style=\"text-decoration: underline;\"><em>Alkalmaz\u00e1s<\/em><\/span><br \/>\nA k\u00e9sz\u00fcl\u00e9k \u00e1ltal\u00e1nos vegyipari, gy\u00f3gyszeripari, fest\u00e9k- \u00e9s m\u0171anyagipari, kozmetikai \u00e9s h\u00e1ztart\u00e1svegyipari felhaszn\u00e1l\u00e1sra k\u00e9sz\u00fclt. Rendeltet\u00e9se: a szil\u00e1rd \u00e9s folyad\u00e9kf\u00e1zisok sz\u00e9tv\u00e1laszt\u00e1sa emulzi\u00f3kb\u00f3l, kever\u00e9kekb\u0151l. T\u00edpus\u00e1t tekintve a gy\u00e1rtm\u00e1ny kosaras sz\u0171r\u0151, a sz\u0171r\u0151kosarak \u00e9s a sz\u0171r\u0151k\u00f6zegek megv\u00e1laszt\u00e1s\u00e1val \u00e1ltal\u00e1nos \u00e9s speci\u00e1lis sz\u0171r\u00e9si feladatok elv\u00e9gz\u00e9s\u00e9re haszn\u00e1lhat\u00f3. Az \u00fczemm\u00f3dok szerint lehet nyom\u00f3sz\u0171r\u0151k\u00e9nt \u00e9s v\u00e1kuumsz\u0171r\u0151k\u00e9nt \u00fczemeltetni. Abban az esetben, ha a sz\u0171rlet h\u0151ntart\u00e1sa ig\u00e9ny, a CTK-106 tip. duplik\u00e1lt sz\u0171r\u0151 alkalmaz\u00e1sa a javasolt. A sz\u0171rlet &#8211; t\u00e9r kett\u0151s k\u00f6peny\u0171, h\u0171thet\u0151 \u00e9s f\u0171thet\u0151.<\/p>\n<p><span style=\"text-decoration: underline;\"><em>M\u0171k\u00f6d\u00e9s<\/em><\/span><br \/>\nA sz\u0171r\u0151t k\u00e9tf\u00e9le \u00fczemm\u00f3dban lehet haszn\u00e1lni:<br \/>\nNYOM\u00d3SZ\u0170R\u0150K\u00c9NT\u2013<br \/>\nMegkezdeni a sz\u0171rend\u0151 anyag bevezet\u00e9s\u00e9t a g\u00f6mbcsap fokozatos nyit\u00e1s\u00e1val. A l\u00e9gtelen\u00edt\u0151t z\u00e1rni, amikor megjelenik rajta a sz\u0171rend\u0151 anyag. Ha elfogyott a sz\u0171rend\u0151 anyag, az anyagbevezet\u0151 csapot elz\u00e1rni, a l\u00e9gtelenit\u0151 csonkra csatlakoztatni a kinyomat\u00f3 k\u00f6zeg (leveg\u0151, nitrog\u00e9n) t\u00f6ml\u0151j\u00e9t \u00e9s a csap fokozatos nyit\u00e1s\u00e1val megnyomatni a sz\u0171r\u0151kos\u00e1r feletti anyagot.<br \/>\nV\u00c1KUUMSZ\u0170R\u0150K\u00c9NT\u2013<br \/>\nNyitott v\u00e1kuumcsap \u00e1ll\u00e1s mellett megkezdeni a sz\u0171rend\u0151 anyag r\u00e1vezet\u00e9s\u00e9t a g\u00f6mbcsap fokozatos nyit\u00e1s\u00e1val. Amikor a sz\u0171rend\u0151 anyag lefogyott &#8211; z\u00e1rni a v\u00e1kuumcsapot \u00e9s fokozatosan nyitni a v\u00e1kuuml\u00e9gz\u0151 csapot. A nyom\u00e1s kiegyenl\u00edt\u0151d\u00e9se ut\u00e1n nyitni a sz\u0171rlet elvezet\u0151 csapot \u00e9s le\u00fcr\u00edteni az \u00fcst\u00f6t. A C9 jel\u0171 bet\u00f6lt\u0151 csonk hollandi csatlakoz\u00e1s\u00fa. Kis mennyis\u00e9g\u0171 sz\u0171r\u00e9si ig\u00e9ny eset\u00e9n ehhez a csonkhoz t\u00f6lcs\u00e9r csatlakoztathat\u00f3, melyen kereszt\u00fcl a berendez\u00e9sbe t\u00f6lthet\u0151 a sz\u0171rend\u0151 anyag.<\/p>\n","protected":false},"excerpt":{"rendered":"<p>CTK-103 Kosaras sz\u0171r\u0151 M\u0171szaki le\u00edr\u00e1s, adatok, m\u00e9retek PDF form\u00e1tumban Fel\u00e9p\u00edt\u00e9s A berendez\u00e9s \u00e1ll\u00f3, hengeres elrendez\u00e9s\u0171, sek\u00e9lydombor\u00edt\u00e1s\u00fa fed\u00e9llel \u00e9s fen\u00e9kkel lez\u00e1rt konstrukci\u00f3. A fed\u00e9l karim\u00e1s csatlakoz\u00e1ssal, RATHMANN jelleg\u0171 csavark\u00f6t\u00e9ssel kapcsol\u00f3dik az \u00fcsth\u00f6z. A berendez\u00e9s gumi fut\u00f3fel\u00fclet\u0171 g\u00f6rg\u0151kkel felszerelt alv\u00e1zra t\u00e1maszkodik, k\u00f6nnyen a felhaszn\u00e1l\u00e1si helyre g\u00f6rd\u00edthet\u0151 \u00e9s flexibilisen csatlakoztathat\u00f3 a technol\u00f3giai sorba. A k\u00e9sz\u00fcl\u00e9ktestbe k\u00fcl\u00f6nb\u00f6z\u0151 befogad\u00f3k\u00e9pess\u00e9g\u0171 sz\u0171r\u0151kosarak &hellip; <\/p>\n<p class=\"link-more\"><a href=\"http:\/\/www.chph.hu\/?page_id=256\" class=\"more-link\"><span class=\"screen-reader-text\">&#8222;Kosaras sz\u0171r\u0151k&#8221;<\/span> b\u0151vebben<\/a><\/p>\n","protected":false},"author":1,"featured_media":0,"parent":0,"menu_order":0,"comment_status":"open","ping_status":"open","template":"","meta":{"footnotes":""},"class_list":["post-256","page","type-page","status-publish","hentry"],"_links":{"self":[{"href":"http:\/\/www.chph.hu\/index.php?rest_route=\/wp\/v2\/pages\/256","targetHints":{"allow":["GET"]}}],"collection":[{"href":"http:\/\/www.chph.hu\/index.php?rest_route=\/wp\/v2\/pages"}],"about":[{"href":"http:\/\/www.chph.hu\/index.php?rest_route=\/wp\/v2\/types\/page"}],"author":[{"embeddable":true,"href":"http:\/\/www.chph.hu\/index.php?rest_route=\/wp\/v2\/users\/1"}],"replies":[{"embeddable":true,"href":"http:\/\/www.chph.hu\/index.php?rest_route=%2Fwp%2Fv2%2Fcomments&post=256"}],"version-history":[{"count":1,"href":"http:\/\/www.chph.hu\/index.php?rest_route=\/wp\/v2\/pages\/256\/revisions"}],"predecessor-version":[{"id":259,"href":"http:\/\/www.chph.hu\/index.php?rest_route=\/wp\/v2\/pages\/256\/revisions\/259"}],"wp:attachment":[{"href":"http:\/\/www.chph.hu\/index.php?rest_route=%2Fwp%2Fv2%2Fmedia&parent=256"}],"curies":[{"name":"wp","href":"https:\/\/api.w.org\/{rel}","templated":true}]}}