{"id":262,"date":"2015-04-07T09:08:58","date_gmt":"2015-04-07T09:08:58","guid":{"rendered":"http:\/\/www.chph.hu\/?page_id=262"},"modified":"2015-04-30T15:32:30","modified_gmt":"2015-04-30T13:32:30","slug":"bolygatott-keveros-szurok","status":"publish","type":"page","link":"http:\/\/www.chph.hu\/?page_id=262","title":{"rendered":"Bolygatott, kever\u0151s sz\u0171r\u0151k"},"content":{"rendered":"<p style=\"text-align: center;\">\u00a0<img loading=\"lazy\" decoding=\"async\" class=\"aligncenter wp-image-263 size-full\" src=\"http:\/\/www.chph.hu\/wp-content\/uploads\/2015\/04\/3CTK129130.jpg\" alt=\"kever\u0151s sz\u0171r\u0151\" width=\"354\" height=\"470\" \/>CTK-130 Bolygatott kever\u0151s sz\u0171r\u0151 60\/40<br \/>\n<a href=\"http:\/\/www.chph.hu\/wp-content\/uploads\/2015\/04\/3ctk129130.pdf\" target=\"_blank\">M\u0171szaki le\u00edr\u00e1s, adatok, m\u00e9retek PDF form\u00e1tumban<\/a><\/p>\n<p><span style=\"text-decoration: underline;\"><em>Fel\u00e9p\u00edt\u00e9s<\/em><\/span><br \/>\nA berendez\u00e9s \u00e1ll\u00f3, hengeres elrendez\u00e9s\u0171, m\u00e9lydombor\u00edt\u00e1s\u00fa fed\u00e9llel \u00e9s fen\u00e9kkel lez\u00e1rt konstrukci\u00f3, kett\u0151s k\u00f6peny\u0171, folyad\u00e9k h\u0171t\u00e9ssel \u00e9s f\u0171t\u00e9ssel. A fed\u00e9l karim\u00e1s csatlakoz\u00e1ssal, RATHMANN jelleg\u0171 csavark\u00f6t\u00e9ssel kapcsol\u00f3dik az \u00fcsth\u00f6z. A berendez\u00e9s gumi fut\u00f3fel\u00fclet\u0171 g\u00f6rg\u0151kkel felszerelt alv\u00e1zra t\u00e1maszkodik, k\u00f6nnyen a felhaszn\u00e1l\u00e1si helyre g\u00f6rd\u00edthet\u0151 \u00e9s flexibilisen csatlakoztathat\u00f3 a technol\u00f3giai sorba. A sz\u0171r\u0151kos\u00e1r perfor\u00e1lt fen\u00e9klapja leszerelhet\u0151, a sz\u0171r\u0151kos\u00e1r pereme \u00e9s a fen\u00e9klap k\u00f6z\u00e9 kell behelyezni a sz\u0171r\u0151v\u00e1sznat vagy sz\u0171r\u0151pap\u00edrt. A csatlakoztat\u00e1sok CTK-QC gyorscsatlakoz\u00f3kkal t\u00f6rt\u00e9nnek.<\/p>\n<p><span style=\"text-decoration: underline;\"><em>Alkalmaz\u00e1s<\/em><\/span><br \/>\nA k\u00e9sz\u00fcl\u00e9k \u00e1ltal\u00e1nos vegyipari, gy\u00f3gyszeripari, fest\u00e9k- \u00e9s m\u0171anyagipari, kozmetikai \u00e9s h\u00e1ztart\u00e1svegyipari felhaszn\u00e1l\u00e1sra k\u00e9sz\u00fclt. Rendeltet\u00e9se: a szil\u00e1rd \u00e9s folyad\u00e9kf\u00e1zisok sz\u00e9tv\u00e1laszt\u00e1sa emulzi\u00f3kb\u00f3l, kever\u00e9kekb\u0151l. T\u00edpus\u00e1t tekintve a gy\u00e1rtm\u00e1ny kosaras sz\u0171r\u0151, a sz\u0171r\u0151kosarak \u00e9s a sz\u0171r\u0151k\u00f6zegek megv\u00e1laszt\u00e1s\u00e1val \u00e1ltal\u00e1nos \u00e9s speci\u00e1lis sz\u0171r\u00e9si feladatok elv\u00e9gz\u00e9s\u00e9re haszn\u00e1lhat\u00f3. N\u00e9mely sz\u0171r\u00e9si elj\u00e1r\u00e1sn\u00e1l kem\u00e9ny k\u00e9reg vagy sz\u0171r\u0151lep\u00e9ny agglomeriz\u00e1ci\u00f3 j\u00f6n l\u00e9tre &#8211; ez akad\u00e1lyozza a hat\u00e9kony sz\u0171r\u00e9st. Az \u00f6ssze\u00e1llt csom\u00f3k \u00e9s a kem\u00e9ny r\u00e9tegek megsz\u00fcntet\u00e9s\u00e9re szolg\u00e1l a kever\u00f5 szerkezet, mely a sz\u0171r\u0151kos\u00e1rban k\u00f6rbe forgathat\u00f3 \u00e9s m\u0171k\u00f6d\u00e9si magass\u00e1ga is \u00e1ll\u00edthat\u00f3. Tov\u00e1bbi hasznos funkci\u00f3, hogy a kever\u0151szerkezettel megbolygatott sz\u0171r\u0151lep\u00e9ny k\u00f6nnyebben elt\u00e1vol\u00edthat\u00f3 a sz\u0171r\u0151kos\u00e1rb\u00f3l.<\/p>\n<p><span style=\"text-decoration: underline;\"><em>M\u0171k\u00f6d\u00e9s<\/em><\/span><br \/>\nNYOM\u00d3SZ\u0170R\u0150K\u00c9NT\u2013 Megkezdeni a sz\u0171rend\u0151 anyag bevezet\u00e9s\u00e9t a g\u00f6mbcsap fokozatos nyit\u00e1s\u00e1val. A l\u00e9gtelen\u00edt\u0151t z\u00e1rni, amikor megjelenik rajta a sz\u0171rend\u0151 anyag. Ha elfogyott a sz\u0171rend\u0151 anyag az anyagbevezet\u0151 csapot elz\u00e1rni, a l\u00e9gtelen\u00edt\u0151 csonkra csatlakoztatni a kinyomat\u00f3 k\u00f6zeg (leveg\u0151, nitrog\u00e9n) t\u00f6ml\u0151j\u00e9t \u00e9s a csap fokozatos nyit\u00e1s\u00e1val megnyomatni a sz\u0171r\u0151kos\u00e1r feletti anyagot. A C4 jel\u0171 csonkon \u00e1t mos\u00f3folyad\u00e9kot lehet a berendez\u00e9s belsej\u00e9be juttatni.<\/p>\n","protected":false},"excerpt":{"rendered":"<p>\u00a0CTK-130 Bolygatott kever\u0151s sz\u0171r\u0151 60\/40 M\u0171szaki le\u00edr\u00e1s, adatok, m\u00e9retek PDF form\u00e1tumban Fel\u00e9p\u00edt\u00e9s A berendez\u00e9s \u00e1ll\u00f3, hengeres elrendez\u00e9s\u0171, m\u00e9lydombor\u00edt\u00e1s\u00fa fed\u00e9llel \u00e9s fen\u00e9kkel lez\u00e1rt konstrukci\u00f3, kett\u0151s k\u00f6peny\u0171, folyad\u00e9k h\u0171t\u00e9ssel \u00e9s f\u0171t\u00e9ssel. A fed\u00e9l karim\u00e1s csatlakoz\u00e1ssal, RATHMANN jelleg\u0171 csavark\u00f6t\u00e9ssel kapcsol\u00f3dik az \u00fcsth\u00f6z. A berendez\u00e9s gumi fut\u00f3fel\u00fclet\u0171 g\u00f6rg\u0151kkel felszerelt alv\u00e1zra t\u00e1maszkodik, k\u00f6nnyen a felhaszn\u00e1l\u00e1si helyre g\u00f6rd\u00edthet\u0151 \u00e9s flexibilisen csatlakoztathat\u00f3 &hellip; <\/p>\n<p class=\"link-more\"><a href=\"http:\/\/www.chph.hu\/?page_id=262\" class=\"more-link\"><span class=\"screen-reader-text\">&#8222;Bolygatott, kever\u0151s sz\u0171r\u0151k&#8221;<\/span> b\u0151vebben<\/a><\/p>\n","protected":false},"author":1,"featured_media":0,"parent":0,"menu_order":0,"comment_status":"open","ping_status":"open","template":"","meta":{"footnotes":""},"class_list":["post-262","page","type-page","status-publish","hentry"],"_links":{"self":[{"href":"http:\/\/www.chph.hu\/index.php?rest_route=\/wp\/v2\/pages\/262","targetHints":{"allow":["GET"]}}],"collection":[{"href":"http:\/\/www.chph.hu\/index.php?rest_route=\/wp\/v2\/pages"}],"about":[{"href":"http:\/\/www.chph.hu\/index.php?rest_route=\/wp\/v2\/types\/page"}],"author":[{"embeddable":true,"href":"http:\/\/www.chph.hu\/index.php?rest_route=\/wp\/v2\/users\/1"}],"replies":[{"embeddable":true,"href":"http:\/\/www.chph.hu\/index.php?rest_route=%2Fwp%2Fv2%2Fcomments&post=262"}],"version-history":[{"count":2,"href":"http:\/\/www.chph.hu\/index.php?rest_route=\/wp\/v2\/pages\/262\/revisions"}],"predecessor-version":[{"id":786,"href":"http:\/\/www.chph.hu\/index.php?rest_route=\/wp\/v2\/pages\/262\/revisions\/786"}],"wp:attachment":[{"href":"http:\/\/www.chph.hu\/index.php?rest_route=%2Fwp%2Fv2%2Fmedia&parent=262"}],"curies":[{"name":"wp","href":"https:\/\/api.w.org\/{rel}","templated":true}]}}