{"id":292,"date":"2015-04-07T09:44:18","date_gmt":"2015-04-07T09:44:18","guid":{"rendered":"http:\/\/www.chph.hu\/?page_id=292"},"modified":"2015-04-07T09:44:18","modified_gmt":"2015-04-07T09:44:18","slug":"goz-viz-keverok","status":"publish","type":"page","link":"http:\/\/www.chph.hu\/?page_id=292","title":{"rendered":"G\u0151z-v\u00edz kever\u0151k"},"content":{"rendered":"<p style=\"text-align: center;\"><img loading=\"lazy\" decoding=\"async\" class=\" size-full wp-image-293 aligncenter\" src=\"http:\/\/www.chph.hu\/wp-content\/uploads\/2015\/04\/5HWE.jpg\" alt=\"5HWE\" width=\"355\" height=\"470\" \/>CTK-HWE G\u0151z-v\u00edz kever\u0151<br \/>\n<a href=\"http:\/\/www.chph.hu\/wp-content\/uploads\/2015\/04\/5hwe.pdf\" target=\"_blank\">M\u0171szaki le\u00edr\u00e1s, adatok, m\u00e9retek PDF form\u00e1tumban<\/a><\/p>\n<p><span style=\"text-decoration: underline;\"><em>Le\u00edr\u00e1s<\/em><\/span><br \/>\nA berendez\u00e9s a vizet k\u00f6zvetlen g\u0151zbef\u00fav\u00e1sos elj\u00e1r\u00e1s sor\u00e1n meleg\u00edti fel.<\/p>\n<p><span style=\"text-decoration: underline;\"><em>Alkalmaz\u00e1s<\/em><\/span><br \/>\nA berendez\u00e9s ipari \u00e9s haszn\u00e1lati melegv\u00edz el\u0151\u00e1ll\u00edt\u00e1s\u00e1ra alkalmas. F\u0171t\u00e9st ig\u00e9nyl\u0151 technol\u00f3giai rendszerrel \u00f6sszekapcsolva a kapcsolt rendszer felf\u0171t\u00e9s\u00e9hez, h\u0151ntart\u00e1s\u00e1hoz sz\u00fcks\u00e9ges melegvizet k\u00e9pes biztos\u00edtani seg\u00e9dberendez\u00e9sek alkalmaz\u00e1s\u00e1val.<\/p>\n","protected":false},"excerpt":{"rendered":"<p>CTK-HWE G\u0151z-v\u00edz kever\u0151 M\u0171szaki le\u00edr\u00e1s, adatok, m\u00e9retek PDF form\u00e1tumban Le\u00edr\u00e1s A berendez\u00e9s a vizet k\u00f6zvetlen g\u0151zbef\u00fav\u00e1sos elj\u00e1r\u00e1s sor\u00e1n meleg\u00edti fel. Alkalmaz\u00e1s A berendez\u00e9s ipari \u00e9s haszn\u00e1lati melegv\u00edz el\u0151\u00e1ll\u00edt\u00e1s\u00e1ra alkalmas. F\u0171t\u00e9st ig\u00e9nyl\u0151 technol\u00f3giai rendszerrel \u00f6sszekapcsolva a kapcsolt rendszer felf\u0171t\u00e9s\u00e9hez, h\u0151ntart\u00e1s\u00e1hoz sz\u00fcks\u00e9ges melegvizet k\u00e9pes biztos\u00edtani seg\u00e9dberendez\u00e9sek alkalmaz\u00e1s\u00e1val.<\/p>\n","protected":false},"author":1,"featured_media":0,"parent":0,"menu_order":0,"comment_status":"open","ping_status":"open","template":"","meta":{"footnotes":""},"class_list":["post-292","page","type-page","status-publish","hentry"],"_links":{"self":[{"href":"http:\/\/www.chph.hu\/index.php?rest_route=\/wp\/v2\/pages\/292","targetHints":{"allow":["GET"]}}],"collection":[{"href":"http:\/\/www.chph.hu\/index.php?rest_route=\/wp\/v2\/pages"}],"about":[{"href":"http:\/\/www.chph.hu\/index.php?rest_route=\/wp\/v2\/types\/page"}],"author":[{"embeddable":true,"href":"http:\/\/www.chph.hu\/index.php?rest_route=\/wp\/v2\/users\/1"}],"replies":[{"embeddable":true,"href":"http:\/\/www.chph.hu\/index.php?rest_route=%2Fwp%2Fv2%2Fcomments&post=292"}],"version-history":[{"count":1,"href":"http:\/\/www.chph.hu\/index.php?rest_route=\/wp\/v2\/pages\/292\/revisions"}],"predecessor-version":[{"id":295,"href":"http:\/\/www.chph.hu\/index.php?rest_route=\/wp\/v2\/pages\/292\/revisions\/295"}],"wp:attachment":[{"href":"http:\/\/www.chph.hu\/index.php?rest_route=%2Fwp%2Fv2%2Fmedia&parent=292"}],"curies":[{"name":"wp","href":"https:\/\/api.w.org\/{rel}","templated":true}]}}