{"id":297,"date":"2015-04-07T09:47:48","date_gmt":"2015-04-07T09:47:48","guid":{"rendered":"http:\/\/www.chph.hu\/?page_id=297"},"modified":"2015-04-07T09:47:48","modified_gmt":"2015-04-07T09:47:48","slug":"gozuzemu-hokozpont","status":"publish","type":"page","link":"http:\/\/www.chph.hu\/?page_id=297","title":{"rendered":"G\u0151z\u00fczem\u0171 h\u0151k\u00f6zpont"},"content":{"rendered":"<p style=\"text-align: center;\"><img loading=\"lazy\" decoding=\"async\" class=\" size-full wp-image-298 aligncenter\" src=\"http:\/\/www.chph.hu\/wp-content\/uploads\/2015\/04\/5HWS.jpg\" alt=\"5HWS\" width=\"354\" height=\"470\" \/>CTK-HWS G\u0151z\u00fczem\u0171 h\u0151k\u00f6zpont<br \/>\n<a href=\"http:\/\/www.chph.hu\/wp-content\/uploads\/2015\/04\/5hws.pdf\" target=\"_blank\">M\u0171szaki le\u00edr\u00e1s, adatok, m\u00e9retek PDF form\u00e1tumban<\/a><\/p>\n<p><span style=\"text-decoration: underline;\"><em>Le\u00edr\u00e1s<\/em><\/span><br \/>\nG\u00f6rd\u00edthet\u0151 ill. flexibilisen csatlakoztathat\u00f3, biztos\u00edtja v\u00e1ltoz\u00f3 fel\u00e1ll\u00edt\u00e1si helyeken t\u00f6rt\u00e9n\u0151 \u00fczemeltet\u00e9s\u00e9t. K\u00f6nny\u0171v\u00e9 teszi megl\u00e9v\u0151, m\u00e1r ki\u00e9p\u00edtett rendszerekn\u00e9l val\u00f3 fel\u00e1ll\u00edt\u00e1s\u00e1t. Sz\u00e9les hat\u00e1rok k\u00f6z\u00f6tt v\u00e1ltoztathat\u00f3 param\u00e9terek, monoblokk kivitel, fel\u00fcgyelet n\u00e9lk\u00fcli m\u0171k\u00f6dtet\u00e9s.<\/p>\n<p><span style=\"text-decoration: underline;\"><em>Alkalmaz\u00e1s<\/em><\/span><br \/>\nIpari \u00e9s\/vagy haszn\u00e1lati melegv\u00edz el\u0151\u00e1ll\u00edt\u00e1s\u00e1ra, f\u0171t\u00e9st ig\u00e9nyl\u0151 technol\u00f3giai rendszerrel \u00f6sszekapcsolva a kapcsolt rendszer felf\u0171t\u00e9s\u00e9t, h\u0151ntart\u00e1s\u00e1t, visszah\u0171t\u00e9s\u00e9t k\u00e9pes ell\u00e1tni tov\u00e1bbi berendez\u00e9sek seg\u00edts\u00e9ge n\u00e9lk\u00fcl. Telep\u00edthet\u0151 minden olyan helyre, ahol v\u00edzvezet\u00e9k, g\u0151zvezet\u00e9k, visszat\u00e9r\u0151 v\u00edzvezet\u00e9k vagy csatorna ki van \u00e9p\u00edtve vagy ki\u00e9p\u00edthet\u0151. A t\u00falfoly\u00e1si pontnak a kapcsolt rendszer legfels\u0151 pontja felett kell lennie. A k\u00e9sz\u00fcl\u00e9k a vizet k\u00f6zvetlen g\u0151zbef\u00fav\u00e1sos g\u0151z-v\u00edz kever\u0151 egys\u00e9gben a k\u00edv\u00e1nt (be\u00e1ll\u00edtott) h\u0151m\u00e9rs\u00e9kletre meleg\u00edti fel. A melegvizet szivatty\u00fa cirkul\u00e1ltatja.<\/p>\n","protected":false},"excerpt":{"rendered":"<p>CTK-HWS G\u0151z\u00fczem\u0171 h\u0151k\u00f6zpont M\u0171szaki le\u00edr\u00e1s, adatok, m\u00e9retek PDF form\u00e1tumban Le\u00edr\u00e1s G\u00f6rd\u00edthet\u0151 ill. flexibilisen csatlakoztathat\u00f3, biztos\u00edtja v\u00e1ltoz\u00f3 fel\u00e1ll\u00edt\u00e1si helyeken t\u00f6rt\u00e9n\u0151 \u00fczemeltet\u00e9s\u00e9t. K\u00f6nny\u0171v\u00e9 teszi megl\u00e9v\u0151, m\u00e1r ki\u00e9p\u00edtett rendszerekn\u00e9l val\u00f3 fel\u00e1ll\u00edt\u00e1s\u00e1t. Sz\u00e9les hat\u00e1rok k\u00f6z\u00f6tt v\u00e1ltoztathat\u00f3 param\u00e9terek, monoblokk kivitel, fel\u00fcgyelet n\u00e9lk\u00fcli m\u0171k\u00f6dtet\u00e9s. Alkalmaz\u00e1s Ipari \u00e9s\/vagy haszn\u00e1lati melegv\u00edz el\u0151\u00e1ll\u00edt\u00e1s\u00e1ra, f\u0171t\u00e9st ig\u00e9nyl\u0151 technol\u00f3giai rendszerrel \u00f6sszekapcsolva a kapcsolt rendszer felf\u0171t\u00e9s\u00e9t, h\u0151ntart\u00e1s\u00e1t, visszah\u0171t\u00e9s\u00e9t &hellip; <\/p>\n<p class=\"link-more\"><a href=\"http:\/\/www.chph.hu\/?page_id=297\" class=\"more-link\"><span class=\"screen-reader-text\">&#8222;G\u0151z\u00fczem\u0171 h\u0151k\u00f6zpont&#8221;<\/span> b\u0151vebben<\/a><\/p>\n","protected":false},"author":1,"featured_media":0,"parent":0,"menu_order":0,"comment_status":"open","ping_status":"open","template":"","meta":{"footnotes":""},"class_list":["post-297","page","type-page","status-publish","hentry"],"_links":{"self":[{"href":"http:\/\/www.chph.hu\/index.php?rest_route=\/wp\/v2\/pages\/297","targetHints":{"allow":["GET"]}}],"collection":[{"href":"http:\/\/www.chph.hu\/index.php?rest_route=\/wp\/v2\/pages"}],"about":[{"href":"http:\/\/www.chph.hu\/index.php?rest_route=\/wp\/v2\/types\/page"}],"author":[{"embeddable":true,"href":"http:\/\/www.chph.hu\/index.php?rest_route=\/wp\/v2\/users\/1"}],"replies":[{"embeddable":true,"href":"http:\/\/www.chph.hu\/index.php?rest_route=%2Fwp%2Fv2%2Fcomments&post=297"}],"version-history":[{"count":1,"href":"http:\/\/www.chph.hu\/index.php?rest_route=\/wp\/v2\/pages\/297\/revisions"}],"predecessor-version":[{"id":300,"href":"http:\/\/www.chph.hu\/index.php?rest_route=\/wp\/v2\/pages\/297\/revisions\/300"}],"wp:attachment":[{"href":"http:\/\/www.chph.hu\/index.php?rest_route=%2Fwp%2Fv2%2Fmedia&parent=297"}],"curies":[{"name":"wp","href":"https:\/\/api.w.org\/{rel}","templated":true}]}}