{"id":307,"date":"2015-04-07T09:59:00","date_gmt":"2015-04-07T09:59:00","guid":{"rendered":"http:\/\/www.chph.hu\/?page_id=307"},"modified":"2015-04-07T10:00:50","modified_gmt":"2015-04-07T10:00:50","slug":"307-2","status":"publish","type":"page","link":"http:\/\/www.chph.hu\/?page_id=307","title":{"rendered":"Robban\u00e1sbiztos bevil\u00e1g\u00edt\u00f3 l\u00e1mpa"},"content":{"rendered":"<p style=\"text-align: center;\"><img loading=\"lazy\" decoding=\"async\" class=\" size-full wp-image-308 aligncenter\" src=\"http:\/\/www.chph.hu\/wp-content\/uploads\/2015\/04\/5LA20.jpg\" alt=\"5LA20\" width=\"353\" height=\"470\" \/>CTK-LA20 EN Robban\u00e1sbiztos bevil\u00e1g\u00edt\u00f3 l\u00e1mpa<br \/>\n<a href=\"http:\/\/www.chph.hu\/wp-content\/uploads\/2015\/04\/5la20.pdf\" target=\"_blank\">M\u0171szaki le\u00edr\u00e1s, adatok, m\u00e9retek PDF form\u00e1tumban<\/a><\/p>\n<p><span style=\"text-decoration: underline;\"><em>Le\u00edr\u00e1s<\/em><\/span><br \/>\nA CTK-LA t\u00edpus\u00fa robban\u00e1sbiztos bevil\u00e1g\u00edt\u00f3 l\u00e1mpa a vegyipar c\u00e9ljaira kifejlesztett, nagy f\u00e9nyerej\u0171 halog\u00e9n izz\u00f3val felszerelt, sz\u00e9lesk\u00f6r\u0171en alkalmazhat\u00f3 f\u00e9nyforr\u00e1s. A l\u00e1mp\u00e1k a BKI vizsg\u00e1lata alapj\u00e1n, darabonk\u00e9nti gy\u00e1rt\u00e1sk\u00f6zi ellen\u0151rz\u00e9ssel k\u00e9sz\u00fclnek, az EURONORM szabv\u00e1nyok el\u0151\u00edr\u00e1sa szerint.<\/p>\n<p><span style=\"text-decoration: underline;\"><em>Alkalmaz\u00e1s<\/em><\/span><br \/>\nVegyipari tart\u00e1lyok, reaktorok bevil\u00e1g\u00edt\u00f3 l\u00e1mp\u00e1ja.<br \/>\nCs\u0151vezet\u00e9ki \u00e1tfoly\u00e1sfigyel\u0151k megvil\u00e1g\u00edt\u00e1s\u00e1ra.<br \/>\nCentrifug\u00e1k bevil\u00e1g\u00edt\u00f3 l\u00e1mp\u00e1ja.<\/p>\n<p><span style=\"text-decoration: underline;\"><em>R\u00f6gz\u00edt\u00e9s<\/em><\/span><br \/>\nKarim\u00e1s<br \/>\nCsukl\u00f3s, elford\u00edthat\u00f3<br \/>\nElcs\u00fasztathat\u00f3<\/p>\n<p><span style=\"text-decoration: underline;\"><em>Megrendel\u00e9si p\u00e9lda<\/em><\/span><br \/>\nCTK-LA bevil\u00e1g\u00edt\u00f3 l\u00e1mpa, 20 W karim\u00e1s r\u00f6gz\u00edt\u00e9s N\u00c1 100-as csonkra.<\/p>\n","protected":false},"excerpt":{"rendered":"<p>CTK-LA20 EN Robban\u00e1sbiztos bevil\u00e1g\u00edt\u00f3 l\u00e1mpa M\u0171szaki le\u00edr\u00e1s, adatok, m\u00e9retek PDF form\u00e1tumban Le\u00edr\u00e1s A CTK-LA t\u00edpus\u00fa robban\u00e1sbiztos bevil\u00e1g\u00edt\u00f3 l\u00e1mpa a vegyipar c\u00e9ljaira kifejlesztett, nagy f\u00e9nyerej\u0171 halog\u00e9n izz\u00f3val felszerelt, sz\u00e9lesk\u00f6r\u0171en alkalmazhat\u00f3 f\u00e9nyforr\u00e1s. A l\u00e1mp\u00e1k a BKI vizsg\u00e1lata alapj\u00e1n, darabonk\u00e9nti gy\u00e1rt\u00e1sk\u00f6zi ellen\u0151rz\u00e9ssel k\u00e9sz\u00fclnek, az EURONORM szabv\u00e1nyok el\u0151\u00edr\u00e1sa szerint. Alkalmaz\u00e1s Vegyipari tart\u00e1lyok, reaktorok bevil\u00e1g\u00edt\u00f3 l\u00e1mp\u00e1ja. Cs\u0151vezet\u00e9ki \u00e1tfoly\u00e1sfigyel\u0151k megvil\u00e1g\u00edt\u00e1s\u00e1ra. Centrifug\u00e1k &hellip; <\/p>\n<p class=\"link-more\"><a href=\"http:\/\/www.chph.hu\/?page_id=307\" class=\"more-link\"><span class=\"screen-reader-text\">&#8222;Robban\u00e1sbiztos bevil\u00e1g\u00edt\u00f3 l\u00e1mpa&#8221;<\/span> b\u0151vebben<\/a><\/p>\n","protected":false},"author":1,"featured_media":0,"parent":0,"menu_order":0,"comment_status":"open","ping_status":"open","template":"","meta":{"footnotes":""},"class_list":["post-307","page","type-page","status-publish","hentry"],"_links":{"self":[{"href":"http:\/\/www.chph.hu\/index.php?rest_route=\/wp\/v2\/pages\/307","targetHints":{"allow":["GET"]}}],"collection":[{"href":"http:\/\/www.chph.hu\/index.php?rest_route=\/wp\/v2\/pages"}],"about":[{"href":"http:\/\/www.chph.hu\/index.php?rest_route=\/wp\/v2\/types\/page"}],"author":[{"embeddable":true,"href":"http:\/\/www.chph.hu\/index.php?rest_route=\/wp\/v2\/users\/1"}],"replies":[{"embeddable":true,"href":"http:\/\/www.chph.hu\/index.php?rest_route=%2Fwp%2Fv2%2Fcomments&post=307"}],"version-history":[{"count":2,"href":"http:\/\/www.chph.hu\/index.php?rest_route=\/wp\/v2\/pages\/307\/revisions"}],"predecessor-version":[{"id":312,"href":"http:\/\/www.chph.hu\/index.php?rest_route=\/wp\/v2\/pages\/307\/revisions\/312"}],"wp:attachment":[{"href":"http:\/\/www.chph.hu\/index.php?rest_route=%2Fwp%2Fv2%2Fmedia&parent=307"}],"curies":[{"name":"wp","href":"https:\/\/api.w.org\/{rel}","templated":true}]}}