{"id":318,"date":"2015-04-07T10:11:35","date_gmt":"2015-04-07T10:11:35","guid":{"rendered":"http:\/\/www.chph.hu\/?page_id=318"},"modified":"2015-04-07T10:11:35","modified_gmt":"2015-04-07T10:11:35","slug":"mintavevo-szelep","status":"publish","type":"page","link":"http:\/\/www.chph.hu\/?page_id=318","title":{"rendered":"Mintavev\u0151 szelep"},"content":{"rendered":"<p style=\"text-align: center;\"><img loading=\"lazy\" decoding=\"async\" class=\" size-full wp-image-319 aligncenter\" src=\"http:\/\/www.chph.hu\/wp-content\/uploads\/2015\/04\/5VS.jpg\" alt=\"5VS\" width=\"470\" height=\"470\" srcset=\"http:\/\/www.chph.hu\/wp-content\/uploads\/2015\/04\/5VS.jpg 470w, http:\/\/www.chph.hu\/wp-content\/uploads\/2015\/04\/5VS-300x300.jpg 300w, http:\/\/www.chph.hu\/wp-content\/uploads\/2015\/04\/5VS-100x100.jpg 100w\" sizes=\"auto, (max-width: 470px) 100vw, 470px\" \/>CTK-VS Holtt\u00e9rmentes mintavev\u0151 szelep<br \/>\n<a href=\"http:\/\/www.chph.hu\/wp-content\/uploads\/2015\/04\/5vs.pdf\" target=\"_blank\">M\u0171szaki le\u00edr\u00e1s, adatok, m\u00e9retek PDF form\u00e1tumban<\/a><\/p>\n<p><span style=\"text-decoration: underline;\"><em>Fel\u00e9p\u00edt\u00e9s<\/em><\/span><br \/>\nTest: Korr\u00f3zi\u00f3\u00e1ll\u00f3 ac\u00e9l. KO36Ti, 1.4571, 1.4404<br \/>\nDugatty\u00fa: Korr\u00f3zi\u00f3\u00e1ll\u00f3 ac\u00e9l. KO36Ti,.4571, 1.4404<br \/>\nGyorscsatlakoz\u00f3: 1.4435. Tri-Clamp, vagy Kamlok csatlakoz\u00f3.<br \/>\nT\u00f6m\u00edt\u00e9sek: PTFE bevonat\u00fa Viton \u201cO&#8221;-gy\u0171r\u0171, gyorscsatlakoz\u00f3n\u00e1l Viton.<br \/>\nK\u00edv\u00e1ns\u00e1g szerint Tri-Clamp, vagy kamlok csatlakoz\u00e1s\u00fa, elz\u00e1r\u00f3 szerelv\u00e9nnyel ell\u00e1tott, F6 jel\u0171 \u00fcveg gy\u0171jt\u0151ed\u00e9nnyel, valamint \u00e1t\u00f6bl\u00edthe\u0151\u00f5 kivitelben az F7 jel\u0171 \u00f6bl\u00edt\u0151csonkkal szerelve sz\u00e1ll\u00edtjuk a mintavev\u0151 szelepet.<\/p>\n<p><span style=\"text-decoration: underline;\"><em>Alkalmaz\u00e1s<\/em><\/span><br \/>\nA reaktor alj\u00e1ra \u00e9p\u00edtett t\u0151peremre szerelve, a reaktor munkater\u00e9ben lev\u0151 folyad\u00e9k mintav\u00e9telez\u00e9se.<\/p>\n<p><span style=\"text-decoration: underline;\"><em>Le\u00edr\u00e1s<\/em><\/span><br \/>\nAlaphelyzet: Z\u00e1rt helyzetben az \u00fcreges gy\u0171jt\u0151dugatty\u00fa a k\u00e9sz\u00fcl\u00e9kfalba simul, \u00edgy nem alakulhat ki holtt\u00e9r. A dugatty\u00fat 2db. PTFE bevonat\u00fa \u201cO&#8221; gy\u0171r\u0171 t\u00f6m\u00edti.<br \/>\nMintav\u00e9tel: Az F5 jel\u0171 forgat\u00f3kart az \u00f3ramutat\u00f3 j\u00e1r\u00e1s\u00e1val megegyez\u0151 ir\u00e1nyban \u00fctk\u00f6z\u00e9sig tekerve, az ors\u00f3 \u00e1ltal mozgatott \u00fcreges gy\u0171jt\u0151dugatty\u00fa kiemelkedik a reaktor munkater\u00e9be. A dugatty\u00fa tetej\u00e9n kialak\u00edtott F1-jel\u0171 gy\u0171jt\u0151furaton kereszt\u00fcl a folyad\u00e9k a dugatty\u00fa belsej\u00e9be, ahonnan az F2-jel\u0171 furaton kereszt\u00fcl a h\u00e1z bels\u0151 fala \u00e9s a dugatty\u00fa k\u00f6z\u00f6tti t\u00e9ren \u00e1t az F3-jel\u0171 \u00fcr\u00edt\u0151cs\u00f6v\u00f6n kereszt\u00fcl \u00e1ramlik a csatlakoztatott gy\u0171jt\u0151ed\u00e9ny fel\u00e9. A mintav\u00e9tel v\u00e9g\u00e9n az F5 jel\u0171 k\u00e9ziker\u00e9k \u00f3ramutat\u00f3 j\u00e1r\u00e1s\u00e1val ellent\u00e9tes ir\u00e1nyba, \u00fctk\u00f6z\u00e9sig t\u00f6rt\u00e9n\u0151 forgat\u00e1s\u00e1val z\u00e1rt alaphelyzetbe \u00e1ll\u00edtand\u00f3 a mintavev\u0151 gy\u0171jt\u0151dugatty\u00faja. A kitekered\u00e9s ellen a gy\u0171jt\u0151dugatty\u00fat az F4 jel\u0171 csavar biztos\u00edtja.<\/p>\n","protected":false},"excerpt":{"rendered":"<p>CTK-VS Holtt\u00e9rmentes mintavev\u0151 szelep M\u0171szaki le\u00edr\u00e1s, adatok, m\u00e9retek PDF form\u00e1tumban Fel\u00e9p\u00edt\u00e9s Test: Korr\u00f3zi\u00f3\u00e1ll\u00f3 ac\u00e9l. KO36Ti, 1.4571, 1.4404 Dugatty\u00fa: Korr\u00f3zi\u00f3\u00e1ll\u00f3 ac\u00e9l. KO36Ti,.4571, 1.4404 Gyorscsatlakoz\u00f3: 1.4435. Tri-Clamp, vagy Kamlok csatlakoz\u00f3. T\u00f6m\u00edt\u00e9sek: PTFE bevonat\u00fa Viton \u201cO&#8221;-gy\u0171r\u0171, gyorscsatlakoz\u00f3n\u00e1l Viton. K\u00edv\u00e1ns\u00e1g szerint Tri-Clamp, vagy kamlok csatlakoz\u00e1s\u00fa, elz\u00e1r\u00f3 szerelv\u00e9nnyel ell\u00e1tott, F6 jel\u0171 \u00fcveg gy\u0171jt\u0151ed\u00e9nnyel, valamint \u00e1t\u00f6bl\u00edthe\u0151\u00f5 kivitelben az F7 jel\u0171 \u00f6bl\u00edt\u0151csonkkal &hellip; <\/p>\n<p class=\"link-more\"><a href=\"http:\/\/www.chph.hu\/?page_id=318\" class=\"more-link\"><span class=\"screen-reader-text\">&#8222;Mintavev\u0151 szelep&#8221;<\/span> b\u0151vebben<\/a><\/p>\n","protected":false},"author":1,"featured_media":0,"parent":0,"menu_order":0,"comment_status":"open","ping_status":"open","template":"","meta":{"footnotes":""},"class_list":["post-318","page","type-page","status-publish","hentry"],"_links":{"self":[{"href":"http:\/\/www.chph.hu\/index.php?rest_route=\/wp\/v2\/pages\/318","targetHints":{"allow":["GET"]}}],"collection":[{"href":"http:\/\/www.chph.hu\/index.php?rest_route=\/wp\/v2\/pages"}],"about":[{"href":"http:\/\/www.chph.hu\/index.php?rest_route=\/wp\/v2\/types\/page"}],"author":[{"embeddable":true,"href":"http:\/\/www.chph.hu\/index.php?rest_route=\/wp\/v2\/users\/1"}],"replies":[{"embeddable":true,"href":"http:\/\/www.chph.hu\/index.php?rest_route=%2Fwp%2Fv2%2Fcomments&post=318"}],"version-history":[{"count":1,"href":"http:\/\/www.chph.hu\/index.php?rest_route=\/wp\/v2\/pages\/318\/revisions"}],"predecessor-version":[{"id":321,"href":"http:\/\/www.chph.hu\/index.php?rest_route=\/wp\/v2\/pages\/318\/revisions\/321"}],"wp:attachment":[{"href":"http:\/\/www.chph.hu\/index.php?rest_route=%2Fwp%2Fv2%2Fmedia&parent=318"}],"curies":[{"name":"wp","href":"https:\/\/api.w.org\/{rel}","templated":true}]}}