{"id":328,"date":"2015-04-07T10:32:03","date_gmt":"2015-04-07T10:32:03","guid":{"rendered":"http:\/\/www.chph.hu\/?page_id=328"},"modified":"2015-04-07T10:32:03","modified_gmt":"2015-04-07T10:32:03","slug":"faziselvalaszto","status":"publish","type":"page","link":"http:\/\/www.chph.hu\/?page_id=328","title":{"rendered":"F\u00e1ziselv\u00e1laszt\u00f3"},"content":{"rendered":"<p style=\"text-align: center;\"><img loading=\"lazy\" decoding=\"async\" class=\" size-full wp-image-329 aligncenter\" src=\"http:\/\/www.chph.hu\/wp-content\/uploads\/2015\/04\/6AFSS32X80.jpg\" alt=\"6AFSS32X80\" width=\"354\" height=\"470\" \/>CTK-FSS80 F\u00e1ziselv\u00e1laszt\u00f3 robban\u00e1sbiztos<br \/>\nbevil\u00e1g\u00edt\u00f3 l\u00e1mp\u00e1val<br \/>\n<a href=\"http:\/\/www.chph.hu\/wp-content\/uploads\/2015\/04\/6afss32x80.pdf\" target=\"_blank\">M\u0171szaki le\u00edr\u00e1s, adatok, m\u00e9retek PDF form\u00e1tumban<\/a><\/p>\n<p><span style=\"text-decoration: underline;\"><em>Fel\u00e9p\u00edt\u00e9s<\/em><\/span><br \/>\nA berendez\u00e9s \u00fagy lett kialak\u00edtva, hogy a fels\u00f5 r\u00e9sze a c\u00e9lk\u00e9sz\u00fcl\u00e9khez csatlakozzon. Ezen helyezkedik el a kiszell\u0151ztet\u0151 csonk. Az als\u00f3 r\u00e9sze a k\u00fcl\u00f6nb\u00f6z\u0151 f\u00e1zisok elvezet\u00e9s\u00e9re szolg\u00e1l\u00f3 csonkok \u00e9s a m\u00e9r\u0151m\u0171szer be\u00e9p\u00edt\u00e9s\u00e9hez lett kialak\u00edtva. A k\u00e9t sav\u00e1ll\u00f3 f\u00e9mr\u00e9sz k\u00f6z\u00e9 \u00fcvegcs\u0151 ker\u00fcl be\u00e9p\u00edt\u00e9sre, speci\u00e1lis csatlakoz\u00f3 karim\u00e1kkal. Az \u00fcvegcs\u0151 \u00e9s a mell\u00e9 szerelt l\u00e1mpa a f\u00e1zisv\u00e1ltoz\u00e1s vizu\u00e1lis figyel\u00e9s\u00e9re ad lehet\u0151s\u00e9get.<\/p>\n<p><span style=\"text-decoration: underline;\"><em>Alkalmaz\u00e1s<\/em><\/span><br \/>\nA berendez\u00e9s k\u00fcl\u00f6nb\u00f6z\u0151 folyad\u00e9kf\u00e1zisok sz\u00e9tv\u00e1laszt\u00e1si m\u0171velet\u00e9t teszi egyszer\u0171v\u00e9, ellen\u0151rizhet\u0151v\u00e9 \u00e9s megb\u00edzhat\u00f3v\u00e1. Szakaszos extrakci\u00f3s m\u0171veleteket is tartalmaz\u00f3 vegyipari elj\u00e1r\u00e1sokn\u00e1l lehet j\u00f3l kihaszn\u00e1lni, ahol az egyik k\u00f6zeg \u00e1ltal\u00e1ban v\u00edz a m\u00e1sik pedig szerves old\u00f3szer. A berendez\u00e9s els\u0151dleges funkci\u00f3ja, \u00e9s l\u00e9nyegi c\u00e9lja, hogy a rajta kereszt\u00fclvezetett folyad\u00e9k\u00e1ram \u00e1thalad\u00e1sa sor\u00e1n ar\u00e1nyos anal\u00f3g jelet adjon az \u00e1t\u00e1raml\u00f3 folyad\u00e9k adott tulajdons\u00e1g v\u00e1ltoz\u00e1s\u00e1r\u00f3l. Ezzel az elv\u00e1laszt\u00e1si m\u0171velet emberi t\u00e9nyez\u0151kt\u0151l f\u00fcggetlen\u00edthet\u0151, \u00e9s az elv\u00e1laszt\u00e1s el\u0151re meghat\u00e1rozott adatok alapj\u00e1n elv\u00e9gezhet\u0151. A berendez\u00e9s lehet\u0151v\u00e9 teszi az elv\u00e1laszt\u00e1si m\u0171velet automatiz\u00e1l\u00e1s\u00e1t is \u00fagy, hogy a k\u00eds\u00e9rletileg meghat\u00e1rozott kritikus jel el\u00e9r\u00e9se eset\u00e9n a k\u00fcl\u00f6nb\u00f6z\u0151 f\u00e1zisok a megfelel\u0151 csonkon \u00e1t hagyj\u00e1k el a k\u00e9sz\u00fcl\u00e9ket az \u00f6sszehangolt poz\u00edci\u00f3j\u00fa szerelv\u00e9nyeken kereszt\u00fcl. A berendez\u00e9s minden anyaggal \u00e9rintkez\u0151 szerkezeti egys\u00e9ge vagy sav\u00e1ll\u00f3 ac\u00e9lb\u00f3l, vagy a vizu\u00e1lis ellen\u0151rizhet\u0151s\u00e9get is biztos\u00edt\u00f3 vegyszer\u00e1ll\u00f3 \u00fcvegb\u0151l k\u00e9sz\u00fcl. A t\u00f6m\u00edt\u00e9sek anyaga PTFE.<\/p>\n<p><span style=\"text-decoration: underline;\"><em>M\u0171k\u00f6d\u00e9s<\/em><\/span><br \/>\nA k\u00e9sz\u00fcl\u00e9k m\u00e9r\u0151ter\u00e9n \u00e1thalad\u00f3 folyad\u00e9k\u00e1ram anyagi min\u0151s\u00e9g\u00e9ben be\u00e1llt v\u00e1ltoz\u00e1s\u00e1r\u00f3l a m\u00e9r\u0151szonda anal\u00f3g jelet tov\u00e1bb\u00edt. A jelfeldolgoz\u00e1s illetve \u00e9rt\u00e9kel\u00e9s szempontj\u00e1b\u00f3l az a kedvez\u0151 \u00e1llapot, amikor a k\u00e9t f\u00e1zis meghat\u00e1roz\u00f3 jellemz\u0151i t\u00e1vol esnek egym\u00e1shoz. Ilyen esetekben m\u00e9g az esetleges emulzi\u00f3 f\u0151komponenseinek \u00f6sszet\u00e9tele is j\u00f3l k\u00f6vethet\u0151. Amennyiben a k\u00f6nny\u0171 f\u00e1zis ar\u00e1nya a tejes t\u00f6ltetben alacsony, a f\u00e1zishat\u00e1r meg\u0151rz\u00e9se (v\u00f6. t\u00f6lcs\u00e9r k\u00e9pz\u0151d\u00e9s) a C3 csonkra \u00e9p\u00edtett fojt\u00f3szelep megfelel\u0151 be\u00e1ll\u00edt\u00e1s\u00e1val biztos\u00edthat\u00f3.<\/p>\n<p><span style=\"text-decoration: underline;\"><em>Megrendel\u00e9si p\u00e9lda<\/em><\/span><br \/>\nCTK-FSS80-LA tip. f\u00e1ziselv\u00e1laszt\u00f3 robban\u00e1sbiztos bevil\u00e1g\u00edt\u00f3l\u00e1mp\u00e1val, vagy CTK-AFSS40 tip. automata f\u00e1ziselv\u00e1laszt\u00f3 bevil\u00e1g\u00edt\u00f3l\u00e1mpa n\u00e9lk\u00fcl, k\u00e9zi szab\u00e1lyoz\u00e1ssal.<\/p>\n","protected":false},"excerpt":{"rendered":"<p>CTK-FSS80 F\u00e1ziselv\u00e1laszt\u00f3 robban\u00e1sbiztos bevil\u00e1g\u00edt\u00f3 l\u00e1mp\u00e1val M\u0171szaki le\u00edr\u00e1s, adatok, m\u00e9retek PDF form\u00e1tumban Fel\u00e9p\u00edt\u00e9s A berendez\u00e9s \u00fagy lett kialak\u00edtva, hogy a fels\u00f5 r\u00e9sze a c\u00e9lk\u00e9sz\u00fcl\u00e9khez csatlakozzon. Ezen helyezkedik el a kiszell\u0151ztet\u0151 csonk. Az als\u00f3 r\u00e9sze a k\u00fcl\u00f6nb\u00f6z\u0151 f\u00e1zisok elvezet\u00e9s\u00e9re szolg\u00e1l\u00f3 csonkok \u00e9s a m\u00e9r\u0151m\u0171szer be\u00e9p\u00edt\u00e9s\u00e9hez lett kialak\u00edtva. A k\u00e9t sav\u00e1ll\u00f3 f\u00e9mr\u00e9sz k\u00f6z\u00e9 \u00fcvegcs\u0151 ker\u00fcl be\u00e9p\u00edt\u00e9sre, speci\u00e1lis csatlakoz\u00f3 &hellip; <\/p>\n<p class=\"link-more\"><a href=\"http:\/\/www.chph.hu\/?page_id=328\" class=\"more-link\"><span class=\"screen-reader-text\">&#8222;F\u00e1ziselv\u00e1laszt\u00f3&#8221;<\/span> b\u0151vebben<\/a><\/p>\n","protected":false},"author":1,"featured_media":0,"parent":0,"menu_order":0,"comment_status":"open","ping_status":"open","template":"","meta":{"footnotes":""},"class_list":["post-328","page","type-page","status-publish","hentry"],"_links":{"self":[{"href":"http:\/\/www.chph.hu\/index.php?rest_route=\/wp\/v2\/pages\/328","targetHints":{"allow":["GET"]}}],"collection":[{"href":"http:\/\/www.chph.hu\/index.php?rest_route=\/wp\/v2\/pages"}],"about":[{"href":"http:\/\/www.chph.hu\/index.php?rest_route=\/wp\/v2\/types\/page"}],"author":[{"embeddable":true,"href":"http:\/\/www.chph.hu\/index.php?rest_route=\/wp\/v2\/users\/1"}],"replies":[{"embeddable":true,"href":"http:\/\/www.chph.hu\/index.php?rest_route=%2Fwp%2Fv2%2Fcomments&post=328"}],"version-history":[{"count":1,"href":"http:\/\/www.chph.hu\/index.php?rest_route=\/wp\/v2\/pages\/328\/revisions"}],"predecessor-version":[{"id":331,"href":"http:\/\/www.chph.hu\/index.php?rest_route=\/wp\/v2\/pages\/328\/revisions\/331"}],"wp:attachment":[{"href":"http:\/\/www.chph.hu\/index.php?rest_route=%2Fwp%2Fv2%2Fmedia&parent=328"}],"curies":[{"name":"wp","href":"https:\/\/api.w.org\/{rel}","templated":true}]}}