{"id":430,"date":"2015-04-08T08:55:10","date_gmt":"2015-04-08T08:55:10","guid":{"rendered":"http:\/\/www.chph.hu\/?page_id=430"},"modified":"2023-03-08T13:58:06","modified_gmt":"2023-03-08T11:58:06","slug":"metanol-regeneralo-egyseg","status":"publish","type":"page","link":"http:\/\/www.chph.hu\/?page_id=430","title":{"rendered":"Metanol regener\u00e1l\u00f3 egys\u00e9g"},"content":{"rendered":"<h3 style=\"text-align: center;\">Alpharma Budapest Ltd.<\/h3>\n<p style=\"text-align: left;\" align=\"center\">Az Alpharma Budapest Ltd. ter\u00fclet\u00e9n a k\u00fcl\u00f6nb\u00f6z\u0151 gy\u00e1rt\u00e1sokb\u00f3l nagy mennyis\u00e9gben keletkez\u0151 szennyezett Metanol regener\u00e1l\u00e1s\u00e1nak kiviteli tervez\u00e9s\u00e9t, \u00e9s f\u0151v\u00e1llalkoz\u00e1sban, technol\u00f3giai garancia v\u00e1llal\u00e1s mellett a teljes kivitelez\u00e9st v\u00e9gezt\u00fck.<\/p>\n<table style=\"height: 198px;\" width=\"599\">\n<tbody>\n<tr>\n<td width=\"50%\"><em>Tervez\u00e9s \u00e9ve:<\/em><\/td>\n<td>2000<\/td>\n<\/tr>\n<tr>\n<td width=\"50%\"><em>Kivitelez\u00e9s \u00e9ve:<\/em><\/td>\n<td>2000<\/td>\n<\/tr>\n<tr>\n<td width=\"50%\"><em>Be\u00e9p\u00edtett szintter\u00fclet:<\/em><\/td>\n<td>305 m\u00b2<\/td>\n<\/tr>\n<tr>\n<td width=\"50%\"><em>Be\u00e9p\u00edtett k\u00e9sz\u00fcl\u00e9k t\u00e9rfogat:<\/em><\/td>\n<td>57 m\u00b3<\/td>\n<\/tr>\n<tr>\n<td width=\"50%\"><em>Kapacit\u00e1s:<\/em><\/td>\n<td>1000kg\/h, 99.5%-os regener\u00e1lt Metanol<\/td>\n<\/tr>\n<\/tbody>\n<\/table>\n<hr \/>\n<div id='gallery-1' class='gallery galleryid-430 gallery-columns-3 gallery-size-full'><figure class='gallery-item'>\n\t\t\t<div class='gallery-icon portrait'>\n\t\t\t\t<img loading=\"lazy\" decoding=\"async\" width=\"381\" height=\"600\" src=\"http:\/\/www.chph.hu\/wp-content\/uploads\/2015\/04\/mru_101.jpg\" class=\"attachment-full size-full\" alt=\"\" sizes=\"auto, 100vw\" \/>\n\t\t\t<\/div><\/figure><figure class='gallery-item'>\n\t\t\t<div class='gallery-icon portrait'>\n\t\t\t\t<img loading=\"lazy\" decoding=\"async\" width=\"393\" height=\"600\" src=\"http:\/\/www.chph.hu\/wp-content\/uploads\/2015\/04\/mru_071.jpg\" class=\"attachment-full size-full\" alt=\"\" sizes=\"auto, 100vw\" \/>\n\t\t\t<\/div><\/figure>\n\t\t<\/div>\n\n<hr \/>\n","protected":false},"excerpt":{"rendered":"<p>Alpharma Budapest Ltd. Az Alpharma Budapest Ltd. ter\u00fclet\u00e9n a k\u00fcl\u00f6nb\u00f6z\u0151 gy\u00e1rt\u00e1sokb\u00f3l nagy mennyis\u00e9gben keletkez\u0151 szennyezett Metanol regener\u00e1l\u00e1s\u00e1nak kiviteli tervez\u00e9s\u00e9t, \u00e9s f\u0151v\u00e1llalkoz\u00e1sban, technol\u00f3giai garancia v\u00e1llal\u00e1s mellett a teljes kivitelez\u00e9st v\u00e9gezt\u00fck. Tervez\u00e9s \u00e9ve: 2000 Kivitelez\u00e9s \u00e9ve: 2000 Be\u00e9p\u00edtett szintter\u00fclet: 305 m\u00b2 Be\u00e9p\u00edtett k\u00e9sz\u00fcl\u00e9k t\u00e9rfogat: 57 m\u00b3 Kapacit\u00e1s: 1000kg\/h, 99.5%-os regener\u00e1lt Metanol<\/p>\n","protected":false},"author":1,"featured_media":0,"parent":0,"menu_order":0,"comment_status":"open","ping_status":"open","template":"","meta":{"footnotes":""},"class_list":["post-430","page","type-page","status-publish","hentry"],"_links":{"self":[{"href":"http:\/\/www.chph.hu\/index.php?rest_route=\/wp\/v2\/pages\/430","targetHints":{"allow":["GET"]}}],"collection":[{"href":"http:\/\/www.chph.hu\/index.php?rest_route=\/wp\/v2\/pages"}],"about":[{"href":"http:\/\/www.chph.hu\/index.php?rest_route=\/wp\/v2\/types\/page"}],"author":[{"embeddable":true,"href":"http:\/\/www.chph.hu\/index.php?rest_route=\/wp\/v2\/users\/1"}],"replies":[{"embeddable":true,"href":"http:\/\/www.chph.hu\/index.php?rest_route=%2Fwp%2Fv2%2Fcomments&post=430"}],"version-history":[{"count":26,"href":"http:\/\/www.chph.hu\/index.php?rest_route=\/wp\/v2\/pages\/430\/revisions"}],"predecessor-version":[{"id":1860,"href":"http:\/\/www.chph.hu\/index.php?rest_route=\/wp\/v2\/pages\/430\/revisions\/1860"}],"wp:attachment":[{"href":"http:\/\/www.chph.hu\/index.php?rest_route=%2Fwp%2Fv2%2Fmedia&parent=430"}],"curies":[{"name":"wp","href":"https:\/\/api.w.org\/{rel}","templated":true}]}}