{"id":483,"date":"2015-04-08T10:40:21","date_gmt":"2015-04-08T10:40:21","guid":{"rendered":"http:\/\/www.chph.hu\/?page_id=483"},"modified":"2023-03-08T13:59:18","modified_gmt":"2023-03-08T11:59:18","slug":"b12-uzem-taptalajkonyha","status":"publish","type":"page","link":"http:\/\/www.chph.hu\/?page_id=483","title":{"rendered":"T\u00e1ptalajkonyha, B12 \u00fczem"},"content":{"rendered":"<h3 style=\"text-align: center;\">Richter Gedeon Rt. fi\u00f3ktelepe, Dorog<\/h3>\n<p style=\"text-align: left;\" align=\"center\">A Richter Gedeon Rt. Dorogi fi\u00f3ktelepe a ter\u00fclet\u00e9n foly\u00f3 B12 vitamin gy\u00e1rt\u00e1s t\u00e1ptalajkonyh\u00e1j\u00e1t \u00fan. z\u00f6ldmez\u0151s beruh\u00e1z\u00e1sk\u00e9nt \u00faj, k\u00e9tszintes \u00e9p\u00fcletbe, valamint a k\u00f6r\u00fcl\u00f6tte fel\u00e1ll\u00edtott tart\u00e1lyokba telep\u00edtette. Az \u00e9p\u00fcletben helyet kapott a gy\u00e1rt\u00e1s ir\u00e1ny\u00edt\u00e1sa illetve a gy\u00e1rt\u00e1st ellen\u0151rz\u0151 laborat\u00f3riumok is.<br \/>\nAz ehhez sz\u00fcks\u00e9ges \u00e9p\u00edt\u00e9si enged\u00e9lyez\u00e9si illetve kivitelez\u00e9si tervet k\u00e9sz\u00edtett\u00fck el.<\/p>\n<table width=\"50%\">\n<tbody>\n<tr>\n<td width=\"50%\"><em>Tervez\u00e9s \u00e9ve:<\/em><\/td>\n<td>1996<\/td>\n<\/tr>\n<tr>\n<td width=\"50%\"><em>Kivitelez\u00e9s \u00e9ve:<\/em><\/td>\n<td>1996-1997<\/td>\n<\/tr>\n<tr>\n<td width=\"50%\"><em>Be\u00e9p\u00edtett szintter\u00fclet:<\/em><\/td>\n<td>625 m\u00b2<\/td>\n<\/tr>\n<tr>\n<td width=\"50%\"><em>Be\u00e9p\u00edtett k\u00e9sz\u00fcl\u00e9k t\u00e9rfogat:<\/em><\/td>\n<td>130 m\u00b3<\/td>\n<\/tr>\n<\/tbody>\n<\/table>\n<hr \/>\n<div id='gallery-1' class='gallery galleryid-483 gallery-columns-2 gallery-size-full'><figure class='gallery-item'>\n\t\t\t<div class='gallery-icon landscape'>\n\t\t\t\t<img loading=\"lazy\" decoding=\"async\" width=\"800\" height=\"428\" src=\"http:\/\/www.chph.hu\/wp-content\/uploads\/2015\/04\/b12_hom11.jpg\" class=\"attachment-full size-full\" alt=\"T\u00e1ptalajkonyha\" srcset=\"http:\/\/www.chph.hu\/wp-content\/uploads\/2015\/04\/b12_hom11.jpg 800w, http:\/\/www.chph.hu\/wp-content\/uploads\/2015\/04\/b12_hom11-600x321.jpg 600w\" sizes=\"auto, 100vw\" \/>\n\t\t\t<\/div><\/figure><figure class='gallery-item'>\n\t\t\t<div class='gallery-icon landscape'>\n\t\t\t\t<img loading=\"lazy\" decoding=\"async\" width=\"800\" height=\"432\" src=\"http:\/\/www.chph.hu\/wp-content\/uploads\/2015\/04\/b12_hom41.jpg\" class=\"attachment-full size-full\" alt=\"\" srcset=\"http:\/\/www.chph.hu\/wp-content\/uploads\/2015\/04\/b12_hom41.jpg 800w, http:\/\/www.chph.hu\/wp-content\/uploads\/2015\/04\/b12_hom41-600x324.jpg 600w\" sizes=\"auto, 100vw\" \/>\n\t\t\t<\/div><\/figure><figure class='gallery-item'>\n\t\t\t<div class='gallery-icon landscape'>\n\t\t\t\t<img loading=\"lazy\" decoding=\"async\" width=\"800\" height=\"383\" src=\"http:\/\/www.chph.hu\/wp-content\/uploads\/2015\/04\/b12_3d1.jpg\" class=\"attachment-full size-full\" alt=\"\" srcset=\"http:\/\/www.chph.hu\/wp-content\/uploads\/2015\/04\/b12_3d1.jpg 800w, http:\/\/www.chph.hu\/wp-content\/uploads\/2015\/04\/b12_3d1-600x287.jpg 600w\" sizes=\"auto, 100vw\" \/>\n\t\t\t<\/div><\/figure><figure class='gallery-item'>\n\t\t\t<div class='gallery-icon landscape'>\n\t\t\t\t<img loading=\"lazy\" decoding=\"async\" width=\"1152\" height=\"864\" src=\"http:\/\/www.chph.hu\/wp-content\/uploads\/2015\/04\/DCP017201.jpg\" class=\"attachment-full size-full\" alt=\"\" srcset=\"http:\/\/www.chph.hu\/wp-content\/uploads\/2015\/04\/DCP017201.jpg 1152w, http:\/\/www.chph.hu\/wp-content\/uploads\/2015\/04\/DCP017201-600x450.jpg 600w\" sizes=\"auto, 100vw\" \/>\n\t\t\t<\/div><\/figure><figure class='gallery-item'>\n\t\t\t<div class='gallery-icon landscape'>\n\t\t\t\t<img loading=\"lazy\" decoding=\"async\" width=\"799\" height=\"522\" src=\"http:\/\/www.chph.hu\/wp-content\/uploads\/2015\/04\/b12_0141.jpg\" class=\"attachment-full size-full\" alt=\"\" srcset=\"http:\/\/www.chph.hu\/wp-content\/uploads\/2015\/04\/b12_0141.jpg 799w, http:\/\/www.chph.hu\/wp-content\/uploads\/2015\/04\/b12_0141-600x392.jpg 600w\" sizes=\"auto, 100vw\" \/>\n\t\t\t<\/div><\/figure><figure class='gallery-item'>\n\t\t\t<div class='gallery-icon landscape'>\n\t\t\t\t<img loading=\"lazy\" decoding=\"async\" width=\"799\" height=\"522\" src=\"http:\/\/www.chph.hu\/wp-content\/uploads\/2015\/04\/b12_0161.jpg\" class=\"attachment-full size-full\" alt=\"\" srcset=\"http:\/\/www.chph.hu\/wp-content\/uploads\/2015\/04\/b12_0161.jpg 799w, http:\/\/www.chph.hu\/wp-content\/uploads\/2015\/04\/b12_0161-600x392.jpg 600w\" sizes=\"auto, 100vw\" \/>\n\t\t\t<\/div><\/figure>\n\t\t<\/div>\n\n<hr \/>\n","protected":false},"excerpt":{"rendered":"<p>Richter Gedeon Rt. fi\u00f3ktelepe, Dorog A Richter Gedeon Rt. Dorogi fi\u00f3ktelepe a ter\u00fclet\u00e9n foly\u00f3 B12 vitamin gy\u00e1rt\u00e1s t\u00e1ptalajkonyh\u00e1j\u00e1t \u00fan. z\u00f6ldmez\u0151s beruh\u00e1z\u00e1sk\u00e9nt \u00faj, k\u00e9tszintes \u00e9p\u00fcletbe, valamint a k\u00f6r\u00fcl\u00f6tte fel\u00e1ll\u00edtott tart\u00e1lyokba telep\u00edtette. Az \u00e9p\u00fcletben helyet kapott a gy\u00e1rt\u00e1s ir\u00e1ny\u00edt\u00e1sa illetve a gy\u00e1rt\u00e1st ellen\u0151rz\u0151 laborat\u00f3riumok is. Az ehhez sz\u00fcks\u00e9ges \u00e9p\u00edt\u00e9si enged\u00e9lyez\u00e9si illetve kivitelez\u00e9si tervet k\u00e9sz\u00edtett\u00fck el. Tervez\u00e9s \u00e9ve: &hellip; <\/p>\n<p class=\"link-more\"><a href=\"http:\/\/www.chph.hu\/?page_id=483\" class=\"more-link\"><span class=\"screen-reader-text\">&#8222;T\u00e1ptalajkonyha, B12 \u00fczem&#8221;<\/span> b\u0151vebben<\/a><\/p>\n","protected":false},"author":1,"featured_media":0,"parent":0,"menu_order":0,"comment_status":"open","ping_status":"open","template":"","meta":{"footnotes":""},"class_list":["post-483","page","type-page","status-publish","hentry"],"_links":{"self":[{"href":"http:\/\/www.chph.hu\/index.php?rest_route=\/wp\/v2\/pages\/483","targetHints":{"allow":["GET"]}}],"collection":[{"href":"http:\/\/www.chph.hu\/index.php?rest_route=\/wp\/v2\/pages"}],"about":[{"href":"http:\/\/www.chph.hu\/index.php?rest_route=\/wp\/v2\/types\/page"}],"author":[{"embeddable":true,"href":"http:\/\/www.chph.hu\/index.php?rest_route=\/wp\/v2\/users\/1"}],"replies":[{"embeddable":true,"href":"http:\/\/www.chph.hu\/index.php?rest_route=%2Fwp%2Fv2%2Fcomments&post=483"}],"version-history":[{"count":6,"href":"http:\/\/www.chph.hu\/index.php?rest_route=\/wp\/v2\/pages\/483\/revisions"}],"predecessor-version":[{"id":1862,"href":"http:\/\/www.chph.hu\/index.php?rest_route=\/wp\/v2\/pages\/483\/revisions\/1862"}],"wp:attachment":[{"href":"http:\/\/www.chph.hu\/index.php?rest_route=%2Fwp%2Fv2%2Fmedia&parent=483"}],"curies":[{"name":"wp","href":"https:\/\/api.w.org\/{rel}","templated":true}]}}