{"id":495,"date":"2015-04-08T10:58:50","date_gmt":"2015-04-08T10:58:50","guid":{"rendered":"http:\/\/www.chph.hu\/?page_id=495"},"modified":"2023-03-08T13:59:56","modified_gmt":"2023-03-08T11:59:56","slug":"meretnovelo-laborok-tervezese-es-kivitelezes-bonyolitas","status":"publish","type":"page","link":"http:\/\/www.chph.hu\/?page_id=495","title":{"rendered":"M\u00e9retn\u00f6vel\u0151 laborok tervez\u00e9se \u00e9s kivitelez\u00e9s bonyol\u00edt\u00e1s"},"content":{"rendered":"<h3 style=\"text-align: center;\">Ubichem Research Ltd.<\/h3>\n<p style=\"text-align: left;\" align=\"center\">A Ubichem Research Ltd. v\u00e1s\u00e1rolt egy r\u00e9gi, elavult, laborat\u00f3riumk\u00e9nt m\u0171k\u00f6d\u0151 \u00fczem\u00e9p\u00fcletet. Ebbe az \u00e9p\u00fcletbe telep\u00edtett h\u00e1rom \u00faj m\u00e9retn\u00f6vel\u0151 f\u00e9l\u00fczemet \u00e9s k\u00e9t laborat\u00f3riumot a hozz\u00e1juk tartoz\u00f3 szolg\u00e1ltat\u00e1sokkal, irod\u00e1kkal, szoci\u00e1lis helyis\u00e9gekkel. A jobb helykihaszn\u00e1l\u00e1s \u00e9rdek\u00e9ben a gal\u00e9ria szint is be lett \u00e9p\u00edtve. A Chemitechnik<span lang=\"en\">\u00a0<\/span>Pharma<span lang=\"en\">\u00a0<\/span>Kft. feladata volt ennek, az \u00f6sszesen hat technol\u00f3giai helyis\u00e9gb\u0151l \u00e1ll\u00f3 \u00e9p\u00fcletnek a gener\u00e1l tervez\u00e9se \u00e9s a kivitelez\u00e9s lebonyol\u00edt\u00e1sa.<\/p>\n<table width=\"50%\">\n<tbody>\n<tr>\n<td width=\"50%\"><em>Tervez\u00e9s \u00e9ve:<\/em><\/td>\n<td>2000-2001<\/td>\n<\/tr>\n<tr>\n<td width=\"50%\"><em>Kivitelez\u00e9s \u00e9ve:<\/em><\/td>\n<td>2001<\/td>\n<\/tr>\n<tr>\n<td width=\"50%\"><em>Be\u00e9p\u00edtett ter\u00fclet:<\/em><\/td>\n<td>800 m\u00b2<\/td>\n<\/tr>\n<tr>\n<td width=\"50%\"><em>Be\u00e9p\u00edtett f\u0151k\u00e9sz\u00fcl\u00e9k t\u00e9rfogat:<\/em><\/td>\n<td>5 m\u00b3<\/td>\n<\/tr>\n<\/tbody>\n<\/table>\n<hr \/>\n<div id='gallery-1' class='gallery galleryid-495 gallery-columns-3 gallery-size-full'><figure class='gallery-item'>\n\t\t\t<div class='gallery-icon portrait'>\n\t\t\t\t<img loading=\"lazy\" decoding=\"async\" width=\"864\" height=\"1152\" src=\"http:\/\/www.chph.hu\/wp-content\/uploads\/2015\/04\/DCP063941.jpg\" class=\"attachment-full size-full\" alt=\"\" srcset=\"http:\/\/www.chph.hu\/wp-content\/uploads\/2015\/04\/DCP063941.jpg 864w, http:\/\/www.chph.hu\/wp-content\/uploads\/2015\/04\/DCP063941-600x800.jpg 600w\" sizes=\"auto, 100vw\" \/>\n\t\t\t<\/div><\/figure><figure class='gallery-item'>\n\t\t\t<div class='gallery-icon portrait'>\n\t\t\t\t<img loading=\"lazy\" decoding=\"async\" width=\"864\" height=\"1152\" src=\"http:\/\/www.chph.hu\/wp-content\/uploads\/2015\/04\/DCP063781.jpg\" class=\"attachment-full size-full\" alt=\"\" srcset=\"http:\/\/www.chph.hu\/wp-content\/uploads\/2015\/04\/DCP063781.jpg 864w, http:\/\/www.chph.hu\/wp-content\/uploads\/2015\/04\/DCP063781-600x800.jpg 600w\" sizes=\"auto, 100vw\" \/>\n\t\t\t<\/div><\/figure><figure class='gallery-item'>\n\t\t\t<div class='gallery-icon portrait'>\n\t\t\t\t<img loading=\"lazy\" decoding=\"async\" width=\"864\" height=\"1152\" src=\"http:\/\/www.chph.hu\/wp-content\/uploads\/2015\/04\/DCP063911.jpg\" class=\"attachment-full size-full\" alt=\"\" srcset=\"http:\/\/www.chph.hu\/wp-content\/uploads\/2015\/04\/DCP063911.jpg 864w, http:\/\/www.chph.hu\/wp-content\/uploads\/2015\/04\/DCP063911-600x800.jpg 600w\" sizes=\"auto, 100vw\" \/>\n\t\t\t<\/div><\/figure><figure class='gallery-item'>\n\t\t\t<div class='gallery-icon portrait'>\n\t\t\t\t<img loading=\"lazy\" decoding=\"async\" width=\"864\" height=\"1152\" src=\"http:\/\/www.chph.hu\/wp-content\/uploads\/2015\/04\/DCP063851.jpg\" class=\"attachment-full size-full\" alt=\"\" srcset=\"http:\/\/www.chph.hu\/wp-content\/uploads\/2015\/04\/DCP063851.jpg 864w, http:\/\/www.chph.hu\/wp-content\/uploads\/2015\/04\/DCP063851-600x800.jpg 600w\" sizes=\"auto, 100vw\" \/>\n\t\t\t<\/div><\/figure><figure class='gallery-item'>\n\t\t\t<div class='gallery-icon portrait'>\n\t\t\t\t<img loading=\"lazy\" decoding=\"async\" width=\"864\" height=\"1152\" src=\"http:\/\/www.chph.hu\/wp-content\/uploads\/2015\/04\/DCP063881.jpg\" class=\"attachment-full size-full\" alt=\"\" srcset=\"http:\/\/www.chph.hu\/wp-content\/uploads\/2015\/04\/DCP063881.jpg 864w, http:\/\/www.chph.hu\/wp-content\/uploads\/2015\/04\/DCP063881-600x800.jpg 600w\" sizes=\"auto, 100vw\" \/>\n\t\t\t<\/div><\/figure><figure class='gallery-item'>\n\t\t\t<div class='gallery-icon portrait'>\n\t\t\t\t<img loading=\"lazy\" decoding=\"async\" width=\"864\" height=\"1152\" src=\"http:\/\/www.chph.hu\/wp-content\/uploads\/2015\/04\/DCP063921.jpg\" class=\"attachment-full size-full\" alt=\"\" srcset=\"http:\/\/www.chph.hu\/wp-content\/uploads\/2015\/04\/DCP063921.jpg 864w, http:\/\/www.chph.hu\/wp-content\/uploads\/2015\/04\/DCP063921-600x800.jpg 600w\" sizes=\"auto, 100vw\" \/>\n\t\t\t<\/div><\/figure><figure class='gallery-item'>\n\t\t\t<div class='gallery-icon portrait'>\n\t\t\t\t<img loading=\"lazy\" decoding=\"async\" width=\"864\" height=\"1152\" src=\"http:\/\/www.chph.hu\/wp-content\/uploads\/2015\/04\/DCP063791.jpg\" class=\"attachment-full size-full\" alt=\"\" srcset=\"http:\/\/www.chph.hu\/wp-content\/uploads\/2015\/04\/DCP063791.jpg 864w, http:\/\/www.chph.hu\/wp-content\/uploads\/2015\/04\/DCP063791-600x800.jpg 600w\" sizes=\"auto, 100vw\" \/>\n\t\t\t<\/div><\/figure>\n\t\t<\/div>\n\n<hr \/>\n","protected":false},"excerpt":{"rendered":"<p>Ubichem Research Ltd. A Ubichem Research Ltd. v\u00e1s\u00e1rolt egy r\u00e9gi, elavult, laborat\u00f3riumk\u00e9nt m\u0171k\u00f6d\u0151 \u00fczem\u00e9p\u00fcletet. Ebbe az \u00e9p\u00fcletbe telep\u00edtett h\u00e1rom \u00faj m\u00e9retn\u00f6vel\u0151 f\u00e9l\u00fczemet \u00e9s k\u00e9t laborat\u00f3riumot a hozz\u00e1juk tartoz\u00f3 szolg\u00e1ltat\u00e1sokkal, irod\u00e1kkal, szoci\u00e1lis helyis\u00e9gekkel. A jobb helykihaszn\u00e1l\u00e1s \u00e9rdek\u00e9ben a gal\u00e9ria szint is be lett \u00e9p\u00edtve. A Chemitechnik\u00a0Pharma\u00a0Kft. feladata volt ennek, az \u00f6sszesen hat technol\u00f3giai helyis\u00e9gb\u0151l \u00e1ll\u00f3 \u00e9p\u00fcletnek &hellip; <\/p>\n<p class=\"link-more\"><a href=\"http:\/\/www.chph.hu\/?page_id=495\" class=\"more-link\"><span class=\"screen-reader-text\">&#8222;M\u00e9retn\u00f6vel\u0151 laborok tervez\u00e9se \u00e9s kivitelez\u00e9s bonyol\u00edt\u00e1s&#8221;<\/span> b\u0151vebben<\/a><\/p>\n","protected":false},"author":1,"featured_media":0,"parent":0,"menu_order":0,"comment_status":"open","ping_status":"open","template":"","meta":{"footnotes":""},"class_list":["post-495","page","type-page","status-publish","hentry"],"_links":{"self":[{"href":"http:\/\/www.chph.hu\/index.php?rest_route=\/wp\/v2\/pages\/495","targetHints":{"allow":["GET"]}}],"collection":[{"href":"http:\/\/www.chph.hu\/index.php?rest_route=\/wp\/v2\/pages"}],"about":[{"href":"http:\/\/www.chph.hu\/index.php?rest_route=\/wp\/v2\/types\/page"}],"author":[{"embeddable":true,"href":"http:\/\/www.chph.hu\/index.php?rest_route=\/wp\/v2\/users\/1"}],"replies":[{"embeddable":true,"href":"http:\/\/www.chph.hu\/index.php?rest_route=%2Fwp%2Fv2%2Fcomments&post=495"}],"version-history":[{"count":3,"href":"http:\/\/www.chph.hu\/index.php?rest_route=\/wp\/v2\/pages\/495\/revisions"}],"predecessor-version":[{"id":1863,"href":"http:\/\/www.chph.hu\/index.php?rest_route=\/wp\/v2\/pages\/495\/revisions\/1863"}],"wp:attachment":[{"href":"http:\/\/www.chph.hu\/index.php?rest_route=%2Fwp%2Fv2%2Fmedia&parent=495"}],"curies":[{"name":"wp","href":"https:\/\/api.w.org\/{rel}","templated":true}]}}