{"id":520,"date":"2015-04-08T11:26:23","date_gmt":"2015-04-08T11:26:23","guid":{"rendered":"http:\/\/www.chph.hu\/?page_id=520"},"modified":"2023-03-08T14:00:52","modified_gmt":"2023-03-08T12:00:52","slug":"methyldopa-vegtermek-feldolgozo","status":"publish","type":"page","link":"http:\/\/www.chph.hu\/?page_id=520","title":{"rendered":"Methyldopa v\u00e9gterm\u00e9k feldolgoz\u00f3"},"content":{"rendered":"<h3 style=\"text-align: center;\">EGIS Gy\u00f3gyszergy\u00e1r Rt.<\/h3>\n<p style=\"text-align: left;\" align=\"center\">Az EGIS K\u00e9mia I. 20. \u00e9p\u00fcletben, annak r\u00e9szbeni \u00e1t\u00e9p\u00edt\u00e9s\u00e9vel ill. b\u0151v\u00edt\u00e9s\u00e9vel \u00e9p\u00edtette ki a Methyldopa v\u00e9gterm\u00e9k feldolgoz\u00f3j\u00e1t.<br \/>\nA v\u00e9gfeldolgoz\u00f3 EGIS I\/D tisztas\u00e1gi fokozatnak megfelel\u0151re lett tervezve.<br \/>\nA kialak\u00edtott GMP-komform tisztateres \u00fczem j\u00f3l elk\u00fcl\u00f6n\u00edthet\u0151 r\u00e9szei:<\/p>\n<p style=\"text-align: left;\" align=\"left\">&#8211; <span style=\"text-decoration: underline;\">Centrifuga m\u0171hely<\/span> \/nedves technol\u00f3gia\/, kiszolg\u00e1l\u00e1s\u00e1ra k\u00fcl\u00f6n ionmentes v\u00edz m\u0171helyt tervezt\u00fcnk.<br \/>\n&#8211; <span style=\"text-decoration: underline;\">Portechnol\u00f3giai \u00fczem<\/span> \/sz\u00e1raz technol\u00f3gia\/, amely a sz\u00e1r\u00edt\u00e1s, \u0151rl\u00e9s, homogeniz\u00e1l\u00e1s, szit\u00e1l\u00e1s \u00e9s porkim\u00e9r\u00e9s g\u00e9peivel lett berendezve. A h\u00e1rom m\u0171veleti szint g\u00e9pi berendez\u00e9sei els\u0151dlegesen a gravit\u00e1ci\u00f3s anyagmozgat\u00e1si elv szerint ker\u00fcltek elhelyez\u00e9sre. A szintek k\u00f6z\u00f6tt sz\u00fcks\u00e9ges z\u00e1rt ed\u00e9nyben t\u00f6rt\u00e9n\u0151 anyagmozgat\u00e1st tisztat\u00e9ri kialak\u00edt\u00e1s\u00fa lift teszi lehet\u0151v\u00e9.<\/p>\n<table width=\"50%\">\n<tbody>\n<tr>\n<td width=\"50%\"><em>Tervez\u00e9s \u00e9ve:<\/em><\/td>\n<td>1996<\/td>\n<\/tr>\n<tr>\n<td width=\"50%\"><em>Kivitelez\u00e9s \u00e9ve:<\/em><\/td>\n<td>1996-1997<\/td>\n<\/tr>\n<tr>\n<td width=\"50%\"><em>Be\u00e9p\u00edtett szintter\u00fclet:<\/em><\/td>\n<td>1400 m\u00b2<\/td>\n<\/tr>\n<tr>\n<td width=\"50%\"><em>Telep\u00edtett &#8211; \u00f6n\u00e1ll\u00f3 m\u0171veletre alkalmas &#8211; g\u00e9pcsoportok sz\u00e1ma:<\/em><\/td>\n<td>12 db<\/td>\n<\/tr>\n<tr>\n<td width=\"50%\"><em>R\u00e9szben ellen\u0151rz\u00f6tt gy\u00e1rt\u00e1si folyamatok<\/em><\/td>\n<td>3db PLC<\/td>\n<\/tr>\n<tr>\n<td width=\"50%\"><em>Tervezett kapacit\u00e1s:<\/em><\/td>\n<td>500 tonna\/\u00e9v (sz\u00e1raz v\u00e9gterm\u00e9k)<\/td>\n<\/tr>\n<\/tbody>\n<\/table>\n<hr \/>\n<div id='gallery-1' class='gallery galleryid-520 gallery-columns-2 gallery-size-full'><figure class='gallery-item'>\n\t\t\t<div class='gallery-icon landscape'>\n\t\t\t\t<img loading=\"lazy\" decoding=\"async\" width=\"800\" height=\"527\" src=\"http:\/\/www.chph.hu\/wp-content\/uploads\/2015\/04\/egis591.jpg\" class=\"attachment-full size-full\" alt=\"\" srcset=\"http:\/\/www.chph.hu\/wp-content\/uploads\/2015\/04\/egis591.jpg 800w, http:\/\/www.chph.hu\/wp-content\/uploads\/2015\/04\/egis591-600x395.jpg 600w\" sizes=\"auto, 100vw\" \/>\n\t\t\t<\/div><\/figure><figure class='gallery-item'>\n\t\t\t<div class='gallery-icon landscape'>\n\t\t\t\t<img loading=\"lazy\" decoding=\"async\" width=\"800\" height=\"527\" src=\"http:\/\/www.chph.hu\/wp-content\/uploads\/2015\/04\/egis631.jpg\" class=\"attachment-full size-full\" alt=\"\" srcset=\"http:\/\/www.chph.hu\/wp-content\/uploads\/2015\/04\/egis631.jpg 800w, http:\/\/www.chph.hu\/wp-content\/uploads\/2015\/04\/egis631-600x395.jpg 600w\" sizes=\"auto, 100vw\" \/>\n\t\t\t<\/div><\/figure><figure class='gallery-item'>\n\t\t\t<div class='gallery-icon portrait'>\n\t\t\t\t<img loading=\"lazy\" decoding=\"async\" width=\"438\" height=\"550\" src=\"http:\/\/www.chph.hu\/wp-content\/uploads\/2015\/04\/egis471.jpg\" class=\"attachment-full size-full\" alt=\"\" sizes=\"auto, 100vw\" \/>\n\t\t\t<\/div><\/figure><figure class='gallery-item'>\n\t\t\t<div class='gallery-icon landscape'>\n\t\t\t\t<img loading=\"lazy\" decoding=\"async\" width=\"800\" height=\"553\" src=\"http:\/\/www.chph.hu\/wp-content\/uploads\/2015\/04\/egis451.jpg\" class=\"attachment-full size-full\" alt=\"\" srcset=\"http:\/\/www.chph.hu\/wp-content\/uploads\/2015\/04\/egis451.jpg 800w, http:\/\/www.chph.hu\/wp-content\/uploads\/2015\/04\/egis451-600x415.jpg 600w\" sizes=\"auto, 100vw\" \/>\n\t\t\t<\/div><\/figure><figure class='gallery-item'>\n\t\t\t<div class='gallery-icon portrait'>\n\t\t\t\t<img loading=\"lazy\" decoding=\"async\" width=\"532\" height=\"800\" src=\"http:\/\/www.chph.hu\/wp-content\/uploads\/2015\/04\/egis851.jpg\" class=\"attachment-full size-full\" alt=\"\" sizes=\"auto, 100vw\" \/>\n\t\t\t<\/div><\/figure><figure class='gallery-item'>\n\t\t\t<div class='gallery-icon portrait'>\n\t\t\t\t<img loading=\"lazy\" decoding=\"async\" width=\"419\" height=\"600\" src=\"http:\/\/www.chph.hu\/wp-content\/uploads\/2015\/04\/egis531.jpg\" class=\"attachment-full size-full\" alt=\"\" sizes=\"auto, 100vw\" \/>\n\t\t\t<\/div><\/figure><figure class='gallery-item'>\n\t\t\t<div class='gallery-icon landscape'>\n\t\t\t\t<img loading=\"lazy\" decoding=\"async\" width=\"1150\" height=\"801\" src=\"http:\/\/www.chph.hu\/wp-content\/uploads\/2015\/04\/homlokzat21.jpg\" class=\"attachment-full size-full\" alt=\"\" srcset=\"http:\/\/www.chph.hu\/wp-content\/uploads\/2015\/04\/homlokzat21.jpg 1150w, http:\/\/www.chph.hu\/wp-content\/uploads\/2015\/04\/homlokzat21-600x418.jpg 600w\" sizes=\"auto, 100vw\" \/>\n\t\t\t<\/div><\/figure><figure class='gallery-item'>\n\t\t\t<div class='gallery-icon landscape'>\n\t\t\t\t<img loading=\"lazy\" decoding=\"async\" width=\"1150\" height=\"801\" src=\"http:\/\/www.chph.hu\/wp-content\/uploads\/2015\/04\/homlokzat11.jpg\" class=\"attachment-full size-full\" alt=\"\" srcset=\"http:\/\/www.chph.hu\/wp-content\/uploads\/2015\/04\/homlokzat11.jpg 1150w, http:\/\/www.chph.hu\/wp-content\/uploads\/2015\/04\/homlokzat11-600x418.jpg 600w\" sizes=\"auto, 100vw\" \/>\n\t\t\t<\/div><\/figure>\n\t\t<\/div>\n\n<hr \/>\n","protected":false},"excerpt":{"rendered":"<p>EGIS Gy\u00f3gyszergy\u00e1r Rt. Az EGIS K\u00e9mia I. 20. \u00e9p\u00fcletben, annak r\u00e9szbeni \u00e1t\u00e9p\u00edt\u00e9s\u00e9vel ill. b\u0151v\u00edt\u00e9s\u00e9vel \u00e9p\u00edtette ki a Methyldopa v\u00e9gterm\u00e9k feldolgoz\u00f3j\u00e1t. A v\u00e9gfeldolgoz\u00f3 EGIS I\/D tisztas\u00e1gi fokozatnak megfelel\u0151re lett tervezve. A kialak\u00edtott GMP-komform tisztateres \u00fczem j\u00f3l elk\u00fcl\u00f6n\u00edthet\u0151 r\u00e9szei: &#8211; Centrifuga m\u0171hely \/nedves technol\u00f3gia\/, kiszolg\u00e1l\u00e1s\u00e1ra k\u00fcl\u00f6n ionmentes v\u00edz m\u0171helyt tervezt\u00fcnk. &#8211; Portechnol\u00f3giai \u00fczem \/sz\u00e1raz technol\u00f3gia\/, amely a &hellip; <\/p>\n<p class=\"link-more\"><a href=\"http:\/\/www.chph.hu\/?page_id=520\" class=\"more-link\"><span class=\"screen-reader-text\">&#8222;Methyldopa v\u00e9gterm\u00e9k feldolgoz\u00f3&#8221;<\/span> b\u0151vebben<\/a><\/p>\n","protected":false},"author":1,"featured_media":0,"parent":0,"menu_order":0,"comment_status":"open","ping_status":"open","template":"","meta":{"footnotes":""},"class_list":["post-520","page","type-page","status-publish","hentry"],"_links":{"self":[{"href":"http:\/\/www.chph.hu\/index.php?rest_route=\/wp\/v2\/pages\/520","targetHints":{"allow":["GET"]}}],"collection":[{"href":"http:\/\/www.chph.hu\/index.php?rest_route=\/wp\/v2\/pages"}],"about":[{"href":"http:\/\/www.chph.hu\/index.php?rest_route=\/wp\/v2\/types\/page"}],"author":[{"embeddable":true,"href":"http:\/\/www.chph.hu\/index.php?rest_route=\/wp\/v2\/users\/1"}],"replies":[{"embeddable":true,"href":"http:\/\/www.chph.hu\/index.php?rest_route=%2Fwp%2Fv2%2Fcomments&post=520"}],"version-history":[{"count":4,"href":"http:\/\/www.chph.hu\/index.php?rest_route=\/wp\/v2\/pages\/520\/revisions"}],"predecessor-version":[{"id":1865,"href":"http:\/\/www.chph.hu\/index.php?rest_route=\/wp\/v2\/pages\/520\/revisions\/1865"}],"wp:attachment":[{"href":"http:\/\/www.chph.hu\/index.php?rest_route=%2Fwp%2Fv2%2Fmedia&parent=520"}],"curies":[{"name":"wp","href":"https:\/\/api.w.org\/{rel}","templated":true}]}}