{"id":538,"date":"2015-04-08T11:41:33","date_gmt":"2015-04-08T11:41:33","guid":{"rendered":"http:\/\/www.chph.hu\/?page_id=538"},"modified":"2023-03-08T14:01:27","modified_gmt":"2023-03-08T12:01:27","slug":"laboratoriumi-es-iroda-epuletek-rekonstrukcioja","status":"publish","type":"page","link":"http:\/\/www.chph.hu\/?page_id=538","title":{"rendered":"Laborat\u00f3riumi \u00e9s iroda \u00e9p\u00fcletek rekonstrukci\u00f3ja"},"content":{"rendered":"<h3 style=\"text-align: center;\">Richter Gedeon Rt.<\/h3>\n<p style=\"text-align: left;\" align=\"center\">A Richter Gedeon Rt. h\u00e1rom iroda \u00e9s laborat\u00f3rium \u00e9p\u00fcletet \u00faj\u00edtott fel a pinc\u00e9t\u0151l a tet\u0151ig. A h\u00e1rom \u00e9vig tart\u00f3 beruh\u00e1z\u00e1s c\u00e9lja a hasznos alapter\u00fclet n\u00f6vel\u00e9s \u00e9s korszer\u0171s\u00edt\u00e9s volt.<br \/>\nA Chemitechnik<span lang=\"en\">\u00a0<\/span>Pharma<span lang=\"en\">\u00a0<\/span>Kft. elk\u00e9sz\u00edtette a megval\u00f3s\u00edt\u00e1shoz sz\u00fcks\u00e9ges m\u0171szaki alapterveket \u00e9s lebonyol\u00edtotta a kivitelez\u00e9st.<br \/>\nA modern kor k\u00f6vetelm\u00e9nyeinek is megfelel\u0151 laborat\u00f3riumok minden munkahelye \u00e9s berendez\u00e9se fel van szerelve a m\u0171k\u00f6dtet\u00e9shez sz\u00fcks\u00e9ges energi\u00e1kkal, melyet az \u00e9p\u00fcletben kialak\u00edtott h\u00e1l\u00f3zattal oldottunk meg.<\/p>\n<table width=\"50%\">\n<tbody>\n<tr>\n<td width=\"50%\"><em>Tervez\u00e9s \u00e9ve:<\/em><\/td>\n<td>2000-2002<\/td>\n<\/tr>\n<tr>\n<td width=\"50%\"><em>Kivitelez\u00e9s \u00e9ve:<\/em><\/td>\n<td>2000-2002<\/td>\n<\/tr>\n<tr>\n<td width=\"50%\"><em>Be\u00e9p\u00edtett ter\u00fclet:<\/em><\/td>\n<td>8000 m\u00b2<\/td>\n<\/tr>\n<\/tbody>\n<\/table>\n<hr \/>\n<div id='gallery-1' class='gallery galleryid-538 gallery-columns-2 gallery-size-full'><figure class='gallery-item'>\n\t\t\t<div class='gallery-icon landscape'>\n\t\t\t\t<img loading=\"lazy\" decoding=\"async\" width=\"590\" height=\"396\" src=\"http:\/\/www.chph.hu\/wp-content\/uploads\/2015\/04\/foto041.jpg\" class=\"attachment-full size-full\" alt=\"\" sizes=\"auto, 100vw\" \/>\n\t\t\t<\/div><\/figure><figure class='gallery-item'>\n\t\t\t<div class='gallery-icon landscape'>\n\t\t\t\t<img loading=\"lazy\" decoding=\"async\" width=\"590\" height=\"396\" src=\"http:\/\/www.chph.hu\/wp-content\/uploads\/2015\/04\/foto091.jpg\" class=\"attachment-full size-full\" alt=\"\" sizes=\"auto, 100vw\" \/>\n\t\t\t<\/div><\/figure><figure class='gallery-item'>\n\t\t\t<div class='gallery-icon portrait'>\n\t\t\t\t<img loading=\"lazy\" decoding=\"async\" width=\"396\" height=\"590\" src=\"http:\/\/www.chph.hu\/wp-content\/uploads\/2015\/04\/foto121.jpg\" class=\"attachment-full size-full\" alt=\"\" sizes=\"auto, 100vw\" \/>\n\t\t\t<\/div><\/figure><figure class='gallery-item'>\n\t\t\t<div class='gallery-icon portrait'>\n\t\t\t\t<img loading=\"lazy\" decoding=\"async\" width=\"396\" height=\"590\" src=\"http:\/\/www.chph.hu\/wp-content\/uploads\/2015\/04\/foto141.jpg\" class=\"attachment-full size-full\" alt=\"\" sizes=\"auto, 100vw\" \/>\n\t\t\t<\/div><\/figure><figure class='gallery-item'>\n\t\t\t<div class='gallery-icon landscape'>\n\t\t\t\t<img loading=\"lazy\" decoding=\"async\" width=\"590\" height=\"396\" src=\"http:\/\/www.chph.hu\/wp-content\/uploads\/2015\/04\/foto071.jpg\" class=\"attachment-full size-full\" alt=\"\" sizes=\"auto, 100vw\" \/>\n\t\t\t<\/div><\/figure><figure class='gallery-item'>\n\t\t\t<div class='gallery-icon landscape'>\n\t\t\t\t<img loading=\"lazy\" decoding=\"async\" width=\"590\" height=\"396\" src=\"http:\/\/www.chph.hu\/wp-content\/uploads\/2015\/04\/foto161.jpg\" class=\"attachment-full size-full\" alt=\"\" sizes=\"auto, 100vw\" \/>\n\t\t\t<\/div><\/figure>\n\t\t<\/div>\n\n<hr \/>\n","protected":false},"excerpt":{"rendered":"<p>Richter Gedeon Rt. A Richter Gedeon Rt. h\u00e1rom iroda \u00e9s laborat\u00f3rium \u00e9p\u00fcletet \u00faj\u00edtott fel a pinc\u00e9t\u0151l a tet\u0151ig. A h\u00e1rom \u00e9vig tart\u00f3 beruh\u00e1z\u00e1s c\u00e9lja a hasznos alapter\u00fclet n\u00f6vel\u00e9s \u00e9s korszer\u0171s\u00edt\u00e9s volt. A Chemitechnik\u00a0Pharma\u00a0Kft. elk\u00e9sz\u00edtette a megval\u00f3s\u00edt\u00e1shoz sz\u00fcks\u00e9ges m\u0171szaki alapterveket \u00e9s lebonyol\u00edtotta a kivitelez\u00e9st. A modern kor k\u00f6vetelm\u00e9nyeinek is megfelel\u0151 laborat\u00f3riumok minden munkahelye \u00e9s berendez\u00e9se fel &hellip; <\/p>\n<p class=\"link-more\"><a href=\"http:\/\/www.chph.hu\/?page_id=538\" class=\"more-link\"><span class=\"screen-reader-text\">&#8222;Laborat\u00f3riumi \u00e9s iroda \u00e9p\u00fcletek rekonstrukci\u00f3ja&#8221;<\/span> b\u0151vebben<\/a><\/p>\n","protected":false},"author":1,"featured_media":0,"parent":0,"menu_order":0,"comment_status":"open","ping_status":"open","template":"","meta":{"footnotes":""},"class_list":["post-538","page","type-page","status-publish","hentry"],"_links":{"self":[{"href":"http:\/\/www.chph.hu\/index.php?rest_route=\/wp\/v2\/pages\/538","targetHints":{"allow":["GET"]}}],"collection":[{"href":"http:\/\/www.chph.hu\/index.php?rest_route=\/wp\/v2\/pages"}],"about":[{"href":"http:\/\/www.chph.hu\/index.php?rest_route=\/wp\/v2\/types\/page"}],"author":[{"embeddable":true,"href":"http:\/\/www.chph.hu\/index.php?rest_route=\/wp\/v2\/users\/1"}],"replies":[{"embeddable":true,"href":"http:\/\/www.chph.hu\/index.php?rest_route=%2Fwp%2Fv2%2Fcomments&post=538"}],"version-history":[{"count":2,"href":"http:\/\/www.chph.hu\/index.php?rest_route=\/wp\/v2\/pages\/538\/revisions"}],"predecessor-version":[{"id":1866,"href":"http:\/\/www.chph.hu\/index.php?rest_route=\/wp\/v2\/pages\/538\/revisions\/1866"}],"wp:attachment":[{"href":"http:\/\/www.chph.hu\/index.php?rest_route=%2Fwp%2Fv2%2Fmedia&parent=538"}],"curies":[{"name":"wp","href":"https:\/\/api.w.org\/{rel}","templated":true}]}}