{"id":549,"date":"2015-04-08T12:01:22","date_gmt":"2015-04-08T12:01:22","guid":{"rendered":"http:\/\/www.chph.hu\/?page_id=549"},"modified":"2023-03-08T14:01:57","modified_gmt":"2023-03-08T12:01:57","slug":"gyogyszergyar-korszerusites","status":"publish","type":"page","link":"http:\/\/www.chph.hu\/?page_id=549","title":{"rendered":"Gy\u00f3gyszergy\u00e1r korszer\u0171s\u00edt\u00e9s"},"content":{"rendered":"<h3 style=\"text-align: center;\">Armedica S.A. &#8211; Marosv\u00e1s\u00e1rhely<\/h3>\n<p style=\"text-align: left;\" align=\"center\">A Richter Gedeon Rt. megb\u00edz\u00e1s\u00e1b\u00f3l a marosv\u00e1s\u00e1rhelyi Armedica S.A. gy\u00f3gyszergy\u00e1r korszer\u0171s\u00edt\u00e9s\u00e9nek t\u00f6bb fordul\u00f3s koncepci\u00f3 terve ut\u00e1n, a teljes gy\u00e1rtelepre vonatkoz\u00f3 m\u0171szaki alapterv\u00e9t elk\u00e9sz\u00edtette a Chemitechnik<span lang=\"en\">\u00a0<\/span>Pharma<span lang=\"en-us\">\u00a0<\/span>Kft.<br \/>\nA teljes tervez\u00e9si munk\u00e1ban szinte valamennyi tervez\u0151 kolleg\u00e1nk r\u00e9szt vett, egyes szak\u00e1gi tervet pedig k\u00fcls\u0151s szaktervez\u0151k k\u00e9sz\u00edtett\u00e9k el.<br \/>\nM\u0171szaki alapterveinket marosv\u00e1s\u00e1rhelyi tervez\u0151k adopt\u00e1lt\u00e1k.<br \/>\nI. \u00fctemben a XIII-XV.sz. bej\u00e1rati \u00e9p\u00fclet az orvosi rendel\u0151kkel \u00e9s a mellette l\u00e9v\u0151 exped\u00edci\u00f3-marketing k\u00e9sz\u00fclt el. Ideiglenesen a gy\u00e1rvezet\u00e9s is ebben az \u00e9p\u00fcletben kapott helyet.<\/p>\n<table width=\"50%\">\n<tbody>\n<tr>\n<td width=\"50%\"><em>Tervez\u00e9s \u00e9ve:<\/em><\/td>\n<td>1999<\/td>\n<\/tr>\n<tr>\n<td width=\"50%\"><em>Kivitelez\u00e9s \u00e9ve:<\/em><\/td>\n<td>1999-2000<\/td>\n<\/tr>\n<tr>\n<td width=\"50%\"><em>Be\u00e9p\u00edtett szintter\u00fclet:<\/em><\/td>\n<td>1450 m\u00b2<\/td>\n<\/tr>\n<tr>\n<td width=\"50%\"><em>Rakt\u00e1r kapacit\u00e1s:<\/em><\/td>\n<td>126 t\u00e1rhely<\/td>\n<\/tr>\n<\/tbody>\n<\/table>\n<hr \/>\n<div id='gallery-1' class='gallery galleryid-549 gallery-columns-2 gallery-size-full'><figure class='gallery-item'>\n\t\t\t<div class='gallery-icon landscape'>\n\t\t\t\t<img loading=\"lazy\" decoding=\"async\" width=\"588\" height=\"395\" src=\"http:\/\/www.chph.hu\/wp-content\/uploads\/2015\/04\/arme071.jpg\" class=\"attachment-full size-full\" alt=\"\" sizes=\"auto, 100vw\" \/>\n\t\t\t<\/div><\/figure><figure class='gallery-item'>\n\t\t\t<div class='gallery-icon landscape'>\n\t\t\t\t<img loading=\"lazy\" decoding=\"async\" width=\"588\" height=\"397\" src=\"http:\/\/www.chph.hu\/wp-content\/uploads\/2015\/04\/arme111.jpg\" class=\"attachment-full size-full\" alt=\"\" sizes=\"auto, 100vw\" \/>\n\t\t\t<\/div><\/figure><figure class='gallery-item'>\n\t\t\t<div class='gallery-icon landscape'>\n\t\t\t\t<img loading=\"lazy\" decoding=\"async\" width=\"584\" height=\"395\" src=\"http:\/\/www.chph.hu\/wp-content\/uploads\/2015\/04\/arme161.jpg\" class=\"attachment-full size-full\" alt=\"\" sizes=\"auto, 100vw\" \/>\n\t\t\t<\/div><\/figure><figure class='gallery-item'>\n\t\t\t<div class='gallery-icon landscape'>\n\t\t\t\t<img loading=\"lazy\" decoding=\"async\" width=\"800\" height=\"436\" src=\"http:\/\/www.chph.hu\/wp-content\/uploads\/2015\/04\/arme_3d1.jpg\" class=\"attachment-full size-full\" alt=\"\" srcset=\"http:\/\/www.chph.hu\/wp-content\/uploads\/2015\/04\/arme_3d1.jpg 800w, http:\/\/www.chph.hu\/wp-content\/uploads\/2015\/04\/arme_3d1-600x327.jpg 600w\" sizes=\"auto, 100vw\" \/>\n\t\t\t<\/div><\/figure><figure class='gallery-item'>\n\t\t\t<div class='gallery-icon landscape'>\n\t\t\t\t<img loading=\"lazy\" decoding=\"async\" width=\"792\" height=\"411\" src=\"http:\/\/www.chph.hu\/wp-content\/uploads\/2015\/04\/arme_3d21.jpg\" class=\"attachment-full size-full\" alt=\"\" srcset=\"http:\/\/www.chph.hu\/wp-content\/uploads\/2015\/04\/arme_3d21.jpg 792w, http:\/\/www.chph.hu\/wp-content\/uploads\/2015\/04\/arme_3d21-600x311.jpg 600w\" sizes=\"auto, 100vw\" \/>\n\t\t\t<\/div><\/figure><figure class='gallery-item'>\n\t\t\t<div class='gallery-icon landscape'>\n\t\t\t\t<img loading=\"lazy\" decoding=\"async\" width=\"796\" height=\"403\" src=\"http:\/\/www.chph.hu\/wp-content\/uploads\/2015\/04\/arme_hom11.jpg\" class=\"attachment-full size-full\" alt=\"\" srcset=\"http:\/\/www.chph.hu\/wp-content\/uploads\/2015\/04\/arme_hom11.jpg 796w, http:\/\/www.chph.hu\/wp-content\/uploads\/2015\/04\/arme_hom11-600x304.jpg 600w\" sizes=\"auto, 100vw\" \/>\n\t\t\t<\/div><\/figure><figure class='gallery-item'>\n\t\t\t<div class='gallery-icon landscape'>\n\t\t\t\t<img loading=\"lazy\" decoding=\"async\" width=\"800\" height=\"410\" src=\"http:\/\/www.chph.hu\/wp-content\/uploads\/2015\/04\/arme_hom41.jpg\" class=\"attachment-full size-full\" alt=\"\" srcset=\"http:\/\/www.chph.hu\/wp-content\/uploads\/2015\/04\/arme_hom41.jpg 800w, http:\/\/www.chph.hu\/wp-content\/uploads\/2015\/04\/arme_hom41-600x308.jpg 600w\" sizes=\"auto, 100vw\" \/>\n\t\t\t<\/div><\/figure><figure class='gallery-item'>\n\t\t\t<div class='gallery-icon landscape'>\n\t\t\t\t<img loading=\"lazy\" decoding=\"async\" width=\"799\" height=\"405\" src=\"http:\/\/www.chph.hu\/wp-content\/uploads\/2015\/04\/arme_hom21.jpg\" class=\"attachment-full size-full\" alt=\"\" srcset=\"http:\/\/www.chph.hu\/wp-content\/uploads\/2015\/04\/arme_hom21.jpg 799w, http:\/\/www.chph.hu\/wp-content\/uploads\/2015\/04\/arme_hom21-600x304.jpg 600w\" sizes=\"auto, 100vw\" \/>\n\t\t\t<\/div><\/figure><figure class='gallery-item'>\n\t\t\t<div class='gallery-icon landscape'>\n\t\t\t\t<img loading=\"lazy\" decoding=\"async\" width=\"799\" height=\"402\" src=\"http:\/\/www.chph.hu\/wp-content\/uploads\/2015\/04\/arme_hom31.jpg\" class=\"attachment-full size-full\" alt=\"\" srcset=\"http:\/\/www.chph.hu\/wp-content\/uploads\/2015\/04\/arme_hom31.jpg 799w, http:\/\/www.chph.hu\/wp-content\/uploads\/2015\/04\/arme_hom31-600x302.jpg 600w\" sizes=\"auto, 100vw\" \/>\n\t\t\t<\/div><\/figure>\n\t\t<\/div>\n\n<hr \/>\n","protected":false},"excerpt":{"rendered":"<p>Armedica S.A. &#8211; Marosv\u00e1s\u00e1rhely A Richter Gedeon Rt. megb\u00edz\u00e1s\u00e1b\u00f3l a marosv\u00e1s\u00e1rhelyi Armedica S.A. gy\u00f3gyszergy\u00e1r korszer\u0171s\u00edt\u00e9s\u00e9nek t\u00f6bb fordul\u00f3s koncepci\u00f3 terve ut\u00e1n, a teljes gy\u00e1rtelepre vonatkoz\u00f3 m\u0171szaki alapterv\u00e9t elk\u00e9sz\u00edtette a Chemitechnik\u00a0Pharma\u00a0Kft. A teljes tervez\u00e9si munk\u00e1ban szinte valamennyi tervez\u0151 kolleg\u00e1nk r\u00e9szt vett, egyes szak\u00e1gi tervet pedig k\u00fcls\u0151s szaktervez\u0151k k\u00e9sz\u00edtett\u00e9k el. M\u0171szaki alapterveinket marosv\u00e1s\u00e1rhelyi tervez\u0151k adopt\u00e1lt\u00e1k. I. \u00fctemben a &hellip; <\/p>\n<p class=\"link-more\"><a href=\"http:\/\/www.chph.hu\/?page_id=549\" class=\"more-link\"><span class=\"screen-reader-text\">&#8222;Gy\u00f3gyszergy\u00e1r korszer\u0171s\u00edt\u00e9s&#8221;<\/span> b\u0151vebben<\/a><\/p>\n","protected":false},"author":1,"featured_media":0,"parent":0,"menu_order":0,"comment_status":"open","ping_status":"open","template":"","meta":{"footnotes":""},"class_list":["post-549","page","type-page","status-publish","hentry"],"_links":{"self":[{"href":"http:\/\/www.chph.hu\/index.php?rest_route=\/wp\/v2\/pages\/549","targetHints":{"allow":["GET"]}}],"collection":[{"href":"http:\/\/www.chph.hu\/index.php?rest_route=\/wp\/v2\/pages"}],"about":[{"href":"http:\/\/www.chph.hu\/index.php?rest_route=\/wp\/v2\/types\/page"}],"author":[{"embeddable":true,"href":"http:\/\/www.chph.hu\/index.php?rest_route=\/wp\/v2\/users\/1"}],"replies":[{"embeddable":true,"href":"http:\/\/www.chph.hu\/index.php?rest_route=%2Fwp%2Fv2%2Fcomments&post=549"}],"version-history":[{"count":2,"href":"http:\/\/www.chph.hu\/index.php?rest_route=\/wp\/v2\/pages\/549\/revisions"}],"predecessor-version":[{"id":1867,"href":"http:\/\/www.chph.hu\/index.php?rest_route=\/wp\/v2\/pages\/549\/revisions\/1867"}],"wp:attachment":[{"href":"http:\/\/www.chph.hu\/index.php?rest_route=%2Fwp%2Fv2%2Fmedia&parent=549"}],"curies":[{"name":"wp","href":"https:\/\/api.w.org\/{rel}","templated":true}]}}