{"id":569,"date":"2015-04-09T06:27:45","date_gmt":"2015-04-09T06:27:45","guid":{"rendered":"http:\/\/www.chph.hu\/?page_id=569"},"modified":"2023-03-08T14:02:23","modified_gmt":"2023-03-08T12:02:23","slug":"szintetikus-kiserleti-nagylabor","status":"publish","type":"page","link":"http:\/\/www.chph.hu\/?page_id=569","title":{"rendered":"Szintetikus k\u00eds\u00e9rleti nagylabor"},"content":{"rendered":"<h3 style=\"text-align: center;\">Richter Gedeon Rt. fi\u00f3ktelepe, Dorog<\/h3>\n<p style=\"text-align: left;\" align=\"center\">A Richter Gedeon Rt. a dorogi fi\u00f3ktelep\u00e9n kis volumen\u0171 k\u00eds\u00e9rleti gy\u00e1rt\u00e1sok elv\u00e9gz\u00e9s\u00e9re egy megl\u00e9v\u0151 egyter\u0171 csarnokban, k\u00e9t \u00faj szint be\u00e9p\u00edt\u00e9s\u00e9vel, a homlokzat \u00e1talak\u00edt\u00e1s\u00e1val \u00fczemet alak\u00edtott ki.<br \/>\nA k\u00eds\u00e9rleti nagylaborban 20-1250 l-es k\u00e9sz\u00fcl\u00e9keket haszn\u00e1lnak. A tet\u0151re ker\u00fcltek a szell\u0151z\u0151 berendez\u00e9sek. Az \u00fczem ter\u00fclet\u00e9n &#8222;D&#8221; fokozat\u00fa tisztat\u00e9ri v\u00e9gfeldolgoz\u00f3 is k\u00e9sz\u00fclt.<br \/>\nAz ehhez sz\u00fcks\u00e9ges koncepcion\u00e1lis tervet, k\u00e9sz\u00fcl\u00e9k specifik\u00e1ci\u00f3t, \u00e9p\u00edt\u00e9si enged\u00e9lyez\u00e9si \u00e9s kivitelez\u00e9si, valamint cGMP terveket k\u00e9sz\u00edtett\u00fck el. A kivitelez\u00e9st folyamatos tervez\u0151i m\u0171vezet\u00e9ssel seg\u00edtett\u00fck.<\/p>\n<table width=\"50%\">\n<tbody>\n<tr>\n<td width=\"50%\"><em>Tervez\u00e9s \u00e9ve:<\/em><\/td>\n<td>1997-1998<\/td>\n<\/tr>\n<tr>\n<td width=\"50%\"><em>Kivitelez\u00e9s \u00e9ve:<\/em><\/td>\n<td>1998-1999<\/td>\n<\/tr>\n<tr>\n<td width=\"50%\"><em>Be\u00e9p\u00edtett szintter\u00fclet:<\/em><\/td>\n<td>1350 m\u00b2<\/td>\n<\/tr>\n<tr>\n<td width=\"50%\"><em>Be\u00e9p\u00edtett t\u00e9rfogat:<\/em><\/td>\n<td>6690 m\u00b3<\/td>\n<\/tr>\n<tr>\n<td width=\"50%\"><em>Be\u00e9p\u00edtett k\u00e9sz\u00fcl\u00e9kcsoportok sz\u00e1ma:<\/em><\/td>\n<td>22 db<\/td>\n<\/tr>\n<\/tbody>\n<\/table>\n<hr \/>\n<div id='gallery-1' class='gallery galleryid-569 gallery-columns-2 gallery-size-full'><figure class='gallery-item'>\n\t\t\t<div class='gallery-icon landscape'>\n\t\t\t\t<img loading=\"lazy\" decoding=\"async\" width=\"1768\" height=\"1156\" src=\"http:\/\/www.chph.hu\/wp-content\/uploads\/2015\/04\/teku011.jpg\" class=\"attachment-full size-full\" alt=\"\" srcset=\"http:\/\/www.chph.hu\/wp-content\/uploads\/2015\/04\/teku011.jpg 1768w, http:\/\/www.chph.hu\/wp-content\/uploads\/2015\/04\/teku011-600x392.jpg 600w, http:\/\/www.chph.hu\/wp-content\/uploads\/2015\/04\/teku011-300x196.jpg 300w, http:\/\/www.chph.hu\/wp-content\/uploads\/2015\/04\/teku011-1024x670.jpg 1024w\" sizes=\"auto, 100vw\" \/>\n\t\t\t<\/div><\/figure><figure class='gallery-item'>\n\t\t\t<div class='gallery-icon landscape'>\n\t\t\t\t<img loading=\"lazy\" decoding=\"async\" width=\"1024\" height=\"768\" src=\"http:\/\/www.chph.hu\/wp-content\/uploads\/2015\/04\/DSC000281.jpg\" class=\"attachment-full size-full\" alt=\"\" srcset=\"http:\/\/www.chph.hu\/wp-content\/uploads\/2015\/04\/DSC000281.jpg 1024w, http:\/\/www.chph.hu\/wp-content\/uploads\/2015\/04\/DSC000281-600x450.jpg 600w, http:\/\/www.chph.hu\/wp-content\/uploads\/2015\/04\/DSC000281-300x225.jpg 300w, http:\/\/www.chph.hu\/wp-content\/uploads\/2015\/04\/DSC000281-135x100.jpg 135w\" sizes=\"auto, 100vw\" \/>\n\t\t\t<\/div><\/figure><figure class='gallery-item'>\n\t\t\t<div class='gallery-icon landscape'>\n\t\t\t\t<img loading=\"lazy\" decoding=\"async\" width=\"1024\" height=\"768\" src=\"http:\/\/www.chph.hu\/wp-content\/uploads\/2015\/04\/DSC000191.jpg\" class=\"attachment-full size-full\" alt=\"\" srcset=\"http:\/\/www.chph.hu\/wp-content\/uploads\/2015\/04\/DSC000191.jpg 1024w, http:\/\/www.chph.hu\/wp-content\/uploads\/2015\/04\/DSC000191-600x450.jpg 600w, http:\/\/www.chph.hu\/wp-content\/uploads\/2015\/04\/DSC000191-300x225.jpg 300w, http:\/\/www.chph.hu\/wp-content\/uploads\/2015\/04\/DSC000191-135x100.jpg 135w\" sizes=\"auto, 100vw\" \/>\n\t\t\t<\/div><\/figure><figure class='gallery-item'>\n\t\t\t<div class='gallery-icon landscape'>\n\t\t\t\t<img loading=\"lazy\" decoding=\"async\" width=\"1016\" height=\"803\" src=\"http:\/\/www.chph.hu\/wp-content\/uploads\/2015\/04\/teku_homlokzatok31.jpg\" class=\"attachment-full size-full\" alt=\"\" srcset=\"http:\/\/www.chph.hu\/wp-content\/uploads\/2015\/04\/teku_homlokzatok31.jpg 1016w, http:\/\/www.chph.hu\/wp-content\/uploads\/2015\/04\/teku_homlokzatok31-600x474.jpg 600w, http:\/\/www.chph.hu\/wp-content\/uploads\/2015\/04\/teku_homlokzatok31-300x237.jpg 300w\" sizes=\"auto, 100vw\" \/>\n\t\t\t<\/div><\/figure><figure class='gallery-item'>\n\t\t\t<div class='gallery-icon landscape'>\n\t\t\t\t<img loading=\"lazy\" decoding=\"async\" width=\"1150\" height=\"802\" src=\"http:\/\/www.chph.hu\/wp-content\/uploads\/2015\/04\/teku_homlokzatok21.jpg\" class=\"attachment-full size-full\" alt=\"\" srcset=\"http:\/\/www.chph.hu\/wp-content\/uploads\/2015\/04\/teku_homlokzatok21.jpg 1150w, http:\/\/www.chph.hu\/wp-content\/uploads\/2015\/04\/teku_homlokzatok21-600x418.jpg 600w, http:\/\/www.chph.hu\/wp-content\/uploads\/2015\/04\/teku_homlokzatok21-300x209.jpg 300w, http:\/\/www.chph.hu\/wp-content\/uploads\/2015\/04\/teku_homlokzatok21-1024x714.jpg 1024w, http:\/\/www.chph.hu\/wp-content\/uploads\/2015\/04\/teku_homlokzatok21-350x245.jpg 350w\" sizes=\"auto, 100vw\" \/>\n\t\t\t<\/div><\/figure><figure class='gallery-item'>\n\t\t\t<div class='gallery-icon portrait'>\n\t\t\t\t<img loading=\"lazy\" decoding=\"async\" width=\"768\" height=\"1024\" src=\"http:\/\/www.chph.hu\/wp-content\/uploads\/2015\/04\/DSC000021.jpg\" class=\"attachment-full size-full\" alt=\"\" srcset=\"http:\/\/www.chph.hu\/wp-content\/uploads\/2015\/04\/DSC000021.jpg 768w, http:\/\/www.chph.hu\/wp-content\/uploads\/2015\/04\/DSC000021-600x800.jpg 600w, http:\/\/www.chph.hu\/wp-content\/uploads\/2015\/04\/DSC000021-225x300.jpg 225w\" sizes=\"auto, 100vw\" \/>\n\t\t\t<\/div><\/figure><figure class='gallery-item'>\n\t\t\t<div class='gallery-icon portrait'>\n\t\t\t\t<img loading=\"lazy\" decoding=\"async\" width=\"1156\" height=\"1768\" src=\"http:\/\/www.chph.hu\/wp-content\/uploads\/2015\/04\/teku051.jpg\" class=\"attachment-full size-full\" alt=\"\" srcset=\"http:\/\/www.chph.hu\/wp-content\/uploads\/2015\/04\/teku051.jpg 1156w, http:\/\/www.chph.hu\/wp-content\/uploads\/2015\/04\/teku051-600x918.jpg 600w, http:\/\/www.chph.hu\/wp-content\/uploads\/2015\/04\/teku051-196x300.jpg 196w, http:\/\/www.chph.hu\/wp-content\/uploads\/2015\/04\/teku051-670x1024.jpg 670w\" sizes=\"auto, 100vw\" \/>\n\t\t\t<\/div><\/figure><figure class='gallery-item'>\n\t\t\t<div class='gallery-icon portrait'>\n\t\t\t\t<img loading=\"lazy\" decoding=\"async\" width=\"768\" height=\"1024\" src=\"http:\/\/www.chph.hu\/wp-content\/uploads\/2015\/04\/DSC000481.jpg\" class=\"attachment-full size-full\" alt=\"\" srcset=\"http:\/\/www.chph.hu\/wp-content\/uploads\/2015\/04\/DSC000481.jpg 768w, http:\/\/www.chph.hu\/wp-content\/uploads\/2015\/04\/DSC000481-600x800.jpg 600w, http:\/\/www.chph.hu\/wp-content\/uploads\/2015\/04\/DSC000481-225x300.jpg 225w\" sizes=\"auto, 100vw\" \/>\n\t\t\t<\/div><\/figure>\n\t\t<\/div>\n\n<hr \/>\n","protected":false},"excerpt":{"rendered":"<p>Richter Gedeon Rt. fi\u00f3ktelepe, Dorog A Richter Gedeon Rt. a dorogi fi\u00f3ktelep\u00e9n kis volumen\u0171 k\u00eds\u00e9rleti gy\u00e1rt\u00e1sok elv\u00e9gz\u00e9s\u00e9re egy megl\u00e9v\u0151 egyter\u0171 csarnokban, k\u00e9t \u00faj szint be\u00e9p\u00edt\u00e9s\u00e9vel, a homlokzat \u00e1talak\u00edt\u00e1s\u00e1val \u00fczemet alak\u00edtott ki. A k\u00eds\u00e9rleti nagylaborban 20-1250 l-es k\u00e9sz\u00fcl\u00e9keket haszn\u00e1lnak. A tet\u0151re ker\u00fcltek a szell\u0151z\u0151 berendez\u00e9sek. Az \u00fczem ter\u00fclet\u00e9n &#8222;D&#8221; fokozat\u00fa tisztat\u00e9ri v\u00e9gfeldolgoz\u00f3 is k\u00e9sz\u00fclt. Az ehhez &hellip; <\/p>\n<p class=\"link-more\"><a href=\"http:\/\/www.chph.hu\/?page_id=569\" class=\"more-link\"><span class=\"screen-reader-text\">&#8222;Szintetikus k\u00eds\u00e9rleti nagylabor&#8221;<\/span> b\u0151vebben<\/a><\/p>\n","protected":false},"author":1,"featured_media":0,"parent":0,"menu_order":0,"comment_status":"open","ping_status":"open","template":"","meta":{"footnotes":""},"class_list":["post-569","page","type-page","status-publish","hentry"],"_links":{"self":[{"href":"http:\/\/www.chph.hu\/index.php?rest_route=\/wp\/v2\/pages\/569","targetHints":{"allow":["GET"]}}],"collection":[{"href":"http:\/\/www.chph.hu\/index.php?rest_route=\/wp\/v2\/pages"}],"about":[{"href":"http:\/\/www.chph.hu\/index.php?rest_route=\/wp\/v2\/types\/page"}],"author":[{"embeddable":true,"href":"http:\/\/www.chph.hu\/index.php?rest_route=\/wp\/v2\/users\/1"}],"replies":[{"embeddable":true,"href":"http:\/\/www.chph.hu\/index.php?rest_route=%2Fwp%2Fv2%2Fcomments&post=569"}],"version-history":[{"count":3,"href":"http:\/\/www.chph.hu\/index.php?rest_route=\/wp\/v2\/pages\/569\/revisions"}],"predecessor-version":[{"id":1868,"href":"http:\/\/www.chph.hu\/index.php?rest_route=\/wp\/v2\/pages\/569\/revisions\/1868"}],"wp:attachment":[{"href":"http:\/\/www.chph.hu\/index.php?rest_route=%2Fwp%2Fv2%2Fmedia&parent=569"}],"curies":[{"name":"wp","href":"https:\/\/api.w.org\/{rel}","templated":true}]}}