{"id":582,"date":"2015-04-09T06:39:57","date_gmt":"2015-04-09T06:39:57","guid":{"rendered":"http:\/\/www.chph.hu\/?page_id=582"},"modified":"2023-03-08T14:03:04","modified_gmt":"2023-03-08T12:03:04","slug":"szenna-vegtermek-feldolgozo-uzem","status":"publish","type":"page","link":"http:\/\/www.chph.hu\/?page_id=582","title":{"rendered":"Szenna v\u00e9gterm\u00e9k-feldolgoz\u00f3 \u00fczem"},"content":{"rendered":"<h3 style=\"text-align: center;\">ICN Magyarorsz\u00e1g Rt.<\/h3>\n<p style=\"text-align: left;\" align=\"center\">Az ICN Rt. \u00fagy d\u00f6nt\u00f6tt, hogy tiszavasv\u00e1ri gy\u00e1r\u00e1ban az egyik vezet\u0151 term\u00e9k\u00e9nek gy\u00e1rt\u00e1s\u00e1hoz \u00faj, modern v\u00e9gterm\u00e9k-feldolgoz\u00f3t alak\u00edt ki.<br \/>\nA technol\u00f3giai gy\u00e1rt\u00f3sorok berendez\u00e9seit \u00fagy k\u00edv\u00e1nt\u00e1k \u00e1tcsoportos\u00edtani, hogy a v\u00e9gf\u00e1zis berendez\u00e9sei tisztat\u00e9rbe ker\u00fcljenek, a k\u00e9szterm\u00e9k kezel\u00e9se tisztat\u00e9ri k\u00f6r\u00fclm\u00e9nyek k\u00f6z\u00f6tt t\u00f6rt\u00e9njen. A Chemitechnik<span lang=\"en-us\">\u00a0<\/span>Pharma<span lang=\"en-us\">\u00a0<\/span>Kft. \u00fagy k\u00e9sz\u00edtette el az ehhez sz\u00fcks\u00e9ges terveket, hogy a megval\u00f3sult v\u00e9gterm\u00e9k-feldolgoz\u00f3 megfeleljen a GMP el\u0151\u00edr\u00e1soknak.<\/p>\n<table width=\"50%\">\n<tbody>\n<tr>\n<td width=\"50%\"><em>Tervez\u00e9s \u00e9ve:<\/em><\/td>\n<td>2000-2001<\/td>\n<\/tr>\n<tr>\n<td width=\"50%\"><em>Kivitelez\u00e9s \u00e9ve:<\/em><\/td>\n<td>2001<\/td>\n<\/tr>\n<tr>\n<td width=\"50%\"><em>Be\u00e9p\u00edtett ter\u00fclet:<\/em><\/td>\n<td>110 m\u00b2<\/td>\n<\/tr>\n<\/tbody>\n<\/table>\n<hr \/>\n<div id='gallery-1' class='gallery galleryid-582 gallery-columns-2 gallery-size-full'><figure class='gallery-item'>\n\t\t\t<div class='gallery-icon landscape'>\n\t\t\t\t<img loading=\"lazy\" decoding=\"async\" width=\"1152\" height=\"864\" src=\"http:\/\/www.chph.hu\/wp-content\/uploads\/2015\/04\/DCP058391.jpg\" class=\"attachment-full size-full\" alt=\"\" srcset=\"http:\/\/www.chph.hu\/wp-content\/uploads\/2015\/04\/DCP058391.jpg 1152w, http:\/\/www.chph.hu\/wp-content\/uploads\/2015\/04\/DCP058391-600x450.jpg 600w, http:\/\/www.chph.hu\/wp-content\/uploads\/2015\/04\/DCP058391-300x225.jpg 300w, http:\/\/www.chph.hu\/wp-content\/uploads\/2015\/04\/DCP058391-1024x768.jpg 1024w, http:\/\/www.chph.hu\/wp-content\/uploads\/2015\/04\/DCP058391-135x100.jpg 135w\" sizes=\"auto, 100vw\" \/>\n\t\t\t<\/div><\/figure><figure class='gallery-item'>\n\t\t\t<div class='gallery-icon landscape'>\n\t\t\t\t<img loading=\"lazy\" decoding=\"async\" width=\"1600\" height=\"1280\" src=\"http:\/\/www.chph.hu\/wp-content\/uploads\/2015\/04\/Tisztat-talcamoso11.jpg\" class=\"attachment-full size-full\" alt=\"\" srcset=\"http:\/\/www.chph.hu\/wp-content\/uploads\/2015\/04\/Tisztat-talcamoso11.jpg 1600w, http:\/\/www.chph.hu\/wp-content\/uploads\/2015\/04\/Tisztat-talcamoso11-600x480.jpg 600w, http:\/\/www.chph.hu\/wp-content\/uploads\/2015\/04\/Tisztat-talcamoso11-300x240.jpg 300w, http:\/\/www.chph.hu\/wp-content\/uploads\/2015\/04\/Tisztat-talcamoso11-1024x819.jpg 1024w\" sizes=\"auto, 100vw\" \/>\n\t\t\t<\/div><\/figure><figure class='gallery-item'>\n\t\t\t<div class='gallery-icon landscape'>\n\t\t\t\t<img loading=\"lazy\" decoding=\"async\" width=\"1600\" height=\"1280\" src=\"http:\/\/www.chph.hu\/wp-content\/uploads\/2015\/04\/IM0007741.jpg\" class=\"attachment-full size-full\" alt=\"\" srcset=\"http:\/\/www.chph.hu\/wp-content\/uploads\/2015\/04\/IM0007741.jpg 1600w, http:\/\/www.chph.hu\/wp-content\/uploads\/2015\/04\/IM0007741-600x480.jpg 600w, http:\/\/www.chph.hu\/wp-content\/uploads\/2015\/04\/IM0007741-300x240.jpg 300w, http:\/\/www.chph.hu\/wp-content\/uploads\/2015\/04\/IM0007741-1024x819.jpg 1024w\" sizes=\"auto, 100vw\" \/>\n\t\t\t<\/div><\/figure><figure class='gallery-item'>\n\t\t\t<div class='gallery-icon landscape'>\n\t\t\t\t<img loading=\"lazy\" decoding=\"async\" width=\"1600\" height=\"1280\" src=\"http:\/\/www.chph.hu\/wp-content\/uploads\/2015\/04\/IM0007661.jpg\" class=\"attachment-full size-full\" alt=\"\" srcset=\"http:\/\/www.chph.hu\/wp-content\/uploads\/2015\/04\/IM0007661.jpg 1600w, http:\/\/www.chph.hu\/wp-content\/uploads\/2015\/04\/IM0007661-600x480.jpg 600w, http:\/\/www.chph.hu\/wp-content\/uploads\/2015\/04\/IM0007661-300x240.jpg 300w, http:\/\/www.chph.hu\/wp-content\/uploads\/2015\/04\/IM0007661-1024x819.jpg 1024w\" sizes=\"auto, 100vw\" \/>\n\t\t\t<\/div><\/figure><figure class='gallery-item'>\n\t\t\t<div class='gallery-icon landscape'>\n\t\t\t\t<img loading=\"lazy\" decoding=\"async\" width=\"1152\" height=\"864\" src=\"http:\/\/www.chph.hu\/wp-content\/uploads\/2015\/04\/Tisztat-talcamoso21.jpg\" class=\"attachment-full size-full\" alt=\"\" srcset=\"http:\/\/www.chph.hu\/wp-content\/uploads\/2015\/04\/Tisztat-talcamoso21.jpg 1152w, http:\/\/www.chph.hu\/wp-content\/uploads\/2015\/04\/Tisztat-talcamoso21-600x450.jpg 600w, http:\/\/www.chph.hu\/wp-content\/uploads\/2015\/04\/Tisztat-talcamoso21-300x225.jpg 300w, http:\/\/www.chph.hu\/wp-content\/uploads\/2015\/04\/Tisztat-talcamoso21-1024x768.jpg 1024w, http:\/\/www.chph.hu\/wp-content\/uploads\/2015\/04\/Tisztat-talcamoso21-135x100.jpg 135w\" sizes=\"auto, 100vw\" \/>\n\t\t\t<\/div><\/figure>\n\t\t<\/div>\n\n<hr \/>\n","protected":false},"excerpt":{"rendered":"<p>ICN Magyarorsz\u00e1g Rt. Az ICN Rt. \u00fagy d\u00f6nt\u00f6tt, hogy tiszavasv\u00e1ri gy\u00e1r\u00e1ban az egyik vezet\u0151 term\u00e9k\u00e9nek gy\u00e1rt\u00e1s\u00e1hoz \u00faj, modern v\u00e9gterm\u00e9k-feldolgoz\u00f3t alak\u00edt ki. A technol\u00f3giai gy\u00e1rt\u00f3sorok berendez\u00e9seit \u00fagy k\u00edv\u00e1nt\u00e1k \u00e1tcsoportos\u00edtani, hogy a v\u00e9gf\u00e1zis berendez\u00e9sei tisztat\u00e9rbe ker\u00fcljenek, a k\u00e9szterm\u00e9k kezel\u00e9se tisztat\u00e9ri k\u00f6r\u00fclm\u00e9nyek k\u00f6z\u00f6tt t\u00f6rt\u00e9njen. A Chemitechnik\u00a0Pharma\u00a0Kft. \u00fagy k\u00e9sz\u00edtette el az ehhez sz\u00fcks\u00e9ges terveket, hogy a megval\u00f3sult v\u00e9gterm\u00e9k-feldolgoz\u00f3 megfeleljen &hellip; <\/p>\n<p class=\"link-more\"><a href=\"http:\/\/www.chph.hu\/?page_id=582\" class=\"more-link\"><span class=\"screen-reader-text\">&#8222;Szenna v\u00e9gterm\u00e9k-feldolgoz\u00f3 \u00fczem&#8221;<\/span> b\u0151vebben<\/a><\/p>\n","protected":false},"author":1,"featured_media":0,"parent":0,"menu_order":0,"comment_status":"open","ping_status":"open","template":"","meta":{"footnotes":""},"class_list":["post-582","page","type-page","status-publish","hentry"],"_links":{"self":[{"href":"http:\/\/www.chph.hu\/index.php?rest_route=\/wp\/v2\/pages\/582","targetHints":{"allow":["GET"]}}],"collection":[{"href":"http:\/\/www.chph.hu\/index.php?rest_route=\/wp\/v2\/pages"}],"about":[{"href":"http:\/\/www.chph.hu\/index.php?rest_route=\/wp\/v2\/types\/page"}],"author":[{"embeddable":true,"href":"http:\/\/www.chph.hu\/index.php?rest_route=\/wp\/v2\/users\/1"}],"replies":[{"embeddable":true,"href":"http:\/\/www.chph.hu\/index.php?rest_route=%2Fwp%2Fv2%2Fcomments&post=582"}],"version-history":[{"count":2,"href":"http:\/\/www.chph.hu\/index.php?rest_route=\/wp\/v2\/pages\/582\/revisions"}],"predecessor-version":[{"id":1869,"href":"http:\/\/www.chph.hu\/index.php?rest_route=\/wp\/v2\/pages\/582\/revisions\/1869"}],"wp:attachment":[{"href":"http:\/\/www.chph.hu\/index.php?rest_route=%2Fwp%2Fv2%2Fmedia&parent=582"}],"curies":[{"name":"wp","href":"https:\/\/api.w.org\/{rel}","templated":true}]}}