{"id":592,"date":"2015-04-09T06:50:43","date_gmt":"2015-04-09T06:50:43","guid":{"rendered":"http:\/\/www.chph.hu\/?page_id=592"},"modified":"2023-03-08T14:04:20","modified_gmt":"2023-03-08T12:04:20","slug":"kemia-i-uzem-iii-csarnok-bovites-vegtermek-feldolgozo","status":"publish","type":"page","link":"http:\/\/www.chph.hu\/?page_id=592","title":{"rendered":"K\u00e9mia I. \u00fczem  III. csarnok b\u0151v\u00edt\u00e9s, v\u00e9gterm\u00e9k feldolgoz\u00f3"},"content":{"rendered":"<h3 style=\"text-align: center;\">Richter Gedeon Rt. Budapest<\/h3>\n<p style=\"text-align: left;\" align=\"center\">A korszer\u0171 gy\u00f3gyszer-hat\u00f3anyag gy\u00e1rt\u00e1s utols\u00f3 m\u0171veleteit az \u00fagynevezett &#8222;tisztat\u00e9ri v\u00e9gterm\u00e9k-feldolgoz\u00f3k&#8221;-ban v\u00e9gzik. Itt a gy\u00e1rt\u00e1s k\u00f6r\u00fclm\u00e9nyei, a be\u00e9p\u00edtett technol\u00f3giai berendez\u00e9sek k\u00fcls\u0151 \u00e9s bels\u0151 kialak\u00edt\u00e1sai, a k\u00fcl\u00f6nleges \u00e9p\u00edt\u00e9szeti \u00e9s \u00e9p\u00fcletg\u00e9p\u00e9szeti, els\u0151sorban l\u00e9gtechnikai megold\u00e1sok biztos\u00edtj\u00e1k, hogy a gy\u00e1rt\u00e1s v\u00e9gs\u0151 szakasz\u00e1ban csak ellen\u0151rz\u00f6tt, szennyez\u0151d\u00e9sekt\u0151l mentes, dokument\u00e1lt hat\u00f3anyag hagyhatja el az \u00fczemet. V\u00e9gfeldogoz\u00f3 \u00fczem kialak\u00edt\u00e1s\u00e1n\u00e1l, m\u00e1r a tervez\u00e9s sor\u00e1n szigor\u00fa hazai \u00e9s nemzetk\u00f6zi elv\u00e1r\u00e1sokat kell kiel\u00e9g\u00edteni. Ilyenek a cGMP ir\u00e1nyelvek \u00e9s az FDA inspekci\u00f3k.<\/p>\n<p style=\"text-align: left;\" align=\"left\">A betervezett \u00e9s be\u00e9p\u00edtett technol\u00f3giai kulcsg\u00e9pek, m\u0171veleti sorrendben a k\u00f6vetkez\u0151k:<br \/>\n&#8211; 2500 literes, DeDietrich gy\u00e1rtm\u00e1ny\u00fa zom\u00e1ncozott krist\u00e1lyos\u00edt\u00f3, Chemitechnik<span lang=\"en\">\u00a0<\/span>Pharma \u00e1ltal kifejlesztett, szab\u00e1lyozott, k\u00f6zvetett h\u0171t\u0151-f\u0171t\u0151 rendszerrel.<br \/>\n&#8211; 1000 mm dob\u00e1tm\u00e9r\u0151j\u0171 v\u00edzszintes tengely\u0171 Ellerwerk gy\u00e1rtm\u00e1ny\u00fa centrifuga.<br \/>\n&#8211; Summix gy\u00e1rtm\u00e1ny\u00fa sz\u00e1r\u00edt\u00f3, v\u00e1kuumg\u00e9ppel, old\u00f3szer-visszanyer\u00e9ssel.<\/p>\n<p style=\"text-align: left;\" align=\"center\">A v\u00e9gterm\u00e9k-feldolgoz\u00f3 a Richter<span lang=\"en\">\u00a0<\/span>Gedeon<span lang=\"en\">\u00a0<\/span>Rt. K\u00e9mia I. \u00fczem\u00e9nek Gy\u00f6mr\u0151i \u00fat ment\u00e9n fekv\u0151 III. csarnok\u00e1nak \u00e9szaknyugati v\u00e9g\u00e9ben, h\u00e1rom szinten ker\u00fclt telep\u00edt\u00e9sre. Minden szinthez szerel\u0151szint tartozik. A k\u00fcl\u00f6nb\u00f6z\u0151 szintekhez kapcsol\u00f3d\u00f3an az \u00e9p\u00fclet lez\u00e1r\u00e1sak\u00e9nt b\u0151v\u00edtm\u00e9nyben kapott helyet egy ors\u00f3t\u00e9ri falra szerkesztett k\u00e9t l\u00e9pcs\u0151h\u00e1z \u00e9s egy kaz\u00e1nh\u00e1z-szell\u0151z\u0151g\u00e9ph\u00e1z.<br \/>\nT\u00e1rsas\u00e1gunk a beruh\u00e1z\u00e1shoz sz\u00fcks\u00e9ges \u00f6sszes \u00e9p\u00edt\u00e9si- \u00e9s fel\u00e1ll\u00edt\u00e1si enged\u00e9lyez\u00e9si-, technol\u00f3giai- illetve kiviteli tervdokument\u00e1ci\u00f3t k\u00e9sz\u00edtette el.<\/p>\n<table width=\"50%\">\n<tbody>\n<tr>\n<td width=\"50%\"><em>Tervez\u00e9s \u00e9ve:<\/em><\/td>\n<td>1996-1997<\/td>\n<\/tr>\n<tr>\n<td width=\"50%\"><em>Kivitelez\u00e9s \u00e9ve:<\/em><\/td>\n<td>1997-1998<\/td>\n<\/tr>\n<tr>\n<td width=\"50%\"><em>Be\u00e9p\u00edtett szintter\u00fclet:<\/em><\/td>\n<td>1500 m\u00b2<\/td>\n<\/tr>\n<\/tbody>\n<\/table>\n<hr \/>\n<div id='gallery-1' class='gallery galleryid-592 gallery-columns-2 gallery-size-full'><figure class='gallery-item'>\n\t\t\t<div class='gallery-icon landscape'>\n\t\t\t\t<img loading=\"lazy\" decoding=\"async\" width=\"800\" height=\"600\" src=\"http:\/\/www.chph.hu\/wp-content\/uploads\/2015\/04\/k1_3d1.jpg\" class=\"attachment-full size-full\" alt=\"\" srcset=\"http:\/\/www.chph.hu\/wp-content\/uploads\/2015\/04\/k1_3d1.jpg 800w, http:\/\/www.chph.hu\/wp-content\/uploads\/2015\/04\/k1_3d1-600x450.jpg 600w, http:\/\/www.chph.hu\/wp-content\/uploads\/2015\/04\/k1_3d1-300x225.jpg 300w, http:\/\/www.chph.hu\/wp-content\/uploads\/2015\/04\/k1_3d1-135x100.jpg 135w\" sizes=\"auto, 100vw\" \/>\n\t\t\t<\/div><\/figure><figure class='gallery-item'>\n\t\t\t<div class='gallery-icon landscape'>\n\t\t\t\t<img loading=\"lazy\" decoding=\"async\" width=\"592\" height=\"400\" src=\"http:\/\/www.chph.hu\/wp-content\/uploads\/2015\/04\/k1_131.jpg\" class=\"attachment-full size-full\" alt=\"\" srcset=\"http:\/\/www.chph.hu\/wp-content\/uploads\/2015\/04\/k1_131.jpg 592w, http:\/\/www.chph.hu\/wp-content\/uploads\/2015\/04\/k1_131-300x203.jpg 300w\" sizes=\"auto, 100vw\" \/>\n\t\t\t<\/div><\/figure><figure class='gallery-item'>\n\t\t\t<div class='gallery-icon landscape'>\n\t\t\t\t<img loading=\"lazy\" decoding=\"async\" width=\"592\" height=\"397\" src=\"http:\/\/www.chph.hu\/wp-content\/uploads\/2015\/04\/k1_011.jpg\" class=\"attachment-full size-full\" alt=\"\" srcset=\"http:\/\/www.chph.hu\/wp-content\/uploads\/2015\/04\/k1_011.jpg 592w, http:\/\/www.chph.hu\/wp-content\/uploads\/2015\/04\/k1_011-300x201.jpg 300w\" sizes=\"auto, 100vw\" \/>\n\t\t\t<\/div><\/figure><figure class='gallery-item'>\n\t\t\t<div class='gallery-icon landscape'>\n\t\t\t\t<img loading=\"lazy\" decoding=\"async\" width=\"592\" height=\"396\" src=\"http:\/\/www.chph.hu\/wp-content\/uploads\/2015\/04\/k1_051.jpg\" class=\"attachment-full size-full\" alt=\"\" srcset=\"http:\/\/www.chph.hu\/wp-content\/uploads\/2015\/04\/k1_051.jpg 592w, http:\/\/www.chph.hu\/wp-content\/uploads\/2015\/04\/k1_051-300x201.jpg 300w\" sizes=\"auto, 100vw\" \/>\n\t\t\t<\/div><\/figure><figure class='gallery-item'>\n\t\t\t<div class='gallery-icon portrait'>\n\t\t\t\t<img loading=\"lazy\" decoding=\"async\" width=\"395\" height=\"590\" src=\"http:\/\/www.chph.hu\/wp-content\/uploads\/2015\/04\/k1_031.jpg\" class=\"attachment-full size-full\" alt=\"\" srcset=\"http:\/\/www.chph.hu\/wp-content\/uploads\/2015\/04\/k1_031.jpg 395w, http:\/\/www.chph.hu\/wp-content\/uploads\/2015\/04\/k1_031-201x300.jpg 201w\" sizes=\"auto, 100vw\" \/>\n\t\t\t<\/div><\/figure><figure class='gallery-item'>\n\t\t\t<div class='gallery-icon portrait'>\n\t\t\t\t<img loading=\"lazy\" decoding=\"async\" width=\"397\" height=\"590\" src=\"http:\/\/www.chph.hu\/wp-content\/uploads\/2015\/04\/k1_151.jpg\" class=\"attachment-full size-full\" alt=\"\" srcset=\"http:\/\/www.chph.hu\/wp-content\/uploads\/2015\/04\/k1_151.jpg 397w, http:\/\/www.chph.hu\/wp-content\/uploads\/2015\/04\/k1_151-202x300.jpg 202w\" sizes=\"auto, 100vw\" \/>\n\t\t\t<\/div><\/figure><figure class='gallery-item'>\n\t\t\t<div class='gallery-icon landscape'>\n\t\t\t\t<img loading=\"lazy\" decoding=\"async\" width=\"800\" height=\"538\" src=\"http:\/\/www.chph.hu\/wp-content\/uploads\/2015\/04\/ch1_481.jpg\" class=\"attachment-full size-full\" alt=\"\" srcset=\"http:\/\/www.chph.hu\/wp-content\/uploads\/2015\/04\/ch1_481.jpg 800w, http:\/\/www.chph.hu\/wp-content\/uploads\/2015\/04\/ch1_481-600x404.jpg 600w, http:\/\/www.chph.hu\/wp-content\/uploads\/2015\/04\/ch1_481-300x202.jpg 300w\" sizes=\"auto, 100vw\" \/>\n\t\t\t<\/div><\/figure><figure class='gallery-item'>\n\t\t\t<div class='gallery-icon landscape'>\n\t\t\t\t<img loading=\"lazy\" decoding=\"async\" width=\"1152\" height=\"864\" src=\"http:\/\/www.chph.hu\/wp-content\/uploads\/2015\/04\/Dcp017811.jpg\" class=\"attachment-full size-full\" alt=\"\" srcset=\"http:\/\/www.chph.hu\/wp-content\/uploads\/2015\/04\/Dcp017811.jpg 1152w, http:\/\/www.chph.hu\/wp-content\/uploads\/2015\/04\/Dcp017811-600x450.jpg 600w, http:\/\/www.chph.hu\/wp-content\/uploads\/2015\/04\/Dcp017811-300x225.jpg 300w, http:\/\/www.chph.hu\/wp-content\/uploads\/2015\/04\/Dcp017811-1024x768.jpg 1024w, http:\/\/www.chph.hu\/wp-content\/uploads\/2015\/04\/Dcp017811-135x100.jpg 135w\" sizes=\"auto, 100vw\" \/>\n\t\t\t<\/div><\/figure><figure class='gallery-item'>\n\t\t\t<div class='gallery-icon landscape'>\n\t\t\t\t<img loading=\"lazy\" decoding=\"async\" width=\"1174\" height=\"825\" src=\"http:\/\/www.chph.hu\/wp-content\/uploads\/2015\/04\/k1_homlokzat31.jpg\" class=\"attachment-full size-full\" alt=\"\" srcset=\"http:\/\/www.chph.hu\/wp-content\/uploads\/2015\/04\/k1_homlokzat31.jpg 1174w, http:\/\/www.chph.hu\/wp-content\/uploads\/2015\/04\/k1_homlokzat31-600x422.jpg 600w, http:\/\/www.chph.hu\/wp-content\/uploads\/2015\/04\/k1_homlokzat31-300x211.jpg 300w, http:\/\/www.chph.hu\/wp-content\/uploads\/2015\/04\/k1_homlokzat31-1024x720.jpg 1024w, http:\/\/www.chph.hu\/wp-content\/uploads\/2015\/04\/k1_homlokzat31-350x245.jpg 350w\" sizes=\"auto, 100vw\" \/>\n\t\t\t<\/div><\/figure><figure class='gallery-item'>\n\t\t\t<div class='gallery-icon landscape'>\n\t\t\t\t<img loading=\"lazy\" decoding=\"async\" width=\"1174\" height=\"825\" src=\"http:\/\/www.chph.hu\/wp-content\/uploads\/2015\/04\/k1_homlokzat21.jpg\" class=\"attachment-full size-full\" alt=\"\" srcset=\"http:\/\/www.chph.hu\/wp-content\/uploads\/2015\/04\/k1_homlokzat21.jpg 1174w, http:\/\/www.chph.hu\/wp-content\/uploads\/2015\/04\/k1_homlokzat21-600x422.jpg 600w, http:\/\/www.chph.hu\/wp-content\/uploads\/2015\/04\/k1_homlokzat21-300x211.jpg 300w, http:\/\/www.chph.hu\/wp-content\/uploads\/2015\/04\/k1_homlokzat21-1024x720.jpg 1024w, http:\/\/www.chph.hu\/wp-content\/uploads\/2015\/04\/k1_homlokzat21-350x245.jpg 350w\" sizes=\"auto, 100vw\" \/>\n\t\t\t<\/div><\/figure><figure class='gallery-item'>\n\t\t\t<div class='gallery-icon landscape'>\n\t\t\t\t<img loading=\"lazy\" decoding=\"async\" width=\"1174\" height=\"825\" src=\"http:\/\/www.chph.hu\/wp-content\/uploads\/2015\/04\/k1_homlokzat11.jpg\" class=\"attachment-full size-full\" alt=\"\" srcset=\"http:\/\/www.chph.hu\/wp-content\/uploads\/2015\/04\/k1_homlokzat11.jpg 1174w, http:\/\/www.chph.hu\/wp-content\/uploads\/2015\/04\/k1_homlokzat11-600x422.jpg 600w, http:\/\/www.chph.hu\/wp-content\/uploads\/2015\/04\/k1_homlokzat11-300x211.jpg 300w, http:\/\/www.chph.hu\/wp-content\/uploads\/2015\/04\/k1_homlokzat11-1024x720.jpg 1024w, http:\/\/www.chph.hu\/wp-content\/uploads\/2015\/04\/k1_homlokzat11-350x245.jpg 350w\" sizes=\"auto, 100vw\" \/>\n\t\t\t<\/div><\/figure>\n\t\t<\/div>\n\n<hr \/>\n","protected":false},"excerpt":{"rendered":"<p>Richter Gedeon Rt. Budapest A korszer\u0171 gy\u00f3gyszer-hat\u00f3anyag gy\u00e1rt\u00e1s utols\u00f3 m\u0171veleteit az \u00fagynevezett &#8222;tisztat\u00e9ri v\u00e9gterm\u00e9k-feldolgoz\u00f3k&#8221;-ban v\u00e9gzik. Itt a gy\u00e1rt\u00e1s k\u00f6r\u00fclm\u00e9nyei, a be\u00e9p\u00edtett technol\u00f3giai berendez\u00e9sek k\u00fcls\u0151 \u00e9s bels\u0151 kialak\u00edt\u00e1sai, a k\u00fcl\u00f6nleges \u00e9p\u00edt\u00e9szeti \u00e9s \u00e9p\u00fcletg\u00e9p\u00e9szeti, els\u0151sorban l\u00e9gtechnikai megold\u00e1sok biztos\u00edtj\u00e1k, hogy a gy\u00e1rt\u00e1s v\u00e9gs\u0151 szakasz\u00e1ban csak ellen\u0151rz\u00f6tt, szennyez\u0151d\u00e9sekt\u0151l mentes, dokument\u00e1lt hat\u00f3anyag hagyhatja el az \u00fczemet. V\u00e9gfeldogoz\u00f3 \u00fczem kialak\u00edt\u00e1s\u00e1n\u00e1l, m\u00e1r &hellip; <\/p>\n<p class=\"link-more\"><a href=\"http:\/\/www.chph.hu\/?page_id=592\" class=\"more-link\"><span class=\"screen-reader-text\">&#8222;K\u00e9mia I. \u00fczem  III. csarnok b\u0151v\u00edt\u00e9s, v\u00e9gterm\u00e9k feldolgoz\u00f3&#8221;<\/span> b\u0151vebben<\/a><\/p>\n","protected":false},"author":1,"featured_media":0,"parent":0,"menu_order":0,"comment_status":"open","ping_status":"open","template":"","meta":{"footnotes":""},"class_list":["post-592","page","type-page","status-publish","hentry"],"_links":{"self":[{"href":"http:\/\/www.chph.hu\/index.php?rest_route=\/wp\/v2\/pages\/592","targetHints":{"allow":["GET"]}}],"collection":[{"href":"http:\/\/www.chph.hu\/index.php?rest_route=\/wp\/v2\/pages"}],"about":[{"href":"http:\/\/www.chph.hu\/index.php?rest_route=\/wp\/v2\/types\/page"}],"author":[{"embeddable":true,"href":"http:\/\/www.chph.hu\/index.php?rest_route=\/wp\/v2\/users\/1"}],"replies":[{"embeddable":true,"href":"http:\/\/www.chph.hu\/index.php?rest_route=%2Fwp%2Fv2%2Fcomments&post=592"}],"version-history":[{"count":2,"href":"http:\/\/www.chph.hu\/index.php?rest_route=\/wp\/v2\/pages\/592\/revisions"}],"predecessor-version":[{"id":1870,"href":"http:\/\/www.chph.hu\/index.php?rest_route=\/wp\/v2\/pages\/592\/revisions\/1870"}],"wp:attachment":[{"href":"http:\/\/www.chph.hu\/index.php?rest_route=%2Fwp%2Fv2%2Fmedia&parent=592"}],"curies":[{"name":"wp","href":"https:\/\/api.w.org\/{rel}","templated":true}]}}