{"id":607,"date":"2015-04-09T09:04:57","date_gmt":"2015-04-09T07:04:57","guid":{"rendered":"http:\/\/www.chph.hu\/?page_id=607"},"modified":"2023-03-08T14:04:50","modified_gmt":"2023-03-08T12:04:50","slug":"lovasztatin-gyartas-telepites","status":"publish","type":"page","link":"http:\/\/www.chph.hu\/?page_id=607","title":{"rendered":"Lovasztatin gy\u00e1rt\u00e1s telep\u00edt\u00e9s"},"content":{"rendered":"<h3 style=\"text-align: center;\">Biogal Gy\u00f3gyszergyar Rt.<\/h3>\n<p style=\"text-align: left;\" align=\"center\">A Biogal Gy\u00f3gyszergy\u00e1r Rt. Alapanyaggy\u00e1rt\u00f3 Igazgat\u00f3s\u00e1ga \u00e1ttelep\u00edtette a lovasztatin gy\u00e1rt\u00e1st az egyik megl\u00e9v\u0151 \u00e9p\u00fclet\u00e9be. A technol\u00f3gi\u00e1hoz szorosan kapcsol\u00f3dik egy f\u00f6ldalatti tart\u00e1lypark \u00e9s egy m\u00e1sik \u00e9p\u00fcletben elhelyezett t\u00e1rol\u00f3.<br \/>\nA Chemitechnik<span lang=\"en\">\u00a0<\/span>Pharma<span lang=\"en\">\u00a0<\/span>Kft. elk\u00e9sz\u00edtette az ezekhez sz\u00fcks\u00e9ges \u00e9p\u00edt\u00e9si enged\u00e9lyez\u00e9si \u00e9s gener\u00e1l kiviteli terveket (angol nyelven is), 3D-s cs\u0151terveket, figyelembe v\u00e9ve a beruh\u00e1z\u00e1s m\u00e1sodik \u00fctem\u00e9t is.<\/p>\n<table width=\"50%\">\n<tbody>\n<tr>\n<td width=\"50%\"><em>Tervez\u00e9s \u00e9ve:<\/em><\/td>\n<td>2002-2003<\/td>\n<\/tr>\n<tr>\n<td width=\"50%\"><em>Kivitelez\u00e9s \u00e9ve:<\/em><\/td>\n<td>2003<\/td>\n<\/tr>\n<tr>\n<td width=\"50%\"><em>Be\u00e9p\u00edtett ter\u00fclet:<\/em><\/td>\n<td>1692 m\u00b2<\/td>\n<\/tr>\n<tr>\n<td width=\"50%\"><em>Be\u00e9p\u00edtett f\u0151k\u00e9sz\u00fcl\u00e9k t\u00e9rfogat:<\/em><\/td>\n<td>16 m\u00b3<\/td>\n<\/tr>\n<tr>\n<td width=\"50%\"><em>Kapacit\u00e1s:<\/em><\/td>\n<td>40 t\/\u00e9v<\/td>\n<\/tr>\n<\/tbody>\n<\/table>\n<hr \/>\n<div id='gallery-1' class='gallery galleryid-607 gallery-columns-2 gallery-size-full'><figure class='gallery-item'>\n\t\t\t<div class='gallery-icon portrait'>\n\t\t\t\t<img loading=\"lazy\" decoding=\"async\" width=\"768\" height=\"1024\" src=\"http:\/\/www.chph.hu\/wp-content\/uploads\/2015\/04\/DSCN14501.jpg\" class=\"attachment-full size-full\" alt=\"\" srcset=\"http:\/\/www.chph.hu\/wp-content\/uploads\/2015\/04\/DSCN14501.jpg 768w, http:\/\/www.chph.hu\/wp-content\/uploads\/2015\/04\/DSCN14501-600x800.jpg 600w, http:\/\/www.chph.hu\/wp-content\/uploads\/2015\/04\/DSCN14501-225x300.jpg 225w\" sizes=\"auto, 100vw\" \/>\n\t\t\t<\/div><\/figure><figure class='gallery-item'>\n\t\t\t<div class='gallery-icon portrait'>\n\t\t\t\t<img loading=\"lazy\" decoding=\"async\" width=\"768\" height=\"1024\" src=\"http:\/\/www.chph.hu\/wp-content\/uploads\/2015\/04\/DSCN14531.jpg\" class=\"attachment-full size-full\" alt=\"\" srcset=\"http:\/\/www.chph.hu\/wp-content\/uploads\/2015\/04\/DSCN14531.jpg 768w, http:\/\/www.chph.hu\/wp-content\/uploads\/2015\/04\/DSCN14531-600x800.jpg 600w, http:\/\/www.chph.hu\/wp-content\/uploads\/2015\/04\/DSCN14531-225x300.jpg 225w\" sizes=\"auto, 100vw\" \/>\n\t\t\t<\/div><\/figure><figure class='gallery-item'>\n\t\t\t<div class='gallery-icon landscape'>\n\t\t\t\t<img loading=\"lazy\" decoding=\"async\" width=\"1024\" height=\"768\" src=\"http:\/\/www.chph.hu\/wp-content\/uploads\/2015\/04\/DSCN14551.jpg\" class=\"attachment-full size-full\" alt=\"\" srcset=\"http:\/\/www.chph.hu\/wp-content\/uploads\/2015\/04\/DSCN14551.jpg 1024w, http:\/\/www.chph.hu\/wp-content\/uploads\/2015\/04\/DSCN14551-600x450.jpg 600w, http:\/\/www.chph.hu\/wp-content\/uploads\/2015\/04\/DSCN14551-300x225.jpg 300w, http:\/\/www.chph.hu\/wp-content\/uploads\/2015\/04\/DSCN14551-135x100.jpg 135w\" sizes=\"auto, 100vw\" \/>\n\t\t\t<\/div><\/figure><figure class='gallery-item'>\n\t\t\t<div class='gallery-icon landscape'>\n\t\t\t\t<img loading=\"lazy\" decoding=\"async\" width=\"1024\" height=\"768\" src=\"http:\/\/www.chph.hu\/wp-content\/uploads\/2015\/04\/DSCN14511.jpg\" class=\"attachment-full size-full\" alt=\"\" srcset=\"http:\/\/www.chph.hu\/wp-content\/uploads\/2015\/04\/DSCN14511.jpg 1024w, http:\/\/www.chph.hu\/wp-content\/uploads\/2015\/04\/DSCN14511-600x450.jpg 600w, http:\/\/www.chph.hu\/wp-content\/uploads\/2015\/04\/DSCN14511-300x225.jpg 300w, http:\/\/www.chph.hu\/wp-content\/uploads\/2015\/04\/DSCN14511-135x100.jpg 135w\" sizes=\"auto, 100vw\" \/>\n\t\t\t<\/div><\/figure><figure class='gallery-item'>\n\t\t\t<div class='gallery-icon landscape'>\n\t\t\t\t<img loading=\"lazy\" decoding=\"async\" width=\"1024\" height=\"768\" src=\"http:\/\/www.chph.hu\/wp-content\/uploads\/2015\/04\/DSCN14471.jpg\" class=\"attachment-full size-full\" alt=\"\" srcset=\"http:\/\/www.chph.hu\/wp-content\/uploads\/2015\/04\/DSCN14471.jpg 1024w, http:\/\/www.chph.hu\/wp-content\/uploads\/2015\/04\/DSCN14471-600x450.jpg 600w, http:\/\/www.chph.hu\/wp-content\/uploads\/2015\/04\/DSCN14471-300x225.jpg 300w, http:\/\/www.chph.hu\/wp-content\/uploads\/2015\/04\/DSCN14471-135x100.jpg 135w\" sizes=\"auto, 100vw\" \/>\n\t\t\t<\/div><\/figure>\n\t\t<\/div>\n\n<hr \/>\n","protected":false},"excerpt":{"rendered":"<p>Biogal Gy\u00f3gyszergyar Rt. A Biogal Gy\u00f3gyszergy\u00e1r Rt. Alapanyaggy\u00e1rt\u00f3 Igazgat\u00f3s\u00e1ga \u00e1ttelep\u00edtette a lovasztatin gy\u00e1rt\u00e1st az egyik megl\u00e9v\u0151 \u00e9p\u00fclet\u00e9be. A technol\u00f3gi\u00e1hoz szorosan kapcsol\u00f3dik egy f\u00f6ldalatti tart\u00e1lypark \u00e9s egy m\u00e1sik \u00e9p\u00fcletben elhelyezett t\u00e1rol\u00f3. A Chemitechnik\u00a0Pharma\u00a0Kft. elk\u00e9sz\u00edtette az ezekhez sz\u00fcks\u00e9ges \u00e9p\u00edt\u00e9si enged\u00e9lyez\u00e9si \u00e9s gener\u00e1l kiviteli terveket (angol nyelven is), 3D-s cs\u0151terveket, figyelembe v\u00e9ve a beruh\u00e1z\u00e1s m\u00e1sodik \u00fctem\u00e9t is. Tervez\u00e9s &hellip; <\/p>\n<p class=\"link-more\"><a href=\"http:\/\/www.chph.hu\/?page_id=607\" class=\"more-link\"><span class=\"screen-reader-text\">&#8222;Lovasztatin gy\u00e1rt\u00e1s telep\u00edt\u00e9s&#8221;<\/span> b\u0151vebben<\/a><\/p>\n","protected":false},"author":1,"featured_media":0,"parent":0,"menu_order":0,"comment_status":"open","ping_status":"open","template":"","meta":{"footnotes":""},"class_list":["post-607","page","type-page","status-publish","hentry"],"_links":{"self":[{"href":"http:\/\/www.chph.hu\/index.php?rest_route=\/wp\/v2\/pages\/607","targetHints":{"allow":["GET"]}}],"collection":[{"href":"http:\/\/www.chph.hu\/index.php?rest_route=\/wp\/v2\/pages"}],"about":[{"href":"http:\/\/www.chph.hu\/index.php?rest_route=\/wp\/v2\/types\/page"}],"author":[{"embeddable":true,"href":"http:\/\/www.chph.hu\/index.php?rest_route=\/wp\/v2\/users\/1"}],"replies":[{"embeddable":true,"href":"http:\/\/www.chph.hu\/index.php?rest_route=%2Fwp%2Fv2%2Fcomments&post=607"}],"version-history":[{"count":2,"href":"http:\/\/www.chph.hu\/index.php?rest_route=\/wp\/v2\/pages\/607\/revisions"}],"predecessor-version":[{"id":1871,"href":"http:\/\/www.chph.hu\/index.php?rest_route=\/wp\/v2\/pages\/607\/revisions\/1871"}],"wp:attachment":[{"href":"http:\/\/www.chph.hu\/index.php?rest_route=%2Fwp%2Fv2%2Fmedia&parent=607"}],"curies":[{"name":"wp","href":"https:\/\/api.w.org\/{rel}","templated":true}]}}