{"id":627,"date":"2015-04-09T09:46:52","date_gmt":"2015-04-09T07:46:52","guid":{"rendered":"http:\/\/www.chph.hu\/?page_id=627"},"modified":"2023-03-08T14:05:44","modified_gmt":"2023-03-08T12:05:44","slug":"szteroid-csarnok-energia-blokk-fejepulet","status":"publish","type":"page","link":"http:\/\/www.chph.hu\/?page_id=627","title":{"rendered":"Szteroid csarnok, energia blokk, fej\u00e9p\u00fclet"},"content":{"rendered":"<h3 style=\"text-align: center;\">Richter Gedeon Rt. fi\u00f3ktelepe, Dorog<\/h3>\n<p style=\"text-align: left;\" align=\"center\">A Richter Gedeon Rt. t\u00f6bb \u00fctemben telep\u00edtette Dorogra szteroid \u00fczem\u00e9t a megl\u00e9v\u0151 \u00e9p\u00fclet\u00e9be.<\/p>\n<p align=\"left\">A tervez\u00e9s \u00e9s kivitelez\u00e9s f\u0151bb \u00e1llom\u00e1sai voltak:<\/p>\n<ul>\n<li>\n<p align=\"left\"><b>NOR.I. \u00fczemr\u00e9sz kialak\u00edt\u00e1sa<br \/>\n<\/b><span style=\"text-decoration: underline;\">NOR.I.\/1-es \u00fctem:<br \/>\n<\/span>&#8211; a NOR.I. \u00fczemr\u00e9sz \u00e9szaki fel\u00e9be Birch reakci\u00f3 berendez\u00e9sei telep\u00edt\u00e9se,<br \/>\n&#8211; b\u0151v\u00edt\u00e9s\u00e9ben az energiablokk,<br \/>\n&#8211; biofilter telep\u00edt\u00e9se l\u00e9gz\u0151k-kezel\u00e9s\u00e9hez <i>\/k\u00f6rnyezetv\u00e9delmi beruh\u00e1z\u00e1s\/<\/i>,<\/p>\n<\/li>\n<li>\n<p align=\"left\"><span style=\"text-decoration: underline;\">NOR.I.\/2-es \u00fctem:<br \/>\n<\/span>&#8211; a NOR.I. \u00fczemr\u00e9sz d\u00e9li fel\u00e9ben a Jones \u00e9s Etinilez\u00e9s reakci\u00f3k berendez\u00e9sei,<br \/>\n&#8211; tart\u00e1lyparki rekonstrukci\u00f3,<br \/>\n&#8211; zajv\u00e9d\u0151fal \u00e9p\u00edt\u00e9se <i>\/k\u00f6rnyezetv\u00e9delmi beruh\u00e1z\u00e1s\/<\/i>,<\/p>\n<\/li>\n<li>\n<p align=\"left\"><b>NOR.II. \u00fczemr\u00e9sz kialak\u00edt\u00e1sa<br \/>\n<\/b>&#8211; a NOR.II.-es reakci\u00f3k \u00e9s Szterin gy\u00e1rt\u00e1sok berendez\u00e9sei telep\u00edt\u00e9se,<br \/>\n&#8211; tisztateres v\u00e9gfeldolgoz\u00f3k kialak\u00edt\u00e1sa,<br \/>\n&#8211; fej\u00e9p\u00fclet kialak\u00edt\u00e1sa,<br \/>\n&#8211; katalitikus oxid\u00e1l\u00f3 telep\u00edt\u00e9se l\u00e9gz\u0151k-kezel\u00e9s\u00e9hez <i>\/k\u00f6rnyezetv\u00e9delmi beruh\u00e1z\u00e1s\/<\/i>,<\/p>\n<\/li>\n<li>\n<p align=\"left\"><b>\u00d6n\u00e1ll\u00f3 kapcsol\u00f3d\u00f3 \u00fczemi \u00e9p\u00fcletek:<br \/>\n<\/b>&#8211; THF-regener\u00e1l\u00f3,<br \/>\n&#8211; Merkapt\u00e1n m\u0171hely.<\/p>\n<\/li>\n<\/ul>\n<p style=\"text-align: left;\" align=\"center\">A koncepci\u00f3s-, enged\u00e9lyez\u00e9si-, \u00e9s kiviteli terveket k\u00e9sz\u00edtett\u00fck.<\/p>\n<table width=\"50%\">\n<tbody>\n<tr>\n<td width=\"50%\"><em>Tervez\u00e9s \u00e9ve:<\/em><\/td>\n<td>1996-2001<\/td>\n<\/tr>\n<tr>\n<td width=\"50%\"><em>Kivitelez\u00e9s \u00e9ve:<\/em><\/td>\n<td>1996-2001<\/td>\n<\/tr>\n<tr>\n<td width=\"50%\"><em>Be\u00e9p\u00edtett szintter\u00fclet:<\/em><\/td>\n<td>7950 m\u00b2<br \/>\nfej\u00e9p\u00fclet: 2075 m\u00b2, III.csarnok: 3900 m\u00b2, energiablokk: 1975 m\u00b2<\/td>\n<\/tr>\n<tr>\n<td width=\"50%\"><em>Telep\u00edtett &#8211; \u00f6n\u00e1ll\u00f3 m\u0171veletre alkalmas &#8211; g\u00e9pcsoportok sz\u00e1ma:<\/em><\/td>\n<td>112 db; f\u0151berendez\u00e9sek 0,1\u00f76,3 m\u00b3<\/td>\n<\/tr>\n<\/tbody>\n<\/table>\n<p style=\"text-align: center;\" align=\"center\">Sz\u00e1m\u00edt\u00f3g\u00e9pes folyamatir\u00e1ny\u00edt\u00e1ssal (DCS), \u00e9s \u00e9p\u00fcletfel\u00fcgyeleti rendszerrel kialak\u00edtva<\/p>\n<hr \/>\n<p style=\"text-align: left;\" align=\"center\">\n<div id='gallery-1' class='gallery galleryid-627 gallery-columns-2 gallery-size-full'><figure class='gallery-item'>\n\t\t\t<div class='gallery-icon landscape'>\n\t\t\t\t<img loading=\"lazy\" decoding=\"async\" width=\"592\" height=\"397\" src=\"http:\/\/www.chph.hu\/wp-content\/uploads\/2015\/04\/szteroid021.jpg\" class=\"attachment-full size-full\" alt=\"\" srcset=\"http:\/\/www.chph.hu\/wp-content\/uploads\/2015\/04\/szteroid021.jpg 592w, http:\/\/www.chph.hu\/wp-content\/uploads\/2015\/04\/szteroid021-300x201.jpg 300w\" sizes=\"auto, 100vw\" \/>\n\t\t\t<\/div><\/figure><figure class='gallery-item'>\n\t\t\t<div class='gallery-icon landscape'>\n\t\t\t\t<img loading=\"lazy\" decoding=\"async\" width=\"800\" height=\"546\" src=\"http:\/\/www.chph.hu\/wp-content\/uploads\/2015\/04\/dorog0721.jpg\" class=\"attachment-full size-full\" alt=\"\" srcset=\"http:\/\/www.chph.hu\/wp-content\/uploads\/2015\/04\/dorog0721.jpg 800w, http:\/\/www.chph.hu\/wp-content\/uploads\/2015\/04\/dorog0721-600x410.jpg 600w, http:\/\/www.chph.hu\/wp-content\/uploads\/2015\/04\/dorog0721-300x205.jpg 300w\" sizes=\"auto, 100vw\" \/>\n\t\t\t<\/div><\/figure><figure class='gallery-item'>\n\t\t\t<div class='gallery-icon portrait'>\n\t\t\t\t<img loading=\"lazy\" decoding=\"async\" width=\"768\" height=\"1024\" src=\"http:\/\/www.chph.hu\/wp-content\/uploads\/2015\/04\/Dsc00030b1.jpg\" class=\"attachment-full size-full\" alt=\"\" srcset=\"http:\/\/www.chph.hu\/wp-content\/uploads\/2015\/04\/Dsc00030b1.jpg 768w, http:\/\/www.chph.hu\/wp-content\/uploads\/2015\/04\/Dsc00030b1-600x800.jpg 600w, http:\/\/www.chph.hu\/wp-content\/uploads\/2015\/04\/Dsc00030b1-225x300.jpg 225w\" sizes=\"auto, 100vw\" \/>\n\t\t\t<\/div><\/figure><figure class='gallery-item'>\n\t\t\t<div class='gallery-icon portrait'>\n\t\t\t\t<img loading=\"lazy\" decoding=\"async\" width=\"546\" height=\"800\" src=\"http:\/\/www.chph.hu\/wp-content\/uploads\/2015\/04\/dorog0821.jpg\" class=\"attachment-full size-full\" alt=\"\" srcset=\"http:\/\/www.chph.hu\/wp-content\/uploads\/2015\/04\/dorog0821.jpg 546w, http:\/\/www.chph.hu\/wp-content\/uploads\/2015\/04\/dorog0821-205x300.jpg 205w\" sizes=\"auto, 100vw\" \/>\n\t\t\t<\/div><\/figure><figure class='gallery-item'>\n\t\t\t<div class='gallery-icon landscape'>\n\t\t\t\t<img loading=\"lazy\" decoding=\"async\" width=\"1024\" height=\"768\" src=\"http:\/\/www.chph.hu\/wp-content\/uploads\/2015\/04\/Terepi-term-2_ter-konzol1.jpg\" class=\"attachment-full size-full\" alt=\"\" srcset=\"http:\/\/www.chph.hu\/wp-content\/uploads\/2015\/04\/Terepi-term-2_ter-konzol1.jpg 1024w, http:\/\/www.chph.hu\/wp-content\/uploads\/2015\/04\/Terepi-term-2_ter-konzol1-600x450.jpg 600w, http:\/\/www.chph.hu\/wp-content\/uploads\/2015\/04\/Terepi-term-2_ter-konzol1-300x225.jpg 300w, http:\/\/www.chph.hu\/wp-content\/uploads\/2015\/04\/Terepi-term-2_ter-konzol1-135x100.jpg 135w\" sizes=\"auto, 100vw\" \/>\n\t\t\t<\/div><\/figure>\n\t\t<\/div>\n\n<hr \/>\n<p style=\"text-align: left;\" align=\"center\">\n","protected":false},"excerpt":{"rendered":"<p>Richter Gedeon Rt. fi\u00f3ktelepe, Dorog A Richter Gedeon Rt. t\u00f6bb \u00fctemben telep\u00edtette Dorogra szteroid \u00fczem\u00e9t a megl\u00e9v\u0151 \u00e9p\u00fclet\u00e9be. A tervez\u00e9s \u00e9s kivitelez\u00e9s f\u0151bb \u00e1llom\u00e1sai voltak: NOR.I. \u00fczemr\u00e9sz kialak\u00edt\u00e1sa NOR.I.\/1-es \u00fctem: &#8211; a NOR.I. \u00fczemr\u00e9sz \u00e9szaki fel\u00e9be Birch reakci\u00f3 berendez\u00e9sei telep\u00edt\u00e9se, &#8211; b\u0151v\u00edt\u00e9s\u00e9ben az energiablokk, &#8211; biofilter telep\u00edt\u00e9se l\u00e9gz\u0151k-kezel\u00e9s\u00e9hez \/k\u00f6rnyezetv\u00e9delmi beruh\u00e1z\u00e1s\/, NOR.I.\/2-es \u00fctem: &#8211; a NOR.I. &hellip; <\/p>\n<p class=\"link-more\"><a href=\"http:\/\/www.chph.hu\/?page_id=627\" class=\"more-link\"><span class=\"screen-reader-text\">&#8222;Szteroid csarnok, energia blokk, fej\u00e9p\u00fclet&#8221;<\/span> b\u0151vebben<\/a><\/p>\n","protected":false},"author":1,"featured_media":0,"parent":0,"menu_order":0,"comment_status":"open","ping_status":"open","template":"","meta":{"footnotes":""},"class_list":["post-627","page","type-page","status-publish","hentry"],"_links":{"self":[{"href":"http:\/\/www.chph.hu\/index.php?rest_route=\/wp\/v2\/pages\/627","targetHints":{"allow":["GET"]}}],"collection":[{"href":"http:\/\/www.chph.hu\/index.php?rest_route=\/wp\/v2\/pages"}],"about":[{"href":"http:\/\/www.chph.hu\/index.php?rest_route=\/wp\/v2\/types\/page"}],"author":[{"embeddable":true,"href":"http:\/\/www.chph.hu\/index.php?rest_route=\/wp\/v2\/users\/1"}],"replies":[{"embeddable":true,"href":"http:\/\/www.chph.hu\/index.php?rest_route=%2Fwp%2Fv2%2Fcomments&post=627"}],"version-history":[{"count":2,"href":"http:\/\/www.chph.hu\/index.php?rest_route=\/wp\/v2\/pages\/627\/revisions"}],"predecessor-version":[{"id":1873,"href":"http:\/\/www.chph.hu\/index.php?rest_route=\/wp\/v2\/pages\/627\/revisions\/1873"}],"wp:attachment":[{"href":"http:\/\/www.chph.hu\/index.php?rest_route=%2Fwp%2Fv2%2Fmedia&parent=627"}],"curies":[{"name":"wp","href":"https:\/\/api.w.org\/{rel}","templated":true}]}}