{"id":666,"date":"2015-04-09T10:58:45","date_gmt":"2015-04-09T08:58:45","guid":{"rendered":"http:\/\/www.chph.hu\/?page_id=666"},"modified":"2015-04-09T10:58:45","modified_gmt":"2015-04-09T08:58:45","slug":"laborok","status":"publish","type":"page","link":"http:\/\/www.chph.hu\/?page_id=666","title":{"rendered":"Laborok"},"content":{"rendered":"<p align=\"justify\"><span style=\"font-family: Arial,Helvetica,sans-serif; font-size: medium;\">A vegyipar \u00e9s finom vegyipar a kutat\u00e1sn\u00e1l, a gy\u00e1rt\u00e1sk\u00f6zi vagy gy\u00e1rt\u00e1s ut\u00e1ni ellen\u0151rz\u00e9sn\u00e9l haszn\u00e1l k\u00e9miai, biol\u00f3giai, fizikok\u00e9miai \u00e9s fizikai laborat\u00f3riumokat, melyek m\u00e9rete a n\u00e9h\u00e1ny n\u00e9gyzetm\u00e9teres analitikai laborat\u00f3riumt\u00f3l eg\u00e9szen a t\u00f6bb sz\u00e1z n\u00e9gyzetm\u00e9teres pilot \u00fczemig terjedhet.<\/span><\/p>\n<p align=\"justify\"><span style=\"font-family: Arial,Helvetica,sans-serif; font-size: medium;\"><br \/>\nEzek a mai k\u00f6vetelm\u00e9nyeknek megfelel\u0151en csak folyamatos szell\u0151ztet\u00e9s mellett alak\u00edthat\u00f3k ki. A laborat\u00f3riumok k\u00f6z\u00f6tt lehetnek olyanok, ahol a leveg\u0151 tisztas\u00e1g\u00e1ra is komoly el\u0151\u00edr\u00e1sokat kell betartani. Ez, az er\u0151sebb l\u00e9gsz\u0171r\u00e9s mellett, \u00e1lland\u00f3 l\u00e9gnyom\u00e1s k\u00fcl\u00f6nbs\u00e9get ig\u00e9nyel. (Ide a labor\u00e1nsok is csak ruhav\u00e1lt\u00e1s ut\u00e1n esetleg csak szkafanderben l\u00e9phetnek be.)<br \/>\n<\/span><\/p>\n<p align=\"justify\"><span style=\"font-family: Arial,Helvetica,sans-serif; font-size: medium;\">A laborat\u00f3riumokban a munka legt\u00f6bbsz\u00f6r vagy a vegyif\u00fclk\u00e9ben vagy a fixen telep\u00edtett laborat\u00f3riumi asztalon folyik. A munk\u00e1hoz t\u00f6bbf\u00e9le k\u00f6zm\u0171 ki\u00e9p\u00edt\u00e9s\u00e9re is sz\u00fcks\u00e9g lehet (v\u00edz-csatorna, v\u00e1kuum, pr\u00e9sleveg\u0151, g\u00e1zok, desztill\u00e1lt v\u00edz stb.).<br \/>\n<\/span><\/p>\n<p align=\"justify\"><span style=\"font-family: Arial,Helvetica,sans-serif; font-size: medium;\">T\u00f6bb, \u00e1ltalunk tervezett analitikai laborat\u00f3riumban l\u00e9v\u0151 k\u00e9sz\u00fcl\u00e9k sz\u00e1m\u00edt\u00f3g\u00e9p vez\u00e9rl\u00e9ssel m\u0171k\u00f6dik.<br \/>\n<\/span><\/p>\n<p align=\"justify\"><span style=\"font-family: Arial,Helvetica,sans-serif; font-size: medium;\">Vannak nagyon speci\u00e1lis m\u0171szerekkel m\u0171k\u00f6d\u0151 laborat\u00f3riumok is. Ilyen p\u00e9ld\u00e1ul a nagy m\u00e1gnesekkel dolgoz\u00f3 NMR vagy a t\u00f6megspektrom\u00e9ter.<br \/>\n<\/span><\/p>\n<p align=\"justify\"><span style=\"font-family: Arial,Helvetica,sans-serif; font-size: medium;\">Els\u0151sorban a k\u00e9miai laborat\u00f3riumokban sz\u00fcks\u00e9ges a k\u00e9tir\u00e1ny\u00fa menek\u00fcl\u00e9s biztos\u00edt\u00e1sa valamint a v\u00e9sz- \u00e9s szemzuhany, mint be\u00e9p\u00edtett vizes berendez\u00e9si t\u00e1rgy. A laborat\u00f3riumokhoz mindig kapcsol\u00f3dik rakt\u00e1r, szoci\u00e1lis blokk \u00e9s iroda.<br \/>\n<\/span><\/p>\n<p align=\"justify\"><span style=\"font-family: Arial,Helvetica,sans-serif; font-size: medium;\">Magyarorsz\u00e1gon \u00e9s az orsz\u00e1g hat\u00e1rain k\u00edv\u00fcl sz\u00e1mos, T\u00e1rsas\u00e1gunk \u00e1ltal tervezett \u00e9s kivitelezett laborat\u00f3rium m\u0171k\u00f6dik, melyek m\u00e9rete a t\u00edz n\u00e9gyzetm\u00e9teres hormonlabort\u00f3l a t\u00f6bb sz\u00e1z n\u00e9gyzetm\u00e9teres preparat\u00edv laborig terjed.<\/span><\/p>\n","protected":false},"excerpt":{"rendered":"<p>A vegyipar \u00e9s finom vegyipar a kutat\u00e1sn\u00e1l, a gy\u00e1rt\u00e1sk\u00f6zi vagy gy\u00e1rt\u00e1s ut\u00e1ni ellen\u0151rz\u00e9sn\u00e9l haszn\u00e1l k\u00e9miai, biol\u00f3giai, fizikok\u00e9miai \u00e9s fizikai laborat\u00f3riumokat, melyek m\u00e9rete a n\u00e9h\u00e1ny n\u00e9gyzetm\u00e9teres analitikai laborat\u00f3riumt\u00f3l eg\u00e9szen a t\u00f6bb sz\u00e1z n\u00e9gyzetm\u00e9teres pilot \u00fczemig terjedhet. Ezek a mai k\u00f6vetelm\u00e9nyeknek megfelel\u0151en csak folyamatos szell\u0151ztet\u00e9s mellett alak\u00edthat\u00f3k ki. A laborat\u00f3riumok k\u00f6z\u00f6tt lehetnek olyanok, ahol a leveg\u0151 tisztas\u00e1g\u00e1ra &hellip; <\/p>\n<p class=\"link-more\"><a href=\"http:\/\/www.chph.hu\/?page_id=666\" class=\"more-link\"><span class=\"screen-reader-text\">&#8222;Laborok&#8221;<\/span> b\u0151vebben<\/a><\/p>\n","protected":false},"author":1,"featured_media":0,"parent":0,"menu_order":0,"comment_status":"open","ping_status":"open","template":"","meta":{"footnotes":""},"class_list":["post-666","page","type-page","status-publish","hentry"],"_links":{"self":[{"href":"http:\/\/www.chph.hu\/index.php?rest_route=\/wp\/v2\/pages\/666","targetHints":{"allow":["GET"]}}],"collection":[{"href":"http:\/\/www.chph.hu\/index.php?rest_route=\/wp\/v2\/pages"}],"about":[{"href":"http:\/\/www.chph.hu\/index.php?rest_route=\/wp\/v2\/types\/page"}],"author":[{"embeddable":true,"href":"http:\/\/www.chph.hu\/index.php?rest_route=\/wp\/v2\/users\/1"}],"replies":[{"embeddable":true,"href":"http:\/\/www.chph.hu\/index.php?rest_route=%2Fwp%2Fv2%2Fcomments&post=666"}],"version-history":[{"count":1,"href":"http:\/\/www.chph.hu\/index.php?rest_route=\/wp\/v2\/pages\/666\/revisions"}],"predecessor-version":[{"id":667,"href":"http:\/\/www.chph.hu\/index.php?rest_route=\/wp\/v2\/pages\/666\/revisions\/667"}],"wp:attachment":[{"href":"http:\/\/www.chph.hu\/index.php?rest_route=%2Fwp%2Fv2%2Fmedia&parent=666"}],"curies":[{"name":"wp","href":"https:\/\/api.w.org\/{rel}","templated":true}]}}