{"id":679,"date":"2015-04-09T11:21:01","date_gmt":"2015-04-09T09:21:01","guid":{"rendered":"http:\/\/www.chph.hu\/?page_id=679"},"modified":"2015-04-09T11:21:01","modified_gmt":"2015-04-09T09:21:01","slug":"kozmu-es-ellato-rendszerek","status":"publish","type":"page","link":"http:\/\/www.chph.hu\/?page_id=679","title":{"rendered":"K\u00f6zm\u0171 \u00e9s ell\u00e1t\u00f3 rendszerek"},"content":{"rendered":"<p align=\"justify\"><span style=\"font-family: Arial,Helvetica,sans-serif; font-size: medium;\">A gy\u00f3gyszeripari gy\u00e1rt\u00f3csarnokokban v\u00e9gzett gy\u00e1rt\u00e1stechnol\u00f3giai (k\u00e9miai, fizikai, biotechnol\u00f3giai, h\u0151tani stb.) m\u0171veletek v\u00e9grehajt\u00e1s\u00e1hoz, valamint a munkav\u00e9gz\u00e9s felt\u00e9teleinek megfelel\u0151 biztos\u00edt\u00e1s\u00e1hoz k\u00fcl\u00f6nb\u00f6z\u0151 kiszolg\u00e1l\u00f3 ell\u00e1t\u00f3 rendszerek sz\u00fcks\u00e9gesek:<\/span><\/p>\n<ul>\n<li>\n<p align=\"justify\"><span style=\"font-family: Arial,Helvetica,sans-serif; font-size: medium;\">iv\u00f3v\u00edz ell\u00e1t\u00e1s,<\/span><\/p>\n<\/li>\n<li>\n<p align=\"justify\"><span style=\"font-family: Arial,Helvetica,sans-serif; font-size: medium;\">csatorna h\u00e1l\u00f3zatok (k\u00fcl\u00f6nv\u00e1lasztott szoci\u00e1lis ill. \u00fczemi h\u00e1l\u00f3zat),<\/span><\/p>\n<\/li>\n<li>\n<p align=\"justify\"><span style=\"font-family: Arial,Helvetica,sans-serif; font-size: medium;\">f\u0171t\u00e9s, melegv\u00edz ell\u00e1t\u00e1s,<\/span><\/p>\n<\/li>\n<li>\n<p align=\"justify\"><span style=\"font-family: Arial,Helvetica,sans-serif; font-size: medium;\">szell\u0151z\u00e9s, klimatiz\u00e1l\u00e1s,<\/span><\/p>\n<\/li>\n<li>\n<p align=\"justify\"><span style=\"font-family: Arial,Helvetica,sans-serif; font-size: medium;\">korszer\u0171 h\u0171t\u0151v\u00edz ell\u00e1t\u00e1s, mely az ig\u00e9nynek megfelel\u0151 h\u0151fokszinten tartja a k\u00f6zeget,<\/span><\/p>\n<\/li>\n<li>\n<p align=\"justify\"><span style=\"font-family: Arial,Helvetica,sans-serif; font-size: medium;\">hidegenergia ell\u00e1t\u00e1s (pl. -10\/-5\u00b0C-os, -25\/-19\u00b0C-os, -35\/-30\u00b0C-os, tov\u00e1bb\u00e1 -50\u00b0C-os vagy alacsonyabb ig\u00e9nyre),<\/span><\/p>\n<\/li>\n<li>\n<p align=\"justify\"><span style=\"font-family: Arial,Helvetica,sans-serif; font-size: medium;\">g\u0151z- \u00e9s kondenzh\u00e1l\u00f3zat,<\/span><\/p>\n<\/li>\n<li>\n<p align=\"justify\"><span style=\"font-family: Arial,Helvetica,sans-serif; font-size: medium;\"> m\u0171szerleveg\u0151-ell\u00e1t\u00e1s,<\/span><\/p>\n<\/li>\n<li>\n<p align=\"justify\"><span style=\"font-family: Arial,Helvetica,sans-serif; font-size: medium;\">inertg\u00e1z ell\u00e1t\u00e1s,<\/span><\/p>\n<\/li>\n<li>\n<p align=\"justify\"><span style=\"font-family: Arial,Helvetica,sans-serif; font-size: medium;\">reagens g\u00e1zok ell\u00e1t\u00f3 rendszerei,<\/span><\/p>\n<\/li>\n<li>\n<p align=\"justify\"><span style=\"font-family: Arial,Helvetica,sans-serif; font-size: medium;\"> v\u00e1kuumell\u00e1t\u00e1s,<\/span><\/p>\n<\/li>\n<li>\n<p align=\"justify\"><span style=\"font-family: Arial,Helvetica,sans-serif; font-size: medium;\">ionmentes v\u00edzell\u00e1t\u00e1s.<\/span><\/p>\n<\/li>\n<\/ul>\n<p align=\"justify\"><span style=\"font-family: Arial,Helvetica,sans-serif; font-size: medium;\">A gy\u00e1ri ell\u00e1t\u00f3 t\u00e1vvezet\u00e9k-rendszerek tervez\u00e9s\u00e9n\u00e9l \u00e9s kivitelez\u00e9s\u00e9n\u00e9l figyelembe vessz\u00fck az egyes gy\u00e1rt\u00f3csarnokok, gy\u00e1rt\u00f3m\u0171helyek helyi \u00e9s egyedi ig\u00e9nyeit, a f\u0151bb jellemz\u0151 param\u00e9terek \u00e9rt\u00e9keinek felhaszn\u00e1l\u00f3i \u00e9s technol\u00f3giai k\u00edv\u00e1nalmait. A munkahelyre vagy az ellen\u0151rz\u00f6tt gy\u00e1rt\u00e1si folyamatra el\u0151\u00edrt k\u00f6vetelm\u00e9nyekhez illesztett m\u00e9r\u00e9ssel \u00e9s szab\u00e1lyoz\u00e1ssal, valamint az energiatakar\u00e9kos \u00e9s k\u00f6rnyezetk\u00edm\u00e9l\u0151 megold\u00e1sok szem el\u0151tt tart\u00e1s\u00e1val tervez\u00fcnk.<\/span><\/p>\n<p align=\"justify\"><span style=\"font-family: Arial,Helvetica,sans-serif; font-size: medium;\">T\u00e1rsas\u00e1gunk gyakorlattal \u00e9s tapasztalattal rendelkezik a fentiek tervez\u00e9s\u00e9ben \u00e9s kivitelez\u00e9s\u00e9ben, megfelelve az illet\u00e9kes hat\u00f3s\u00e1gok el\u0151\u00edr\u00e1sainak.<\/span><\/p>\n<p align=\"justify\"><span style=\"font-family: Arial,Helvetica,sans-serif; font-size: medium;\">Az ig\u00e9nyes, emberi t\u00e9ved\u00e9st\u0151l mentes, a GMP k\u00f6vetelm\u00e9nyeknek \u00e9s a min\u0151s\u00e9gir\u00e1ny\u00edt\u00e1snak megfelel\u0151 vegyipari gy\u00e1rt\u00e1st korszer\u0171, a gy\u00e1rt\u00e1si folyamathoz c\u00e9lir\u00e1nyosan kialak\u00edtott ell\u00e1t\u00f3 rendszerrel lehet j\u00f3l megval\u00f3s\u00edtani.<\/span><\/p>\n","protected":false},"excerpt":{"rendered":"<p>A gy\u00f3gyszeripari gy\u00e1rt\u00f3csarnokokban v\u00e9gzett gy\u00e1rt\u00e1stechnol\u00f3giai (k\u00e9miai, fizikai, biotechnol\u00f3giai, h\u0151tani stb.) m\u0171veletek v\u00e9grehajt\u00e1s\u00e1hoz, valamint a munkav\u00e9gz\u00e9s felt\u00e9teleinek megfelel\u0151 biztos\u00edt\u00e1s\u00e1hoz k\u00fcl\u00f6nb\u00f6z\u0151 kiszolg\u00e1l\u00f3 ell\u00e1t\u00f3 rendszerek sz\u00fcks\u00e9gesek: iv\u00f3v\u00edz ell\u00e1t\u00e1s, csatorna h\u00e1l\u00f3zatok (k\u00fcl\u00f6nv\u00e1lasztott szoci\u00e1lis ill. \u00fczemi h\u00e1l\u00f3zat), f\u0171t\u00e9s, melegv\u00edz ell\u00e1t\u00e1s, szell\u0151z\u00e9s, klimatiz\u00e1l\u00e1s, korszer\u0171 h\u0171t\u0151v\u00edz ell\u00e1t\u00e1s, mely az ig\u00e9nynek megfelel\u0151 h\u0151fokszinten tartja a k\u00f6zeget, hidegenergia ell\u00e1t\u00e1s (pl. -10\/-5\u00b0C-os, -25\/-19\u00b0C-os, -35\/-30\u00b0C-os, tov\u00e1bb\u00e1 &hellip; <\/p>\n<p class=\"link-more\"><a href=\"http:\/\/www.chph.hu\/?page_id=679\" class=\"more-link\"><span class=\"screen-reader-text\">&#8222;K\u00f6zm\u0171 \u00e9s ell\u00e1t\u00f3 rendszerek&#8221;<\/span> b\u0151vebben<\/a><\/p>\n","protected":false},"author":1,"featured_media":0,"parent":0,"menu_order":0,"comment_status":"open","ping_status":"open","template":"","meta":{"footnotes":""},"class_list":["post-679","page","type-page","status-publish","hentry"],"_links":{"self":[{"href":"http:\/\/www.chph.hu\/index.php?rest_route=\/wp\/v2\/pages\/679","targetHints":{"allow":["GET"]}}],"collection":[{"href":"http:\/\/www.chph.hu\/index.php?rest_route=\/wp\/v2\/pages"}],"about":[{"href":"http:\/\/www.chph.hu\/index.php?rest_route=\/wp\/v2\/types\/page"}],"author":[{"embeddable":true,"href":"http:\/\/www.chph.hu\/index.php?rest_route=\/wp\/v2\/users\/1"}],"replies":[{"embeddable":true,"href":"http:\/\/www.chph.hu\/index.php?rest_route=%2Fwp%2Fv2%2Fcomments&post=679"}],"version-history":[{"count":1,"href":"http:\/\/www.chph.hu\/index.php?rest_route=\/wp\/v2\/pages\/679\/revisions"}],"predecessor-version":[{"id":680,"href":"http:\/\/www.chph.hu\/index.php?rest_route=\/wp\/v2\/pages\/679\/revisions\/680"}],"wp:attachment":[{"href":"http:\/\/www.chph.hu\/index.php?rest_route=%2Fwp%2Fv2%2Fmedia&parent=679"}],"curies":[{"name":"wp","href":"https:\/\/api.w.org\/{rel}","templated":true}]}}