{"id":690,"date":"2015-04-10T08:49:08","date_gmt":"2015-04-10T06:49:08","guid":{"rendered":"http:\/\/www.chph.hu\/?page_id=690"},"modified":"2023-03-08T14:06:19","modified_gmt":"2023-03-08T12:06:19","slug":"novenyuzem-30-epulet","status":"publish","type":"page","link":"http:\/\/www.chph.hu\/?page_id=690","title":{"rendered":"N\u00f6v\u00e9ny\u00fczem, 30. \u00e9p\u00fclet"},"content":{"rendered":"<h3 style=\"text-align: center;\">Richter Gedeon Rt. Budapest<\/h3>\n<p style=\"text-align: left;\">A Richter Gedeon Rt. 30.sz. \u00e9p\u00fclet\u00e9ben \u00e1talak\u00edt\u00e1s sor\u00e1n a N\u00f6v\u00e9ny\u00fczem sz\u00e1m\u00e1ra h\u00e1rom \u00faj technol\u00f3gia lett telep\u00edtve t\u00f6bb \u00fctemben:<\/p>\n<ul>\n<li><em>\u00a0citosztatikum v\u00e9gterm\u00e9k feldolgoz\u00f3, liofiliz\u00e1l\u00f3<br \/>\n<\/em>2db 1600 l-es zom\u00e1ncozott autokl\u00e1v, 1db 500 l-es autokl\u00e1v, 2db 250 l-es KO autokl\u00e1v, 4db kromatografl\u00f3 oszlop<\/li>\n<li><em>bromokriptin-mezil\u00e1t v\u00e9gterm\u00e9k-feldolgoz\u00f3<br \/>\n<\/em>2db 250 l-es Lampart autokl\u00e1v, 2db 250 l-es KO autokl\u00e1v, 3db 3m\u00b3-es Pink v\u00e1kuum sz\u00e1r\u00edt\u00f3szekr\u00e9ny<\/li>\n<li><em> hidrog\u00e9nez\u0151<br \/>\n<\/em>2db 2500 l-es zom\u00e1ncozott autokl\u00e1vval, k\u00fclt\u00e9ri hidrog\u00e9n batt\u00e9ria t\u00e1rol\u00f3val.<\/li>\n<\/ul>\n<p style=\"text-align: left;\">Az els\u0151 k\u00e9t \u00fctemben 80 ill. 90m\u00b2 ter\u00fcleten valid\u00e1lt, cGMP el\u0151\u00edr\u00e1soknak megfelel\u0151, D tisztas\u00e1g\u00fa, \u00fan. tisztat\u00e9ri helyis\u00e9gek is k\u00e9sz\u00fcltek.<br \/>\nA bromokriptin-mezil\u00e1t v\u00e9gterm\u00e9k-feldolgoz\u00f3 sz\u00e1m\u00edt\u00f3g\u00e9pes folyamatir\u00e1ny\u00edt\u00e1ssal (DCS) m\u0171k\u00f6dik.<br \/>\nAz \u00fczemben t\u00f6bb saj\u00e1t tervez\u00e9s\u0171 k\u00e9sz\u00fcl\u00e9ket haszn\u00e1lnak.<br \/>\nA sz\u00fcks\u00e9ges technol\u00f3giai- \u00e9s kivitelez\u00e9si terveket k\u00e9sz\u00edtett\u00fck, illetve a megval\u00f3s\u00edt\u00e1s f\u0151v\u00e1llalkoz\u00f3ja voltunk.<\/p>\n<table width=\"50%\">\n<tbody>\n<tr>\n<td width=\"50%\"><em>Tervez\u00e9s \u00e9ve:<\/em><\/td>\n<td>1997-2000<\/td>\n<\/tr>\n<tr>\n<td width=\"50%\"><em>Kivitelez\u00e9s \u00e9ve:<\/em><\/td>\n<td>1998-2001<\/td>\n<\/tr>\n<tr>\n<td width=\"50%\"><em>Be\u00e9p\u00edtett szintter\u00fclet:<\/em><\/td>\n<td>775 m\u00b2<\/td>\n<\/tr>\n<\/tbody>\n<\/table>\n<hr \/>\n<div id='gallery-1' class='gallery galleryid-690 gallery-columns-2 gallery-size-full'><figure class='gallery-item'>\n\t\t\t<div class='gallery-icon landscape'>\n\t\t\t\t<img loading=\"lazy\" decoding=\"async\" width=\"588\" height=\"393\" src=\"http:\/\/www.chph.hu\/wp-content\/uploads\/2015\/04\/bromo011.jpg\" class=\"attachment-full size-full\" alt=\"\" srcset=\"http:\/\/www.chph.hu\/wp-content\/uploads\/2015\/04\/bromo011.jpg 588w, http:\/\/www.chph.hu\/wp-content\/uploads\/2015\/04\/bromo011-300x201.jpg 300w\" sizes=\"auto, 100vw\" \/>\n\t\t\t<\/div><\/figure><figure class='gallery-item'>\n\t\t\t<div class='gallery-icon landscape'>\n\t\t\t\t<img loading=\"lazy\" decoding=\"async\" width=\"800\" height=\"534\" src=\"http:\/\/www.chph.hu\/wp-content\/uploads\/2015\/04\/30ep_231.jpg\" class=\"attachment-full size-full\" alt=\"\" srcset=\"http:\/\/www.chph.hu\/wp-content\/uploads\/2015\/04\/30ep_231.jpg 800w, http:\/\/www.chph.hu\/wp-content\/uploads\/2015\/04\/30ep_231-600x401.jpg 600w, http:\/\/www.chph.hu\/wp-content\/uploads\/2015\/04\/30ep_231-300x200.jpg 300w\" sizes=\"auto, 100vw\" \/>\n\t\t\t<\/div><\/figure><figure class='gallery-item'>\n\t\t\t<div class='gallery-icon landscape'>\n\t\t\t\t<img loading=\"lazy\" decoding=\"async\" width=\"800\" height=\"600\" src=\"http:\/\/www.chph.hu\/wp-content\/uploads\/2015\/04\/30_3d11.jpg\" class=\"attachment-full size-full\" alt=\"\" srcset=\"http:\/\/www.chph.hu\/wp-content\/uploads\/2015\/04\/30_3d11.jpg 800w, http:\/\/www.chph.hu\/wp-content\/uploads\/2015\/04\/30_3d11-600x450.jpg 600w, http:\/\/www.chph.hu\/wp-content\/uploads\/2015\/04\/30_3d11-300x225.jpg 300w, http:\/\/www.chph.hu\/wp-content\/uploads\/2015\/04\/30_3d11-135x100.jpg 135w\" sizes=\"auto, 100vw\" \/>\n\t\t\t<\/div><\/figure><figure class='gallery-item'>\n\t\t\t<div class='gallery-icon landscape'>\n\t\t\t\t<img loading=\"lazy\" decoding=\"async\" width=\"1152\" height=\"864\" src=\"http:\/\/www.chph.hu\/wp-content\/uploads\/2015\/04\/DCP010451.jpg\" class=\"attachment-full size-full\" alt=\"\" srcset=\"http:\/\/www.chph.hu\/wp-content\/uploads\/2015\/04\/DCP010451.jpg 1152w, http:\/\/www.chph.hu\/wp-content\/uploads\/2015\/04\/DCP010451-600x450.jpg 600w, http:\/\/www.chph.hu\/wp-content\/uploads\/2015\/04\/DCP010451-300x225.jpg 300w, http:\/\/www.chph.hu\/wp-content\/uploads\/2015\/04\/DCP010451-1024x768.jpg 1024w, http:\/\/www.chph.hu\/wp-content\/uploads\/2015\/04\/DCP010451-135x100.jpg 135w\" sizes=\"auto, 100vw\" \/>\n\t\t\t<\/div><\/figure><figure class='gallery-item'>\n\t\t\t<div class='gallery-icon portrait'>\n\t\t\t\t<img loading=\"lazy\" decoding=\"async\" width=\"534\" height=\"800\" src=\"http:\/\/www.chph.hu\/wp-content\/uploads\/2015\/04\/30ep_221.jpg\" class=\"attachment-full size-full\" alt=\"\" srcset=\"http:\/\/www.chph.hu\/wp-content\/uploads\/2015\/04\/30ep_221.jpg 534w, http:\/\/www.chph.hu\/wp-content\/uploads\/2015\/04\/30ep_221-200x300.jpg 200w\" sizes=\"auto, 100vw\" \/>\n\t\t\t<\/div><\/figure><figure class='gallery-item'>\n\t\t\t<div class='gallery-icon portrait'>\n\t\t\t\t<img loading=\"lazy\" decoding=\"async\" width=\"600\" height=\"800\" src=\"http:\/\/www.chph.hu\/wp-content\/uploads\/2015\/04\/uveged.jpg\" class=\"attachment-full size-full\" alt=\"\" srcset=\"http:\/\/www.chph.hu\/wp-content\/uploads\/2015\/04\/uveged.jpg 600w, http:\/\/www.chph.hu\/wp-content\/uploads\/2015\/04\/uveged-225x300.jpg 225w\" sizes=\"auto, 100vw\" \/>\n\t\t\t<\/div><\/figure>\n\t\t<\/div>\n\n<hr \/>\n","protected":false},"excerpt":{"rendered":"<p>Richter Gedeon Rt. Budapest A Richter Gedeon Rt. 30.sz. \u00e9p\u00fclet\u00e9ben \u00e1talak\u00edt\u00e1s sor\u00e1n a N\u00f6v\u00e9ny\u00fczem sz\u00e1m\u00e1ra h\u00e1rom \u00faj technol\u00f3gia lett telep\u00edtve t\u00f6bb \u00fctemben: \u00a0citosztatikum v\u00e9gterm\u00e9k feldolgoz\u00f3, liofiliz\u00e1l\u00f3 2db 1600 l-es zom\u00e1ncozott autokl\u00e1v, 1db 500 l-es autokl\u00e1v, 2db 250 l-es KO autokl\u00e1v, 4db kromatografl\u00f3 oszlop bromokriptin-mezil\u00e1t v\u00e9gterm\u00e9k-feldolgoz\u00f3 2db 250 l-es Lampart autokl\u00e1v, 2db 250 l-es KO autokl\u00e1v, &hellip; <\/p>\n<p class=\"link-more\"><a href=\"http:\/\/www.chph.hu\/?page_id=690\" class=\"more-link\"><span class=\"screen-reader-text\">&#8222;N\u00f6v\u00e9ny\u00fczem, 30. \u00e9p\u00fclet&#8221;<\/span> b\u0151vebben<\/a><\/p>\n","protected":false},"author":1,"featured_media":0,"parent":0,"menu_order":0,"comment_status":"open","ping_status":"open","template":"","meta":{"footnotes":""},"class_list":["post-690","page","type-page","status-publish","hentry"],"_links":{"self":[{"href":"http:\/\/www.chph.hu\/index.php?rest_route=\/wp\/v2\/pages\/690","targetHints":{"allow":["GET"]}}],"collection":[{"href":"http:\/\/www.chph.hu\/index.php?rest_route=\/wp\/v2\/pages"}],"about":[{"href":"http:\/\/www.chph.hu\/index.php?rest_route=\/wp\/v2\/types\/page"}],"author":[{"embeddable":true,"href":"http:\/\/www.chph.hu\/index.php?rest_route=\/wp\/v2\/users\/1"}],"replies":[{"embeddable":true,"href":"http:\/\/www.chph.hu\/index.php?rest_route=%2Fwp%2Fv2%2Fcomments&post=690"}],"version-history":[{"count":3,"href":"http:\/\/www.chph.hu\/index.php?rest_route=\/wp\/v2\/pages\/690\/revisions"}],"predecessor-version":[{"id":1874,"href":"http:\/\/www.chph.hu\/index.php?rest_route=\/wp\/v2\/pages\/690\/revisions\/1874"}],"wp:attachment":[{"href":"http:\/\/www.chph.hu\/index.php?rest_route=%2Fwp%2Fv2%2Fmedia&parent=690"}],"curies":[{"name":"wp","href":"https:\/\/api.w.org\/{rel}","templated":true}]}}