{"id":702,"date":"2015-04-10T09:08:26","date_gmt":"2015-04-10T07:08:26","guid":{"rendered":"http:\/\/www.chph.hu\/?page_id=702"},"modified":"2023-03-08T14:06:51","modified_gmt":"2023-03-08T12:06:51","slug":"kozponti-hutotelep","status":"publish","type":"page","link":"http:\/\/www.chph.hu\/?page_id=702","title":{"rendered":"K\u00f6zponti h\u0171t\u0151telep"},"content":{"rendered":"<h3 style=\"text-align: center;\">Richter Gedeon Rt. fi\u00f3ktelepe, Dorog<\/h3>\n<p style=\"text-align: left;\">Az R.G. Rt. 3000 KW teljes\u00edtm\u00e9nnyel megn\u00f6velte k\u00f6zponti h\u0171t\u0151kapacit\u00e1s\u00e1t. Ehhez k\u00e9t f\u00e1zisban hat g\u00e9pcsoport felszerel\u00e9se t\u00f6rt\u00e9nt meg. A h\u0171t\u0151kompresszorok \u00e9s seg\u00e9dberendez\u00e9seik az \u00faj \u00e9p\u00fcletben, teljesen automatikus \u00fczemben m\u0171k\u00f6dnek. A h\u0171t\u0151k\u00f6zeg t\u00e1rol\u00e1sa, a szivatty\u00fa\u00e1llom\u00e1s \u00e9s az oszt\u00f3k, az \u00e9p\u00fclet mell\u00e9 telep\u00fcltek.<\/p>\n<p style=\"text-align: left;\">A Chemitechnik\u00a0Pharma\u00a0Kft. dolgozta ki a terveket a koncepci\u00f3s f\u00e1zist\u00f3l a r\u00e9szlettervez\u00e9sig, valamint f\u0151v\u00e1llalkoz\u00f3k\u00e9nt v\u00e1llalt szerepet a megval\u00f3s\u00edt\u00e1si peri\u00f3dusban. Ugyancsak a Chemitechnik\u00a0Pharma\u00a0Kft. volt a pr\u00f3ba\u00fczemi \u00e9s kvalifik\u00e1l\u00e1si munka felel\u0151se is.<\/p>\n<table width=\"50%\">\n<tbody>\n<tr>\n<td width=\"50%\"><em>Tervez\u00e9s \u00e9ve:<\/em><\/td>\n<td>2002<\/td>\n<\/tr>\n<tr>\n<td width=\"50%\"><em>Kivitelez\u00e9s \u00e9ve:<\/em><\/td>\n<td>2003-2004<\/td>\n<\/tr>\n<tr>\n<td width=\"50%\"><em>Be\u00e9p\u00edtett ter\u00fclet:<\/em><\/td>\n<td>500 m\u00b2<\/td>\n<\/tr>\n<tr>\n<td width=\"50%\"><em>Kapacit\u00e1s:<\/em><\/td>\n<td>3000KW<\/td>\n<\/tr>\n<\/tbody>\n<\/table>\n<hr \/>\n<p style=\"text-align: left;\">\n<div id='gallery-1' class='gallery galleryid-702 gallery-columns-2 gallery-size-full'><figure class='gallery-item'>\n\t\t\t<div class='gallery-icon landscape'>\n\t\t\t\t<img loading=\"lazy\" decoding=\"async\" width=\"2592\" height=\"1944\" src=\"http:\/\/www.chph.hu\/wp-content\/uploads\/2015\/04\/IMGP05491.jpg\" class=\"attachment-full size-full\" alt=\"\" srcset=\"http:\/\/www.chph.hu\/wp-content\/uploads\/2015\/04\/IMGP05491.jpg 2592w, http:\/\/www.chph.hu\/wp-content\/uploads\/2015\/04\/IMGP05491-600x450.jpg 600w, http:\/\/www.chph.hu\/wp-content\/uploads\/2015\/04\/IMGP05491-300x225.jpg 300w, http:\/\/www.chph.hu\/wp-content\/uploads\/2015\/04\/IMGP05491-1024x768.jpg 1024w, http:\/\/www.chph.hu\/wp-content\/uploads\/2015\/04\/IMGP05491-135x100.jpg 135w\" sizes=\"auto, 100vw\" \/>\n\t\t\t<\/div><\/figure><figure class='gallery-item'>\n\t\t\t<div class='gallery-icon landscape'>\n\t\t\t\t<img loading=\"lazy\" decoding=\"async\" width=\"2592\" height=\"1944\" src=\"http:\/\/www.chph.hu\/wp-content\/uploads\/2015\/04\/IMGP05481.jpg\" class=\"attachment-full size-full\" alt=\"\" srcset=\"http:\/\/www.chph.hu\/wp-content\/uploads\/2015\/04\/IMGP05481.jpg 2592w, http:\/\/www.chph.hu\/wp-content\/uploads\/2015\/04\/IMGP05481-600x450.jpg 600w, http:\/\/www.chph.hu\/wp-content\/uploads\/2015\/04\/IMGP05481-300x225.jpg 300w, http:\/\/www.chph.hu\/wp-content\/uploads\/2015\/04\/IMGP05481-1024x768.jpg 1024w, http:\/\/www.chph.hu\/wp-content\/uploads\/2015\/04\/IMGP05481-135x100.jpg 135w\" sizes=\"auto, 100vw\" \/>\n\t\t\t<\/div><\/figure><figure class='gallery-item'>\n\t\t\t<div class='gallery-icon landscape'>\n\t\t\t\t<img loading=\"lazy\" decoding=\"async\" width=\"2592\" height=\"1944\" src=\"http:\/\/www.chph.hu\/wp-content\/uploads\/2015\/04\/IMGP05471.jpg\" class=\"attachment-full size-full\" alt=\"\" srcset=\"http:\/\/www.chph.hu\/wp-content\/uploads\/2015\/04\/IMGP05471.jpg 2592w, http:\/\/www.chph.hu\/wp-content\/uploads\/2015\/04\/IMGP05471-600x450.jpg 600w, http:\/\/www.chph.hu\/wp-content\/uploads\/2015\/04\/IMGP05471-300x225.jpg 300w, http:\/\/www.chph.hu\/wp-content\/uploads\/2015\/04\/IMGP05471-1024x768.jpg 1024w, http:\/\/www.chph.hu\/wp-content\/uploads\/2015\/04\/IMGP05471-135x100.jpg 135w\" sizes=\"auto, 100vw\" \/>\n\t\t\t<\/div><\/figure>\n\t\t<\/div>\n\n<hr \/>\n<p style=\"text-align: left;\">\n","protected":false},"excerpt":{"rendered":"<p>Richter Gedeon Rt. fi\u00f3ktelepe, Dorog Az R.G. Rt. 3000 KW teljes\u00edtm\u00e9nnyel megn\u00f6velte k\u00f6zponti h\u0171t\u0151kapacit\u00e1s\u00e1t. Ehhez k\u00e9t f\u00e1zisban hat g\u00e9pcsoport felszerel\u00e9se t\u00f6rt\u00e9nt meg. A h\u0171t\u0151kompresszorok \u00e9s seg\u00e9dberendez\u00e9seik az \u00faj \u00e9p\u00fcletben, teljesen automatikus \u00fczemben m\u0171k\u00f6dnek. A h\u0171t\u0151k\u00f6zeg t\u00e1rol\u00e1sa, a szivatty\u00fa\u00e1llom\u00e1s \u00e9s az oszt\u00f3k, az \u00e9p\u00fclet mell\u00e9 telep\u00fcltek. A Chemitechnik\u00a0Pharma\u00a0Kft. dolgozta ki a terveket a koncepci\u00f3s f\u00e1zist\u00f3l a &hellip; <\/p>\n<p class=\"link-more\"><a href=\"http:\/\/www.chph.hu\/?page_id=702\" class=\"more-link\"><span class=\"screen-reader-text\">&#8222;K\u00f6zponti h\u0171t\u0151telep&#8221;<\/span> b\u0151vebben<\/a><\/p>\n","protected":false},"author":1,"featured_media":0,"parent":0,"menu_order":0,"comment_status":"open","ping_status":"open","template":"","meta":{"footnotes":""},"class_list":["post-702","page","type-page","status-publish","hentry"],"_links":{"self":[{"href":"http:\/\/www.chph.hu\/index.php?rest_route=\/wp\/v2\/pages\/702","targetHints":{"allow":["GET"]}}],"collection":[{"href":"http:\/\/www.chph.hu\/index.php?rest_route=\/wp\/v2\/pages"}],"about":[{"href":"http:\/\/www.chph.hu\/index.php?rest_route=\/wp\/v2\/types\/page"}],"author":[{"embeddable":true,"href":"http:\/\/www.chph.hu\/index.php?rest_route=\/wp\/v2\/users\/1"}],"replies":[{"embeddable":true,"href":"http:\/\/www.chph.hu\/index.php?rest_route=%2Fwp%2Fv2%2Fcomments&post=702"}],"version-history":[{"count":2,"href":"http:\/\/www.chph.hu\/index.php?rest_route=\/wp\/v2\/pages\/702\/revisions"}],"predecessor-version":[{"id":1875,"href":"http:\/\/www.chph.hu\/index.php?rest_route=\/wp\/v2\/pages\/702\/revisions\/1875"}],"wp:attachment":[{"href":"http:\/\/www.chph.hu\/index.php?rest_route=%2Fwp%2Fv2%2Fmedia&parent=702"}],"curies":[{"name":"wp","href":"https:\/\/api.w.org\/{rel}","templated":true}]}}