{"id":720,"date":"2015-04-10T09:31:53","date_gmt":"2015-04-10T07:31:53","guid":{"rendered":"http:\/\/www.chph.hu\/?page_id=720"},"modified":"2023-03-08T14:07:42","modified_gmt":"2023-03-08T12:07:42","slug":"technologiai-kiserleti-nagylabor","status":"publish","type":"page","link":"http:\/\/www.chph.hu\/?page_id=720","title":{"rendered":"Technol\u00f3giai K\u00eds\u00e9rleti Nagylabor"},"content":{"rendered":"<h3 style=\"text-align: center;\">Richter Gedeon Nyrt.<\/h3>\n<p>A Richter\u00a0Gedeon\u00a0Nyrt.\u00a0 Budapesten az \u00faj fejlszt\u00e9si ter\u00fclet els\u0151 \u00e9p\u00fcletek\u00e9nt \u00e9s z\u00f6ldmez\u0151s beruh\u00e1z\u00e1sk\u00e9nt a kutat\u00e1si tev\u00e9kenys\u00e9g\u00e9t seg\u00edt\u0151 m\u00e9retn\u00f6vel\u0151 nagylabort l\u00e9tes\u00edtett. A\u00a0 k\u00eds\u00e9rleti \u00fczem 20-630 l-es reaktorcsoportokat, feldolgoz\u00f3 k\u00e9sz\u00fcl\u00e9kcsoportokat \u00e9s \u201eD\u201d tisztas\u00e1gi fokozat\u00fa v\u00e9gfeldolgoz\u00f3 teret tartalmaz. K\u00fcl\u00f6n ellen\u0151rz\u00f6tt ter\u00fclet van r\u00e1kkelt\u0151 anyagokkal t\u00f6rt\u00e9n\u0151 m\u0171veletek v\u00e9gz\u00e9s\u00e9hez is. A k\u00f6zbens\u0151- \u00e9s v\u00e9gterm\u00e9kek ellen\u0151rz\u00e9s\u00e9hez az \u00e9p\u00fcletben laborat\u00f3riumok is l\u00e9tes\u00fcltek.<\/p>\n<p>A technol\u00f3giai folyamat rugalmasan v\u00e1ltoztathat\u00f3, nem term\u00e9kspecifikus, alkalmazkodva a kutat\u00e1si ig\u00e9nyekhez.<\/p>\n<p>Az \u00e9p\u00fclet 3 szintes,\u00a0 fej\u00e9p\u00fclettel \u00e9s m\u0171veleti t\u00e9rrel rendelkezik, alatta pinceszinten r\u00e9szben k\u00f6zm\u0171alag\u00fat h\u00faz\u00f3dik. A tet\u0151re ker\u00fcltek a szell\u0151z\u0151 berendez\u00e9sek.<\/p>\n<p>Chemitechnik-Phamra\u00a0Kft. a l\u00e9tes\u00edtm\u00e9ny tanulm\u00e1nyterv\u00e9t, \u00e9p\u00edt\u00e9si enged\u00e9lyez\u00e9si terv\u00e9t \u00e9s kiviteli teveit k\u00e9sz\u00edtette, valamint a beruh\u00e1z\u00e1s folyam\u00e1n tervez\u0151i m\u0171vezet\u00e9st v\u00e9gzett. Elk\u00e9sz\u00edtette a megval\u00f3sul\u00e1si terveket is.<\/p>\n<table width=\"50%\">\n<tbody>\n<tr>\n<td width=\"50%\"><em>Tervez\u00e9s \u00e9ve:<\/em><\/td>\n<td>2003-2004<\/td>\n<\/tr>\n<tr>\n<td width=\"50%\"><em>Kivitelez\u00e9s \u00e9ve:<\/em><\/td>\n<td>2005-2006<\/td>\n<\/tr>\n<tr>\n<td width=\"50%\"><em>Be\u00e9p\u00edtett szintter\u00fclet:<\/em><\/td>\n<td>2594 m<sup>2<\/sup><\/td>\n<\/tr>\n<tr>\n<td width=\"50%\"><i> Be\u00e9p\u00edtett reaktor t\u00e9rfogat:<\/i><\/td>\n<td>5,3 m<sup>3<\/sup><\/td>\n<\/tr>\n<tr>\n<td width=\"50%\"><i> Be\u00e9p\u00edtett reaktorcsoportok sz\u00e1ma<\/i><i>:<\/i><\/td>\n<td>15 db<\/td>\n<\/tr>\n<tr>\n<td width=\"50%\"><i>A reaktorok t\u00e9rfogata:<\/i><\/td>\n<td>20-630 l<\/td>\n<\/tr>\n<tr>\n<td width=\"50%\"><em> Feldolgoz\u00f3 k\u00e9sz\u00fcl\u00e9kcsoportok sz\u00e1ma:<\/em><\/td>\n<td>12<\/td>\n<\/tr>\n<\/tbody>\n<\/table>\n<hr \/>\n<div id='gallery-1' class='gallery galleryid-720 gallery-columns-2 gallery-size-full'><figure class='gallery-item'>\n\t\t\t<div class='gallery-icon portrait'>\n\t\t\t\t<img loading=\"lazy\" decoding=\"async\" width=\"750\" height=\"1000\" src=\"http:\/\/www.chph.hu\/wp-content\/uploads\/2015\/04\/IMG_0550.jpg\" class=\"attachment-full size-full\" alt=\"\" srcset=\"http:\/\/www.chph.hu\/wp-content\/uploads\/2015\/04\/IMG_0550.jpg 750w, http:\/\/www.chph.hu\/wp-content\/uploads\/2015\/04\/IMG_0550-600x800.jpg 600w, http:\/\/www.chph.hu\/wp-content\/uploads\/2015\/04\/IMG_0550-225x300.jpg 225w\" sizes=\"auto, 100vw\" \/>\n\t\t\t<\/div><\/figure><figure class='gallery-item'>\n\t\t\t<div class='gallery-icon portrait'>\n\t\t\t\t<img loading=\"lazy\" decoding=\"async\" width=\"768\" height=\"1024\" src=\"http:\/\/www.chph.hu\/wp-content\/uploads\/2015\/04\/DSCN66421.jpg\" class=\"attachment-full size-full\" alt=\"\" srcset=\"http:\/\/www.chph.hu\/wp-content\/uploads\/2015\/04\/DSCN66421.jpg 768w, http:\/\/www.chph.hu\/wp-content\/uploads\/2015\/04\/DSCN66421-600x800.jpg 600w, http:\/\/www.chph.hu\/wp-content\/uploads\/2015\/04\/DSCN66421-225x300.jpg 225w\" sizes=\"auto, 100vw\" \/>\n\t\t\t<\/div><\/figure><figure class='gallery-item'>\n\t\t\t<div class='gallery-icon landscape'>\n\t\t\t\t<img loading=\"lazy\" decoding=\"async\" width=\"1024\" height=\"768\" src=\"http:\/\/www.chph.hu\/wp-content\/uploads\/2015\/04\/0504081.jpg\" class=\"attachment-full size-full\" alt=\"\" srcset=\"http:\/\/www.chph.hu\/wp-content\/uploads\/2015\/04\/0504081.jpg 1024w, http:\/\/www.chph.hu\/wp-content\/uploads\/2015\/04\/0504081-600x450.jpg 600w, http:\/\/www.chph.hu\/wp-content\/uploads\/2015\/04\/0504081-300x225.jpg 300w, http:\/\/www.chph.hu\/wp-content\/uploads\/2015\/04\/0504081-135x100.jpg 135w\" sizes=\"auto, 100vw\" \/>\n\t\t\t<\/div><\/figure><figure class='gallery-item'>\n\t\t\t<div class='gallery-icon landscape'>\n\t\t\t\t<img loading=\"lazy\" decoding=\"async\" width=\"1024\" height=\"768\" src=\"http:\/\/www.chph.hu\/wp-content\/uploads\/2015\/04\/0605091.jpg\" class=\"attachment-full size-full\" alt=\"\" srcset=\"http:\/\/www.chph.hu\/wp-content\/uploads\/2015\/04\/0605091.jpg 1024w, http:\/\/www.chph.hu\/wp-content\/uploads\/2015\/04\/0605091-600x450.jpg 600w, http:\/\/www.chph.hu\/wp-content\/uploads\/2015\/04\/0605091-300x225.jpg 300w, http:\/\/www.chph.hu\/wp-content\/uploads\/2015\/04\/0605091-135x100.jpg 135w\" sizes=\"auto, 100vw\" \/>\n\t\t\t<\/div><\/figure><figure class='gallery-item'>\n\t\t\t<div class='gallery-icon landscape'>\n\t\t\t\t<img loading=\"lazy\" decoding=\"async\" width=\"800\" height=\"600\" src=\"http:\/\/www.chph.hu\/wp-content\/uploads\/2015\/04\/V1_11.jpg\" class=\"attachment-full size-full\" alt=\"\" srcset=\"http:\/\/www.chph.hu\/wp-content\/uploads\/2015\/04\/V1_11.jpg 800w, http:\/\/www.chph.hu\/wp-content\/uploads\/2015\/04\/V1_11-600x450.jpg 600w, http:\/\/www.chph.hu\/wp-content\/uploads\/2015\/04\/V1_11-300x225.jpg 300w, http:\/\/www.chph.hu\/wp-content\/uploads\/2015\/04\/V1_11-135x100.jpg 135w\" sizes=\"auto, 100vw\" \/>\n\t\t\t<\/div><\/figure><figure class='gallery-item'>\n\t\t\t<div class='gallery-icon landscape'>\n\t\t\t\t<img loading=\"lazy\" decoding=\"async\" width=\"1191\" height=\"841\" src=\"http:\/\/www.chph.hu\/wp-content\/uploads\/2015\/04\/tekukiv_HOMI_101.jpg\" class=\"attachment-full size-full\" alt=\"\" srcset=\"http:\/\/www.chph.hu\/wp-content\/uploads\/2015\/04\/tekukiv_HOMI_101.jpg 1191w, http:\/\/www.chph.hu\/wp-content\/uploads\/2015\/04\/tekukiv_HOMI_101-600x424.jpg 600w, http:\/\/www.chph.hu\/wp-content\/uploads\/2015\/04\/tekukiv_HOMI_101-300x212.jpg 300w, http:\/\/www.chph.hu\/wp-content\/uploads\/2015\/04\/tekukiv_HOMI_101-1024x723.jpg 1024w\" sizes=\"auto, 100vw\" \/>\n\t\t\t<\/div><\/figure>\n\t\t<\/div>\n\n<hr \/>\n","protected":false},"excerpt":{"rendered":"<p>Richter Gedeon Nyrt. A Richter\u00a0Gedeon\u00a0Nyrt.\u00a0 Budapesten az \u00faj fejlszt\u00e9si ter\u00fclet els\u0151 \u00e9p\u00fcletek\u00e9nt \u00e9s z\u00f6ldmez\u0151s beruh\u00e1z\u00e1sk\u00e9nt a kutat\u00e1si tev\u00e9kenys\u00e9g\u00e9t seg\u00edt\u0151 m\u00e9retn\u00f6vel\u0151 nagylabort l\u00e9tes\u00edtett. A\u00a0 k\u00eds\u00e9rleti \u00fczem 20-630 l-es reaktorcsoportokat, feldolgoz\u00f3 k\u00e9sz\u00fcl\u00e9kcsoportokat \u00e9s \u201eD\u201d tisztas\u00e1gi fokozat\u00fa v\u00e9gfeldolgoz\u00f3 teret tartalmaz. K\u00fcl\u00f6n ellen\u0151rz\u00f6tt ter\u00fclet van r\u00e1kkelt\u0151 anyagokkal t\u00f6rt\u00e9n\u0151 m\u0171veletek v\u00e9gz\u00e9s\u00e9hez is. A k\u00f6zbens\u0151- \u00e9s v\u00e9gterm\u00e9kek ellen\u0151rz\u00e9s\u00e9hez az \u00e9p\u00fcletben laborat\u00f3riumok &hellip; <\/p>\n<p class=\"link-more\"><a href=\"http:\/\/www.chph.hu\/?page_id=720\" class=\"more-link\"><span class=\"screen-reader-text\">&#8222;Technol\u00f3giai K\u00eds\u00e9rleti Nagylabor&#8221;<\/span> b\u0151vebben<\/a><\/p>\n","protected":false},"author":1,"featured_media":0,"parent":0,"menu_order":0,"comment_status":"open","ping_status":"open","template":"","meta":{"footnotes":""},"class_list":["post-720","page","type-page","status-publish","hentry"],"_links":{"self":[{"href":"http:\/\/www.chph.hu\/index.php?rest_route=\/wp\/v2\/pages\/720","targetHints":{"allow":["GET"]}}],"collection":[{"href":"http:\/\/www.chph.hu\/index.php?rest_route=\/wp\/v2\/pages"}],"about":[{"href":"http:\/\/www.chph.hu\/index.php?rest_route=\/wp\/v2\/types\/page"}],"author":[{"embeddable":true,"href":"http:\/\/www.chph.hu\/index.php?rest_route=\/wp\/v2\/users\/1"}],"replies":[{"embeddable":true,"href":"http:\/\/www.chph.hu\/index.php?rest_route=%2Fwp%2Fv2%2Fcomments&post=720"}],"version-history":[{"count":3,"href":"http:\/\/www.chph.hu\/index.php?rest_route=\/wp\/v2\/pages\/720\/revisions"}],"predecessor-version":[{"id":1877,"href":"http:\/\/www.chph.hu\/index.php?rest_route=\/wp\/v2\/pages\/720\/revisions\/1877"}],"wp:attachment":[{"href":"http:\/\/www.chph.hu\/index.php?rest_route=%2Fwp%2Fv2%2Fmedia&parent=720"}],"curies":[{"name":"wp","href":"https:\/\/api.w.org\/{rel}","templated":true}]}}