{"id":730,"date":"2015-04-10T09:43:53","date_gmt":"2015-04-10T07:43:53","guid":{"rendered":"http:\/\/www.chph.hu\/?page_id=730"},"modified":"2023-03-08T14:08:12","modified_gmt":"2023-03-08T12:08:12","slug":"csomagolo-uzem-es-raktar","status":"publish","type":"page","link":"http:\/\/www.chph.hu\/?page_id=730","title":{"rendered":"Csomagol\u00f3 \u00fczem \u00e9s rakt\u00e1r"},"content":{"rendered":"<h3 style=\"text-align: center;\">Sanofi-Aventis Chinoin Rt.<\/h3>\n<p>A Sanofi-Aventis Veresegyh\u00e1zi telephely\u00e9n csomagol\u00f3 \u00e9s rakt\u00e1rb\u00e1zist l\u00e9tes\u00edtett k\u00f6zel 8 ha ter\u00fcleten, a hozz\u00e1tartoz\u00f3 kiszolg\u00e1l\u00f3 l\u00e9tes\u00edtm\u00e9nyekkel (k\u00f6zm\u0171vel, technol\u00f3giai alapvezet\u00e9k-h\u00e1l\u00f3zat, elektromos bet\u00e1p k\u00e1belek \u00e9s bels\u0151 \u00fath\u00e1l\u00f3zat) egy\u00fctt a megl\u00e9v\u0151 telephely\u00e9nek b\u0151v\u00edt\u00e9s\u00e9vel, z\u00f6ldmez\u0151s beruh\u00e1z\u00e1sk\u00e9nt.<\/p>\n<p>Chemitechnik-Pharma az enged\u00e9lyez\u00e9si tervekt\u0151l az \u00fczem behelyez\u00e9sig tev\u00e9kenyen r\u00e9szt vett l\u00e9tes\u00edtm\u00e9ny magval\u00f3sul\u00e1s\u00e1ban.<\/p>\n<table width=\"50%\">\n<tbody>\n<tr>\n<td width=\"50%\"><em>Tervez\u00e9s \u00e9ve:<\/em><\/td>\n<td>2003-2004<\/td>\n<\/tr>\n<tr>\n<td width=\"50%\"><em>Kivitelez\u00e9s \u00e9ve:<\/em><\/td>\n<td>2004-2005<\/td>\n<\/tr>\n<tr>\n<td width=\"50%\"><em>Be\u00e9p\u00edtett ter\u00fclet:<\/em><\/td>\n<td>&#8216;P&#8217; \u00e9p\u00fclet csarnok r\u00e9sz: 4600 m<sup>2 <\/sup> egy l\u00e9gter\u0171 \u00e9p\u00fclet szerelt falas ter\u00fcletlev\u00e1laszt\u00e1sokkal<br \/>\nFej\u00e9p\u00fclet: 1400m<sup>2<\/sup> m\u0171hely, iroda, labor<br \/>\n&#8216;R&#8217; \u00e9p\u00fclet: 3400m<sup>2<\/sup> ebb\u0151l 800m<sup>2<\/sup> magas rakt\u00e1r<br \/>\n&#8216;R&#8217; \u00e9p\u00fclet I. emelete \u00e9s &#8216;P&#8217; \u00e9p\u00fclet f\u00f6ldszintje k\u00f6z\u00f6tti szekcion\u00e1lt anyag \u00e9s szem\u00e9lyforgalmi \u00e1tj\u00e1r\u00f3 h\u00edddal<br \/>\nSprinkler k\u00f6zpont: 2db 800m<sup>3<\/sup>-es felsz\u00edn feletti tart\u00e1ly, k\u00f6z\u00f6tte 140m<sup>2<\/sup>-es k\u00f6zponti g\u00e9ph\u00e1z<\/td>\n<\/tr>\n<\/tbody>\n<\/table>\n<hr \/>\n<div id='gallery-1' class='gallery galleryid-730 gallery-columns-2 gallery-size-full'><figure class='gallery-item'>\n\t\t\t<div class='gallery-icon landscape'>\n\t\t\t\t<img loading=\"lazy\" decoding=\"async\" width=\"3333\" height=\"1620\" src=\"http:\/\/www.chph.hu\/wp-content\/uploads\/2015\/04\/c11.jpg\" class=\"attachment-full size-full\" alt=\"\" srcset=\"http:\/\/www.chph.hu\/wp-content\/uploads\/2015\/04\/c11.jpg 3333w, http:\/\/www.chph.hu\/wp-content\/uploads\/2015\/04\/c11-600x292.jpg 600w, http:\/\/www.chph.hu\/wp-content\/uploads\/2015\/04\/c11-300x146.jpg 300w, http:\/\/www.chph.hu\/wp-content\/uploads\/2015\/04\/c11-1024x498.jpg 1024w\" sizes=\"auto, 100vw\" \/>\n\t\t\t<\/div><\/figure><figure class='gallery-item'>\n\t\t\t<div class='gallery-icon landscape'>\n\t\t\t\t<img loading=\"lazy\" decoding=\"async\" width=\"3333\" height=\"1620\" src=\"http:\/\/www.chph.hu\/wp-content\/uploads\/2015\/04\/c31.jpg\" class=\"attachment-full size-full\" alt=\"\" srcset=\"http:\/\/www.chph.hu\/wp-content\/uploads\/2015\/04\/c31.jpg 3333w, http:\/\/www.chph.hu\/wp-content\/uploads\/2015\/04\/c31-600x292.jpg 600w, http:\/\/www.chph.hu\/wp-content\/uploads\/2015\/04\/c31-300x146.jpg 300w, http:\/\/www.chph.hu\/wp-content\/uploads\/2015\/04\/c31-1024x498.jpg 1024w\" sizes=\"auto, 100vw\" \/>\n\t\t\t<\/div><\/figure><figure class='gallery-item'>\n\t\t\t<div class='gallery-icon landscape'>\n\t\t\t\t<img loading=\"lazy\" decoding=\"async\" width=\"3333\" height=\"1620\" src=\"http:\/\/www.chph.hu\/wp-content\/uploads\/2015\/04\/c41.jpg\" class=\"attachment-full size-full\" alt=\"\" srcset=\"http:\/\/www.chph.hu\/wp-content\/uploads\/2015\/04\/c41.jpg 3333w, http:\/\/www.chph.hu\/wp-content\/uploads\/2015\/04\/c41-600x292.jpg 600w, http:\/\/www.chph.hu\/wp-content\/uploads\/2015\/04\/c41-300x146.jpg 300w, http:\/\/www.chph.hu\/wp-content\/uploads\/2015\/04\/c41-1024x498.jpg 1024w\" sizes=\"auto, 100vw\" \/>\n\t\t\t<\/div><\/figure><figure class='gallery-item'>\n\t\t\t<div class='gallery-icon landscape'>\n\t\t\t\t<img loading=\"lazy\" decoding=\"async\" width=\"1576\" height=\"1122\" src=\"http:\/\/www.chph.hu\/wp-content\/uploads\/2015\/04\/telep41.jpg\" class=\"attachment-full size-full\" alt=\"\" srcset=\"http:\/\/www.chph.hu\/wp-content\/uploads\/2015\/04\/telep41.jpg 1576w, http:\/\/www.chph.hu\/wp-content\/uploads\/2015\/04\/telep41-600x427.jpg 600w, http:\/\/www.chph.hu\/wp-content\/uploads\/2015\/04\/telep41-300x214.jpg 300w, http:\/\/www.chph.hu\/wp-content\/uploads\/2015\/04\/telep41-1024x729.jpg 1024w\" sizes=\"auto, 100vw\" \/>\n\t\t\t<\/div><\/figure><figure class='gallery-item'>\n\t\t\t<div class='gallery-icon landscape'>\n\t\t\t\t<img loading=\"lazy\" decoding=\"async\" width=\"1576\" height=\"1121\" src=\"http:\/\/www.chph.hu\/wp-content\/uploads\/2015\/04\/telep61.jpg\" class=\"attachment-full size-full\" alt=\"\" srcset=\"http:\/\/www.chph.hu\/wp-content\/uploads\/2015\/04\/telep61.jpg 1576w, http:\/\/www.chph.hu\/wp-content\/uploads\/2015\/04\/telep61-600x427.jpg 600w, http:\/\/www.chph.hu\/wp-content\/uploads\/2015\/04\/telep61-300x213.jpg 300w, http:\/\/www.chph.hu\/wp-content\/uploads\/2015\/04\/telep61-1024x728.jpg 1024w\" sizes=\"auto, 100vw\" \/>\n\t\t\t<\/div><\/figure><figure class='gallery-item'>\n\t\t\t<div class='gallery-icon landscape'>\n\t\t\t\t<img loading=\"lazy\" decoding=\"async\" width=\"1580\" height=\"1122\" src=\"http:\/\/www.chph.hu\/wp-content\/uploads\/2015\/04\/telep51.jpg\" class=\"attachment-full size-full\" alt=\"\" srcset=\"http:\/\/www.chph.hu\/wp-content\/uploads\/2015\/04\/telep51.jpg 1580w, http:\/\/www.chph.hu\/wp-content\/uploads\/2015\/04\/telep51-600x426.jpg 600w, http:\/\/www.chph.hu\/wp-content\/uploads\/2015\/04\/telep51-300x213.jpg 300w, http:\/\/www.chph.hu\/wp-content\/uploads\/2015\/04\/telep51-1024x727.jpg 1024w\" sizes=\"auto, 100vw\" \/>\n\t\t\t<\/div><\/figure><figure class='gallery-item'>\n\t\t\t<div class='gallery-icon landscape'>\n\t\t\t\t<img loading=\"lazy\" decoding=\"async\" width=\"1574\" height=\"1120\" src=\"http:\/\/www.chph.hu\/wp-content\/uploads\/2015\/04\/telep21.jpg\" class=\"attachment-full size-full\" alt=\"\" srcset=\"http:\/\/www.chph.hu\/wp-content\/uploads\/2015\/04\/telep21.jpg 1574w, http:\/\/www.chph.hu\/wp-content\/uploads\/2015\/04\/telep21-600x427.jpg 600w, http:\/\/www.chph.hu\/wp-content\/uploads\/2015\/04\/telep21-300x213.jpg 300w, http:\/\/www.chph.hu\/wp-content\/uploads\/2015\/04\/telep21-1024x729.jpg 1024w\" sizes=\"auto, 100vw\" \/>\n\t\t\t<\/div><\/figure><figure class='gallery-item'>\n\t\t\t<div class='gallery-icon landscape'>\n\t\t\t\t<img loading=\"lazy\" decoding=\"async\" width=\"1574\" height=\"1124\" src=\"http:\/\/www.chph.hu\/wp-content\/uploads\/2015\/04\/telep31.jpg\" class=\"attachment-full size-full\" alt=\"\" srcset=\"http:\/\/www.chph.hu\/wp-content\/uploads\/2015\/04\/telep31.jpg 1574w, http:\/\/www.chph.hu\/wp-content\/uploads\/2015\/04\/telep31-600x428.jpg 600w, http:\/\/www.chph.hu\/wp-content\/uploads\/2015\/04\/telep31-300x214.jpg 300w, http:\/\/www.chph.hu\/wp-content\/uploads\/2015\/04\/telep31-1024x731.jpg 1024w\" sizes=\"auto, 100vw\" \/>\n\t\t\t<\/div><\/figure><figure class='gallery-item'>\n\t\t\t<div class='gallery-icon portrait'>\n\t\t\t\t<img loading=\"lazy\" decoding=\"async\" width=\"750\" height=\"1000\" src=\"http:\/\/www.chph.hu\/wp-content\/uploads\/2015\/04\/04_29_20.jpg\" class=\"attachment-full size-full\" alt=\"\" srcset=\"http:\/\/www.chph.hu\/wp-content\/uploads\/2015\/04\/04_29_20.jpg 750w, http:\/\/www.chph.hu\/wp-content\/uploads\/2015\/04\/04_29_20-600x800.jpg 600w, http:\/\/www.chph.hu\/wp-content\/uploads\/2015\/04\/04_29_20-225x300.jpg 225w\" sizes=\"auto, 100vw\" \/>\n\t\t\t<\/div><\/figure>\n\t\t<\/div>\n\n<hr \/>\n","protected":false},"excerpt":{"rendered":"<p>Sanofi-Aventis Chinoin Rt. A Sanofi-Aventis Veresegyh\u00e1zi telephely\u00e9n csomagol\u00f3 \u00e9s rakt\u00e1rb\u00e1zist l\u00e9tes\u00edtett k\u00f6zel 8 ha ter\u00fcleten, a hozz\u00e1tartoz\u00f3 kiszolg\u00e1l\u00f3 l\u00e9tes\u00edtm\u00e9nyekkel (k\u00f6zm\u0171vel, technol\u00f3giai alapvezet\u00e9k-h\u00e1l\u00f3zat, elektromos bet\u00e1p k\u00e1belek \u00e9s bels\u0151 \u00fath\u00e1l\u00f3zat) egy\u00fctt a megl\u00e9v\u0151 telephely\u00e9nek b\u0151v\u00edt\u00e9s\u00e9vel, z\u00f6ldmez\u0151s beruh\u00e1z\u00e1sk\u00e9nt. Chemitechnik-Pharma az enged\u00e9lyez\u00e9si tervekt\u0151l az \u00fczem behelyez\u00e9sig tev\u00e9kenyen r\u00e9szt vett l\u00e9tes\u00edtm\u00e9ny magval\u00f3sul\u00e1s\u00e1ban. Tervez\u00e9s \u00e9ve: 2003-2004 Kivitelez\u00e9s \u00e9ve: 2004-2005 Be\u00e9p\u00edtett ter\u00fclet: &hellip; <\/p>\n<p class=\"link-more\"><a href=\"http:\/\/www.chph.hu\/?page_id=730\" class=\"more-link\"><span class=\"screen-reader-text\">&#8222;Csomagol\u00f3 \u00fczem \u00e9s rakt\u00e1r&#8221;<\/span> b\u0151vebben<\/a><\/p>\n","protected":false},"author":1,"featured_media":0,"parent":0,"menu_order":0,"comment_status":"open","ping_status":"open","template":"","meta":{"footnotes":""},"class_list":["post-730","page","type-page","status-publish","hentry"],"_links":{"self":[{"href":"http:\/\/www.chph.hu\/index.php?rest_route=\/wp\/v2\/pages\/730","targetHints":{"allow":["GET"]}}],"collection":[{"href":"http:\/\/www.chph.hu\/index.php?rest_route=\/wp\/v2\/pages"}],"about":[{"href":"http:\/\/www.chph.hu\/index.php?rest_route=\/wp\/v2\/types\/page"}],"author":[{"embeddable":true,"href":"http:\/\/www.chph.hu\/index.php?rest_route=\/wp\/v2\/users\/1"}],"replies":[{"embeddable":true,"href":"http:\/\/www.chph.hu\/index.php?rest_route=%2Fwp%2Fv2%2Fcomments&post=730"}],"version-history":[{"count":3,"href":"http:\/\/www.chph.hu\/index.php?rest_route=\/wp\/v2\/pages\/730\/revisions"}],"predecessor-version":[{"id":1878,"href":"http:\/\/www.chph.hu\/index.php?rest_route=\/wp\/v2\/pages\/730\/revisions\/1878"}],"wp:attachment":[{"href":"http:\/\/www.chph.hu\/index.php?rest_route=%2Fwp%2Fv2%2Fmedia&parent=730"}],"curies":[{"name":"wp","href":"https:\/\/api.w.org\/{rel}","templated":true}]}}