{"id":799,"date":"2015-05-22T10:25:31","date_gmt":"2015-05-22T08:25:31","guid":{"rendered":"http:\/\/www.chph.hu\/?page_id=799"},"modified":"2026-04-01T15:41:14","modified_gmt":"2026-04-01T13:41:14","slug":"munkatarsaink","status":"publish","type":"page","link":"http:\/\/www.chph.hu\/?page_id=799","title":{"rendered":"Munkat\u00e1rsaink"},"content":{"rendered":"\n<h4 class=\"wp-block-heading\">Szakmai k\u00e9rd\u00e9sekkel keresse fel munkat\u00e1rsainkat, akik k\u00e9szs\u00e9ggel \u00e1llnak rendelkez\u00e9s\u00e9re!<\/h4>\n\n\n\n<figure class=\"wp-block-table\"><table class=\"has-fixed-layout\"><tbody><tr><td><strong><em>\u00dcgyvezet\u0151 igazgat\u00f3<\/em><\/strong><\/td><td class=\"has-text-align-left\" data-align=\"left\">Telefonsz\u00e1m<\/td><\/tr><tr><td>Z\u00e1m Andr\u00e1s<\/td><td>+36 20 328-4257<\/td><\/tr><tr><td>&nbsp;<\/td><td>&nbsp;<\/td><\/tr><tr><td><strong><em>\u00dcgyvezet\u0151 helyettes<\/em><\/strong><\/td><td>&nbsp;<\/td><\/tr><tr><td>T\u00f3th L\u00e1szl\u00f3<\/td><td>+36 30 779-3776<\/td><\/tr><tr><td>&nbsp;<\/td><td>&nbsp;<\/td><\/tr><tr><td><strong><em>Gazdas\u00e1gi csoport<\/em><\/strong><\/td><td>&nbsp;<\/td><\/tr><tr><td>S\u00e1reczki-Bicz\u00f3 Andrea<br><em>k\u00f6nyvel\u00e9s<\/em><\/td><td>+36 30 960-9837<\/td><\/tr><tr><td>Szentm\u00e1rtonin\u00e9 Er\u0151s \u00c9va<br><em>sz\u00e1ml\u00e1z\u00e1s \u00e9s b\u00e9rsz\u00e1mfejt\u00e9s<\/em><\/td><td>+36 30 960-9837<\/td><\/tr><tr><td>&nbsp;<\/td><td>&nbsp;<\/td><\/tr><tr><td><strong><em>Adminisztr\u00e1ci\u00f3<\/em><\/strong><\/td><td>&nbsp;<\/td><\/tr><tr><td>Radv\u00e1nyi G\u00e1bor<br><em>titk\u00e1rs\u00e1gvezet\u0151<\/em><\/td><td>+36 30 960-9837<\/td><\/tr><tr><td>&nbsp;<\/td><td>&nbsp;<\/td><\/tr><tr><td><strong><em>Min\u0151s\u00e9gir\u00e1ny\u00edt\u00e1si megb\u00edzott<\/em><\/strong><\/td><td>&nbsp;<\/td><\/tr><tr><td>S\u00e1ndor Andrea<\/td><td>+36 30 960-9837<\/td><\/tr><tr><td>&nbsp;<\/td><td>&nbsp;<\/td><\/tr><tr><td><strong><em>\u00c9p\u00edt\u00e9sz \u00e9s statikus tervez\u0151k<\/em><\/strong><\/td><td>&nbsp;<\/td><\/tr><tr><td>Endr\u0151din\u00e9 V\u00e1li Gabriella<br><em>tart\u00f3szerkezet tervez\u0151<\/em><\/td><td>+36 30 960-6837<\/td><\/tr><tr><td>Feh\u00e9r \u00c1ron Adri\u00e1n<br><em>\u00e9p\u00edt\u00e9szm\u00e9rn\u00f6k<\/em><\/td><td>+36 30 960-9837<\/td><\/tr><tr><td>Fekete Marianna<br><em>okl. \u00e9p\u00edt\u00e9szm\u00e9rn\u00f6k<\/em><\/td><td>+36 30 960-9837<\/td><\/tr><tr><td>Ill\u00e9s Attila<br><em>okl. \u00e9p\u00edt\u00e9szm\u00e9rn\u00f6k<\/em><\/td><td>+36 20 222-1146<\/td><\/tr><tr><td>Sebesty\u00e9n Zsolt Norbert<br><em>okl. \u00e9p\u00edt\u0151m\u00e9rn\u00f6k<\/em><\/td><td>+36 30 960-9837<\/td><\/tr><tr><td>&nbsp;<\/td><td>&nbsp;<\/td><\/tr><tr><td><strong><em>\u00c9p\u00fcletg\u00e9p\u00e9sz tervez\u0151k<\/em><\/strong><\/td><td>&nbsp;<\/td><\/tr><tr><td>T\u00f3th L\u00e1szl\u00f3<br><em>okl. g\u00e9p\u00e9szm\u00e9rn\u00f6k<\/em><\/td><td>+36 30 779-3776<\/td><\/tr><tr><td>Cs\u00e1k\u00e1nyi Gy\u00f6rgy M\u00e1rk<br><em>g\u00e9p\u00e9szm\u00e9rn\u00f6k<\/em><\/td><td>+36 30 960-9837<\/td><\/tr><tr><td>G\u00f6r\u00f6g \u00c1d\u00e1m<br><em>okl. \u00e9p\u00fcletg\u00e9p\u00e9sz tervez\u0151 m\u00e9rn\u00f6k<\/em><\/td><td>+36 30 441-6483<\/td><\/tr><tr><td>Hornok Tam\u00e1s<br><em>g\u00e9p\u00e9szm\u00e9rn\u00f6k<\/em><\/td><td>+36 30 960-9837<\/td><\/tr><tr><td>Selmeczi D\u00e1niel<br><em>okl. \u00e9p\u00fcletg\u00e9p\u00e9sz tervez\u0151 m\u00e9rn\u00f6k<\/em><\/td><td>+36 30 960-9837<\/td><\/tr><tr><td>&nbsp;<\/td><td>&nbsp;<\/td><\/tr><tr><td><strong><em>Technol\u00f3giai g\u00e9p\u00e9sz tervez\u0151k<\/em><\/strong><\/td><td>&nbsp;<\/td><\/tr><tr><td>Sz\u00e9csi Tibor<br><em>tervez\u0151, projektmenedzser<\/em><\/td><td>+36 20 966-5374<\/td><\/tr><tr><td>B\u00e1nki P\u00e9ter<br><em>tervez\u0151, min\u0151s\u00e9gbiztos\u00edt\u00e1si \u00e9s kvalifik\u00e1ci\u00f3s munkat\u00e1rs<\/em><\/td><td>+36 30 960-9837<\/td><\/tr><tr><td>Balla \u00c1bel<br><em>tervez\u0151<br><\/em><\/td><td>+36 30 960-9837<\/td><\/tr><tr><td>Balogh Be\u00e1ta<br><em>okl. g\u00e9p\u00e9szm\u00e9rn\u00f6k<br><\/em><\/td><td>+36 30 960-9837<\/td><\/tr><tr><td>Kov\u00e1cs Gyula<br><em>okl. g\u00e9p\u00e9szm\u00e9rn\u00f6k, okl. projektmenedzser<\/em><\/td><td>+36 30 280-3623<\/td><\/tr><tr><td>Nemoda Gl\u00f3ria<br><em>tervez\u0151, g\u00e9p\u00e9szm\u00e9rn\u00f6k<br><\/em><\/td><td>+36 30 960-9837<\/td><\/tr><tr><td>Per\u00e9nyi Iv\u00e1n<br><em>tervez\u0151, g\u00e9p\u00e9szm\u00e9rn\u00f6k<br><\/em><\/td><td>+36 30 960-9837<\/td><\/tr><tr><td>Retek Magdolna<br><em>cs\u0151tervez\u0151<\/em><\/td><td>+36 30 960-9837<\/td><\/tr><tr><td>S\u00e1ndor Andrea<br><em>technol\u00f3gustervez\u0151 m\u00e9rn\u00f6k<\/em><\/td><td>+36 30 960-9837<\/td><\/tr><tr><td>&nbsp;Sor Levente<br><em>okl. g\u00e9p\u00e9szm\u00e9rn\u00f6k<\/em><\/td><td>&nbsp;+36 30 960-9837<\/td><\/tr><tr><td><\/td><td class=\"has-text-align-left\" data-align=\"left\"><\/td><\/tr><tr><td><strong><em>Egyedi g\u00e9pfejleszt\u00e9s<\/em><\/strong><\/td><td>&nbsp;<\/td><\/tr><tr><td>L\u00e1z\u00e1r Erika<br><em>tervez\u0151, projektmenedzser<\/em><\/td><td>+36 20 335-9865<\/td><\/tr><tr><td>&nbsp;<\/td><\/tr><tr><td><strong><em>Informatika<\/em><\/strong><\/td><td>&nbsp;<\/td><\/tr><tr><td>T\u00f3th L\u00e1szl\u00f3<br><em>informatikus<\/em><\/td><td>+36 20 315-6757<\/td><\/tr><\/tbody><\/table><\/figure>\n\n\n\n<p><\/p>\n","protected":false},"excerpt":{"rendered":"<p>Szakmai k\u00e9rd\u00e9sekkel keresse fel munkat\u00e1rsainkat, akik k\u00e9szs\u00e9ggel \u00e1llnak rendelkez\u00e9s\u00e9re! \u00dcgyvezet\u0151 igazgat\u00f3 Telefonsz\u00e1m Z\u00e1m Andr\u00e1s +36 20 328-4257 &nbsp; &nbsp; \u00dcgyvezet\u0151 helyettes &nbsp; T\u00f3th L\u00e1szl\u00f3 +36 30 779-3776 &nbsp; &nbsp; Gazdas\u00e1gi csoport &nbsp; S\u00e1reczki-Bicz\u00f3 Andreak\u00f6nyvel\u00e9s +36 30 960-9837 Szentm\u00e1rtonin\u00e9 Er\u0151s \u00c9vasz\u00e1ml\u00e1z\u00e1s \u00e9s b\u00e9rsz\u00e1mfejt\u00e9s +36 30 960-9837 &nbsp; &nbsp; Adminisztr\u00e1ci\u00f3 &nbsp; Radv\u00e1nyi G\u00e1bortitk\u00e1rs\u00e1gvezet\u0151 +36 30 960-9837 &nbsp; &hellip; <\/p>\n<p class=\"link-more\"><a href=\"http:\/\/www.chph.hu\/?page_id=799\" class=\"more-link\"><span class=\"screen-reader-text\">&#8222;Munkat\u00e1rsaink&#8221;<\/span> b\u0151vebben<\/a><\/p>\n","protected":false},"author":1,"featured_media":0,"parent":0,"menu_order":0,"comment_status":"open","ping_status":"open","template":"","meta":{"footnotes":""},"class_list":["post-799","page","type-page","status-publish","hentry"],"_links":{"self":[{"href":"http:\/\/www.chph.hu\/index.php?rest_route=\/wp\/v2\/pages\/799","targetHints":{"allow":["GET"]}}],"collection":[{"href":"http:\/\/www.chph.hu\/index.php?rest_route=\/wp\/v2\/pages"}],"about":[{"href":"http:\/\/www.chph.hu\/index.php?rest_route=\/wp\/v2\/types\/page"}],"author":[{"embeddable":true,"href":"http:\/\/www.chph.hu\/index.php?rest_route=\/wp\/v2\/users\/1"}],"replies":[{"embeddable":true,"href":"http:\/\/www.chph.hu\/index.php?rest_route=%2Fwp%2Fv2%2Fcomments&post=799"}],"version-history":[{"count":81,"href":"http:\/\/www.chph.hu\/index.php?rest_route=\/wp\/v2\/pages\/799\/revisions"}],"predecessor-version":[{"id":2107,"href":"http:\/\/www.chph.hu\/index.php?rest_route=\/wp\/v2\/pages\/799\/revisions\/2107"}],"wp:attachment":[{"href":"http:\/\/www.chph.hu\/index.php?rest_route=%2Fwp%2Fv2%2Fmedia&parent=799"}],"curies":[{"name":"wp","href":"https:\/\/api.w.org\/{rel}","templated":true}]}}